{"id":9920,"date":"2024-04-12T23:05:17","date_gmt":"2024-04-12T21:05:17","guid":{"rendered":"https:\/\/www.party24.cz\/?post_type=product&#038;p=9920"},"modified":"2025-08-07T08:19:39","modified_gmt":"2025-08-07T06:19:39","slug":"slehackova-bomba-exotic-whip-2kg-jahoda","status":"publish","type":"product","link":"https:\/\/www.party24.cz\/en\/produkt\/slehackova-bomba-exotic-whip-2kg-jahoda\/","title":{"rendered":"\u0160leha\u010dkov\u00e1 bomba Exotic Whip 2kg &#8211; Jahoda"},"content":{"rendered":"","protected":false},"excerpt":{"rendered":"<p>Pro ty, kdo hledaj\u00ed okam\u017eitou a jednoduchou cestu k vytvo\u0159en\u00ed dokonal\u00e9 \u0161leha\u010dky, p\u0159in\u00e1\u0161\u00edme Exotic Whip \u0160leha\u010dkovou Bombu o hmotnosti 2 kg s p\u0159\u00edchut\u00ed jahoda. Tato \u0161leha\u010dkov\u00e1 bomba je vybavena oxidem dusn\u00fdm N2O E942 a je ur\u010dena k jednor\u00e1zov\u00e9mu pou\u017eit\u00ed.<\/p>\n","protected":false},"featured_media":14868,"template":"","meta":[],"product_cat":[109],"product_tag":[],"acf":[],"yoast_head":"<!-- This site is optimized with the Yoast SEO Premium plugin v15.2.1 - https:\/\/yoast.com\/wordpress\/plugins\/seo\/ -->\n<meta name=\"description\" content=\"Rozv\u00e1\u017e\u00edme Exotic Whip \u0160leha\u010dkovou Bombu o hmotnosti 2kg s p\u0159\u00edchut\u00ed jahoda. Tato \u0161leha\u010dkov\u00e1 bomba je vybavena oxidem dusn\u00fdm N2O E942 a je ur\u010dena k jednor\u00e1zov\u00e9mu pou\u017eit\u00ed.\" \/>\n<meta name=\"robots\" content=\"index, follow, max-snippet:-1, max-image-preview:large, max-video-preview:-1\" \/>\n<link rel=\"canonical\" href=\"https:\/\/www.party24.cz\/produkt\/slehackova-bomba-exotic-whip-2kg-jahoda\/\" \/>\n<meta property=\"og:locale\" content=\"en_US\" \/>\n<meta property=\"og:type\" content=\"article\" \/>\n<meta property=\"og:title\" content=\"\u0160leha\u010dkov\u00e1 bomba Exotic Whip 2kg - Jahoda - Nonstop Rozvoz - Party24\" \/>\n<meta property=\"og:description\" content=\"Rozv\u00e1\u017e\u00edme Exotic Whip \u0160leha\u010dkovou Bombu o hmotnosti 2kg s p\u0159\u00edchut\u00ed jahoda. Tato \u0161leha\u010dkov\u00e1 bomba je vybavena oxidem dusn\u00fdm N2O E942 a je ur\u010dena k jednor\u00e1zov\u00e9mu pou\u017eit\u00ed.\" \/>\n<meta property=\"og:url\" content=\"https:\/\/www.party24.cz\/produkt\/slehackova-bomba-exotic-whip-2kg-jahoda\/\" \/>\n<meta property=\"og:site_name\" content=\"Party24\" \/>\n<meta property=\"article:publisher\" content=\"https:\/\/www.facebook.com\/party24.cz\" \/>\n<meta property=\"article:modified_time\" content=\"2025-08-07T06:19:39+00:00\" \/>\n<meta property=\"og:image\" content=\"https:\/\/www.party24.cz\/wp-content\/uploads\/2025\/03\/Exotic-Whip-Slehackova-bomba-2000-g-Jahoda.jpeg\" \/>\n\t<meta property=\"og:image:width\" content=\"500\" \/>\n\t<meta property=\"og:image:height\" content=\"500\" \/>\n<meta name=\"twitter:card\" content=\"summary_large_image\" \/>\n<meta name=\"twitter:label1\" content=\"Written by\">\n\t<meta name=\"twitter:data1\" content=\"Test Test\">\n<script type=\"application\/ld+json\" class=\"yoast-schema-graph\">{\"@context\":\"https:\/\/schema.org\",\"@graph\":[{\"@type\":\"Organization\",\"@id\":\"https:\/\/www.party24.cz\/#organization\",\"name\":\"Party 24\",\"url\":\"https:\/\/www.party24.cz\/\",\"sameAs\":[\"https:\/\/www.facebook.com\/party24.cz\",\"https:\/\/www.instagram.com\/party24.cz\/\",\"https:\/\/www.youtube.com\/@party2457\"],\"logo\":{\"@type\":\"ImageObject\",\"@id\":\"https:\/\/www.party24.cz\/#logo\",\"inLanguage\":\"en-US\",\"url\":\"https:\/\/www.party24.cz\/wp-content\/uploads\/2022\/05\/logo_180x180.png\",\"width\":180,\"height\":180,\"caption\":\"Party 24\"},\"image\":{\"@id\":\"https:\/\/www.party24.cz\/#logo\"}},{\"@type\":\"WebSite\",\"@id\":\"https:\/\/www.party24.cz\/#website\",\"url\":\"https:\/\/www.party24.cz\/\",\"name\":\"Party24\",\"description\":\"Nonstop rozvoz alkoholu v Praze\",\"publisher\":{\"@id\":\"https:\/\/www.party24.cz\/#organization\"},\"potentialAction\":[{\"@type\":\"SearchAction\",\"target\":\"https:\/\/www.party24.cz\/?s={search_term_string}\",\"query-input\":\"required name=search_term_string\"}],\"inLanguage\":\"en-US\"},{\"@type\":\"ImageObject\",\"@id\":\"https:\/\/www.party24.cz\/produkt\/slehackova-bomba-exotic-whip-2kg-jahoda\/#primaryimage\",\"inLanguage\":\"en-US\",\"url\":\"https:\/\/www.party24.cz\/wp-content\/uploads\/2025\/03\/Exotic-Whip-Slehackova-bomba-2000-g-Jahoda.jpeg\",\"width\":500,\"height\":500},{\"@type\":\"WebPage\",\"@id\":\"https:\/\/www.party24.cz\/produkt\/slehackova-bomba-exotic-whip-2kg-jahoda\/#webpage\",\"url\":\"https:\/\/www.party24.cz\/produkt\/slehackova-bomba-exotic-whip-2kg-jahoda\/\",\"name\":\"\\u0160leha\\u010dkov\\u00e1 bomba Exotic Whip 2kg - Jahoda - Nonstop Rozvoz - Party24\",\"isPartOf\":{\"@id\":\"https:\/\/www.party24.cz\/#website\"},\"primaryImageOfPage\":{\"@id\":\"https:\/\/www.party24.cz\/produkt\/slehackova-bomba-exotic-whip-2kg-jahoda\/#primaryimage\"},\"datePublished\":\"2024-04-12T21:05:17+00:00\",\"dateModified\":\"2025-08-07T06:19:39+00:00\",\"description\":\"Rozv\\u00e1\\u017e\\u00edme Exotic Whip \\u0160leha\\u010dkovou Bombu o hmotnosti 2kg s p\\u0159\\u00edchut\\u00ed jahoda. Tato \\u0161leha\\u010dkov\\u00e1 bomba je vybavena oxidem dusn\\u00fdm N2O E942 a je ur\\u010dena k jednor\\u00e1zov\\u00e9mu pou\\u017eit\\u00ed.\",\"inLanguage\":\"en-US\",\"potentialAction\":[{\"@type\":\"ReadAction\",\"target\":[\"https:\/\/www.party24.cz\/produkt\/slehackova-bomba-exotic-whip-2kg-jahoda\/\"]}]}]}<\/script>\n<!-- \/ Yoast SEO Premium plugin. -->","_links":{"self":[{"href":"https:\/\/www.party24.cz\/en\/wp-json\/wp\/v2\/product\/9920"}],"collection":[{"href":"https:\/\/www.party24.cz\/en\/wp-json\/wp\/v2\/product"}],"about":[{"href":"https:\/\/www.party24.cz\/en\/wp-json\/wp\/v2\/types\/product"}],"wp:featuredmedia":[{"embeddable":true,"href":"https:\/\/www.party24.cz\/en\/wp-json\/wp\/v2\/media\/14868"}],"wp:attachment":[{"href":"https:\/\/www.party24.cz\/en\/wp-json\/wp\/v2\/media?parent=9920"}],"wp:term":[{"taxonomy":"product_cat","embeddable":true,"href":"https:\/\/www.party24.cz\/en\/wp-json\/wp\/v2\/product_cat?post=9920"},{"taxonomy":"product_tag","embeddable":true,"href":"https:\/\/www.party24.cz\/en\/wp-json\/wp\/v2\/product_tag?post=9920"}],"curies":[{"name":"wp","href":"https:\/\/api.w.org\/{rel}","templated":true}]}}