{"id":9911,"date":"2024-04-12T22:29:33","date_gmt":"2024-04-12T20:29:33","guid":{"rendered":"https:\/\/www.party24.cz\/?post_type=product&#038;p=9911"},"modified":"2025-03-15T01:34:16","modified_gmt":"2025-03-15T00:34:16","slug":"slehackova-bomba-exotic-whip-2kg","status":"publish","type":"product","link":"https:\/\/www.party24.cz\/en\/produkt\/slehackova-bomba-exotic-whip-2kg\/","title":{"rendered":"\u0160leha\u010dkov\u00e1 bomba Exotic Whip 2kg &#8211; Original"},"content":{"rendered":"","protected":false},"excerpt":{"rendered":"<p>\u0160leha\u010dkov\u00e1 bomba s rajsk\u00fdm plynem (oxid dusn\u00fd) pro profi i dom\u00e1c\u00ed pou\u017eit\u00ed. Rychl\u00fd prodej a doru\u010den\u00ed! Exotic Whip p\u0159edstavuje revolu\u010dn\u00ed \u0159e\u0161en\u00ed pro p\u0159\u00edpravu \u0161leha\u010dky, p\u011bn a dal\u0161\u00edch kulin\u00e1\u0159sk\u00fdch specialit. Tato <strong>\u0161leha\u010dkov\u00e1 bomba o hmotnosti 2000g (2kg)<\/strong> obsahuje <strong>rajsk\u00fd plyn (oxid dusn\u00fd)<\/strong>, kter\u00fd je obl\u00edben\u00fdm pomocn\u00edkem nejen v profesion\u00e1ln\u00ed gastronomii, ale i v dom\u00e1c\u00edch kuchyn\u00edch. V\u00fdhodou tohoto produktu je jeho v\u0161estrann\u00e9 vyu\u017eit\u00ed, a to jak p\u0159i p\u0159\u00edprav\u011b tradi\u010dn\u00edch dezert\u016f, tak p\u0159i modern\u00edch kulin\u00e1\u0159sk\u00fdch technik\u00e1ch.<\/p>\n<p>Unik\u00e1tnost\u00ed Exotic Whip jsou tak\u00e9 p\u0159\u00edchut\u011b <strong>jahoda a kokos<\/strong>, kter\u00e9 umo\u017e\u0148uj\u00ed dodat va\u0161im pokrm\u016fm nejen nad\u00fdchanou konzistenci, ale i jedine\u010dnou chu\u0165. Rajsk\u00fd plyn se d\u00edky sv\u00fdm vlastnostem dokonale spojuje s ingrediencemi a vytv\u00e1\u0159\u00ed lehk\u00e9 a kr\u00e9mov\u00e9 textury.<\/p>\n<p>Produkt je dostupn\u00fd k prodeji a ide\u00e1ln\u00ed pro v\u0161echny, kdo hledaj\u00ed kvalitn\u00ed a ekonomick\u00e9 \u0159e\u0161en\u00ed s dlouhou v\u00fddr\u017e\u00ed. Doru\u010den\u00ed prob\u00edh\u00e1 rychle a spolehliv\u011b po cel\u00e9 \u010cesk\u00e9 republice. S Exotic Whip posunete sv\u00e9 kulin\u00e1\u0159sk\u00e9 dovednosti na zcela novou \u00farove\u0148!<\/p>\n","protected":false},"featured_media":14866,"template":"","meta":[],"product_cat":[109],"product_tag":[],"acf":[],"yoast_head":"<!-- This site is optimized with the Yoast SEO Premium plugin v15.2.1 - https:\/\/yoast.com\/wordpress\/plugins\/seo\/ -->\n<meta name=\"description\" content=\"Exotic Whip 2000g (2kg) jahoda a kokos. \u0160leha\u010dkov\u00e1 bomba (rajsk\u00fd plyn, oxid dusn\u00fd) pro profi i dom\u00e1c\u00ed pou\u017eit\u00ed. Rychl\u00fd prodej a doru\u010den\u00ed!\" \/>\n<meta name=\"robots\" content=\"index, follow, max-snippet:-1, max-image-preview:large, max-video-preview:-1\" \/>\n<link rel=\"canonical\" href=\"https:\/\/www.party24.cz\/produkt\/slehackova-bomba-exotic-whip-2kg\/\" \/>\n<meta property=\"og:locale\" content=\"en_US\" \/>\n<meta property=\"og:type\" content=\"article\" \/>\n<meta property=\"og:title\" content=\"\u0160leha\u010dkov\u00e1 bomba Exotic Whip 2kg - Original - Nonstop Rozvoz - Party24\" \/>\n<meta property=\"og:description\" content=\"Exotic Whip 2000g (2kg) jahoda a kokos. \u0160leha\u010dkov\u00e1 bomba (rajsk\u00fd plyn, oxid dusn\u00fd) pro profi i dom\u00e1c\u00ed pou\u017eit\u00ed. Rychl\u00fd prodej a doru\u010den\u00ed!\" \/>\n<meta property=\"og:url\" content=\"https:\/\/www.party24.cz\/produkt\/slehackova-bomba-exotic-whip-2kg\/\" \/>\n<meta property=\"og:site_name\" content=\"Party24\" \/>\n<meta property=\"article:publisher\" content=\"https:\/\/www.facebook.com\/party24.cz\" \/>\n<meta property=\"article:modified_time\" content=\"2025-03-15T00:34:16+00:00\" \/>\n<meta property=\"og:image\" content=\"https:\/\/www.party24.cz\/wp-content\/uploads\/2025\/03\/Exotic-Whip-Slehackova-bomba-2000-g-Original.jpeg\" \/>\n\t<meta property=\"og:image:width\" content=\"500\" \/>\n\t<meta property=\"og:image:height\" content=\"500\" \/>\n<meta name=\"twitter:card\" content=\"summary_large_image\" \/>\n<meta name=\"twitter:label1\" content=\"Written by\">\n\t<meta name=\"twitter:data1\" content=\"Test Test\">\n<script type=\"application\/ld+json\" class=\"yoast-schema-graph\">{\"@context\":\"https:\/\/schema.org\",\"@graph\":[{\"@type\":\"Organization\",\"@id\":\"https:\/\/www.party24.cz\/#organization\",\"name\":\"Party 24\",\"url\":\"https:\/\/www.party24.cz\/\",\"sameAs\":[\"https:\/\/www.facebook.com\/party24.cz\",\"https:\/\/www.instagram.com\/party24.cz\/\",\"https:\/\/www.youtube.com\/@party2457\"],\"logo\":{\"@type\":\"ImageObject\",\"@id\":\"https:\/\/www.party24.cz\/#logo\",\"inLanguage\":\"en-US\",\"url\":\"https:\/\/www.party24.cz\/wp-content\/uploads\/2022\/05\/logo_180x180.png\",\"width\":180,\"height\":180,\"caption\":\"Party 24\"},\"image\":{\"@id\":\"https:\/\/www.party24.cz\/#logo\"}},{\"@type\":\"WebSite\",\"@id\":\"https:\/\/www.party24.cz\/#website\",\"url\":\"https:\/\/www.party24.cz\/\",\"name\":\"Party24\",\"description\":\"Nonstop rozvoz alkoholu v Praze\",\"publisher\":{\"@id\":\"https:\/\/www.party24.cz\/#organization\"},\"potentialAction\":[{\"@type\":\"SearchAction\",\"target\":\"https:\/\/www.party24.cz\/?s={search_term_string}\",\"query-input\":\"required name=search_term_string\"}],\"inLanguage\":\"en-US\"},{\"@type\":\"ImageObject\",\"@id\":\"https:\/\/www.party24.cz\/produkt\/slehackova-bomba-exotic-whip-2kg\/#primaryimage\",\"inLanguage\":\"en-US\",\"url\":\"https:\/\/www.party24.cz\/wp-content\/uploads\/2025\/03\/Exotic-Whip-Slehackova-bomba-2000-g-Original.jpeg\",\"width\":500,\"height\":500},{\"@type\":\"WebPage\",\"@id\":\"https:\/\/www.party24.cz\/produkt\/slehackova-bomba-exotic-whip-2kg\/#webpage\",\"url\":\"https:\/\/www.party24.cz\/produkt\/slehackova-bomba-exotic-whip-2kg\/\",\"name\":\"\\u0160leha\\u010dkov\\u00e1 bomba Exotic Whip 2kg - Original - Nonstop Rozvoz - Party24\",\"isPartOf\":{\"@id\":\"https:\/\/www.party24.cz\/#website\"},\"primaryImageOfPage\":{\"@id\":\"https:\/\/www.party24.cz\/produkt\/slehackova-bomba-exotic-whip-2kg\/#primaryimage\"},\"datePublished\":\"2024-04-12T20:29:33+00:00\",\"dateModified\":\"2025-03-15T00:34:16+00:00\",\"description\":\"Exotic Whip 2000g (2kg) jahoda a kokos. \\u0160leha\\u010dkov\\u00e1 bomba (rajsk\\u00fd plyn, oxid dusn\\u00fd) pro profi i dom\\u00e1c\\u00ed pou\\u017eit\\u00ed. Rychl\\u00fd prodej a doru\\u010den\\u00ed!\",\"inLanguage\":\"en-US\",\"potentialAction\":[{\"@type\":\"ReadAction\",\"target\":[\"https:\/\/www.party24.cz\/produkt\/slehackova-bomba-exotic-whip-2kg\/\"]}]}]}<\/script>\n<!-- \/ Yoast SEO Premium plugin. -->","_links":{"self":[{"href":"https:\/\/www.party24.cz\/en\/wp-json\/wp\/v2\/product\/9911"}],"collection":[{"href":"https:\/\/www.party24.cz\/en\/wp-json\/wp\/v2\/product"}],"about":[{"href":"https:\/\/www.party24.cz\/en\/wp-json\/wp\/v2\/types\/product"}],"wp:featuredmedia":[{"embeddable":true,"href":"https:\/\/www.party24.cz\/en\/wp-json\/wp\/v2\/media\/14866"}],"wp:attachment":[{"href":"https:\/\/www.party24.cz\/en\/wp-json\/wp\/v2\/media?parent=9911"}],"wp:term":[{"taxonomy":"product_cat","embeddable":true,"href":"https:\/\/www.party24.cz\/en\/wp-json\/wp\/v2\/product_cat?post=9911"},{"taxonomy":"product_tag","embeddable":true,"href":"https:\/\/www.party24.cz\/en\/wp-json\/wp\/v2\/product_tag?post=9911"}],"curies":[{"name":"wp","href":"https:\/\/api.w.org\/{rel}","templated":true}]}}