{"id":9869,"date":"2024-04-08T17:15:50","date_gmt":"2024-04-08T15:15:50","guid":{"rendered":"https:\/\/www.party24.cz\/?post_type=product&#038;p=9869"},"modified":"2025-06-22T08:03:02","modified_gmt":"2025-06-22T06:03:02","slug":"led-kostkovy-18kg","status":"publish","type":"product","link":"https:\/\/www.party24.cz\/en\/produkt\/led-kostkovy-18kg\/","title":{"rendered":"Led kostkov\u00fd 18kg"},"content":{"rendered":"<p>Zv\u00fdhodn\u011bn\u00e9 balen\u00ed kostkov\u00e9ho ledu, 18kg<\/p>\n<p>Kostkov\u00fd led vyroben\u00fd ze\u00a0100% pitn\u00e9 vody, hygienicky balen\u00fd<\/p>\n","protected":false},"excerpt":{"rendered":"<p>Zv\u00fdhodn\u011bn\u00e9 balen\u00ed kostkov\u00e9ho ledu, 18kg<\/p>\n<p>Kostkov\u00fd led vyroben\u00fd ze\u00a0100% pitn\u00e9 vody, hygienicky balen\u00fd<\/p>\n","protected":false},"featured_media":2659,"template":"","meta":[],"product_cat":[108],"product_tag":[],"acf":[],"yoast_head":"<!-- This site is optimized with the Yoast SEO Premium plugin v15.2.1 - https:\/\/yoast.com\/wordpress\/plugins\/seo\/ -->\n<meta name=\"description\" content=\"Nonstop rozvoz ledu Praha. Domu nebo na p\u00e1rty, klubu nebo restaurace\" \/>\n<meta name=\"robots\" content=\"index, follow, max-snippet:-1, max-image-preview:large, max-video-preview:-1\" \/>\n<link rel=\"canonical\" href=\"https:\/\/www.party24.cz\/produkt\/led-kostkovy-18kg\/\" \/>\n<meta property=\"og:locale\" content=\"en_US\" \/>\n<meta property=\"og:type\" content=\"article\" \/>\n<meta property=\"og:title\" content=\"Rychl\u00fd rozvoz ledu Praha - Nonstop\" \/>\n<meta property=\"og:description\" content=\"Nonstop rozvoz ledu Praha. Domu nebo na p\u00e1rty, klubu nebo restaurace\" \/>\n<meta property=\"og:url\" content=\"https:\/\/www.party24.cz\/produkt\/led-kostkovy-18kg\/\" \/>\n<meta property=\"og:site_name\" content=\"Party24\" \/>\n<meta property=\"article:publisher\" content=\"https:\/\/www.facebook.com\/party24.cz\" \/>\n<meta property=\"article:modified_time\" content=\"2025-06-22T06:03:02+00:00\" \/>\n<meta property=\"og:image\" content=\"https:\/\/www.party24.cz\/wp-content\/uploads\/2022\/07\/Led-kopie-2.jpg\" \/>\n\t<meta property=\"og:image:width\" content=\"1200\" \/>\n\t<meta property=\"og:image:height\" content=\"1200\" \/>\n<meta name=\"twitter:card\" content=\"summary_large_image\" \/>\n<meta name=\"twitter:label1\" content=\"Written by\">\n\t<meta name=\"twitter:data1\" content=\"Test Test\">\n\t<meta name=\"twitter:label2\" content=\"Est. reading time\">\n\t<meta name=\"twitter:data2\" content=\"0 minutes\">\n<script type=\"application\/ld+json\" class=\"yoast-schema-graph\">{\"@context\":\"https:\/\/schema.org\",\"@graph\":[{\"@type\":\"Organization\",\"@id\":\"https:\/\/www.party24.cz\/#organization\",\"name\":\"Party 24\",\"url\":\"https:\/\/www.party24.cz\/\",\"sameAs\":[\"https:\/\/www.facebook.com\/party24.cz\",\"https:\/\/www.instagram.com\/party24.cz\/\",\"https:\/\/www.youtube.com\/@party2457\"],\"logo\":{\"@type\":\"ImageObject\",\"@id\":\"https:\/\/www.party24.cz\/#logo\",\"inLanguage\":\"en-US\",\"url\":\"https:\/\/www.party24.cz\/wp-content\/uploads\/2022\/05\/logo_180x180.png\",\"width\":180,\"height\":180,\"caption\":\"Party 24\"},\"image\":{\"@id\":\"https:\/\/www.party24.cz\/#logo\"}},{\"@type\":\"WebSite\",\"@id\":\"https:\/\/www.party24.cz\/#website\",\"url\":\"https:\/\/www.party24.cz\/\",\"name\":\"Party24\",\"description\":\"Nonstop rozvoz alkoholu v Praze\",\"publisher\":{\"@id\":\"https:\/\/www.party24.cz\/#organization\"},\"potentialAction\":[{\"@type\":\"SearchAction\",\"target\":\"https:\/\/www.party24.cz\/?s={search_term_string}\",\"query-input\":\"required name=search_term_string\"}],\"inLanguage\":\"en-US\"},{\"@type\":\"ImageObject\",\"@id\":\"https:\/\/www.party24.cz\/produkt\/led-kostkovy-18kg\/#primaryimage\",\"inLanguage\":\"en-US\",\"url\":\"https:\/\/www.party24.cz\/wp-content\/uploads\/2022\/07\/Led-kopie-2.jpg\",\"width\":1200,\"height\":1200},{\"@type\":\"WebPage\",\"@id\":\"https:\/\/www.party24.cz\/produkt\/led-kostkovy-18kg\/#webpage\",\"url\":\"https:\/\/www.party24.cz\/produkt\/led-kostkovy-18kg\/\",\"name\":\"Rychl\\u00fd rozvoz ledu Praha - Nonstop\",\"isPartOf\":{\"@id\":\"https:\/\/www.party24.cz\/#website\"},\"primaryImageOfPage\":{\"@id\":\"https:\/\/www.party24.cz\/produkt\/led-kostkovy-18kg\/#primaryimage\"},\"datePublished\":\"2024-04-08T15:15:50+00:00\",\"dateModified\":\"2025-06-22T06:03:02+00:00\",\"description\":\"Nonstop rozvoz ledu Praha. Domu nebo na p\\u00e1rty, klubu nebo restaurace\",\"inLanguage\":\"en-US\",\"potentialAction\":[{\"@type\":\"ReadAction\",\"target\":[\"https:\/\/www.party24.cz\/produkt\/led-kostkovy-18kg\/\"]}]}]}<\/script>\n<!-- \/ Yoast SEO Premium plugin. -->","_links":{"self":[{"href":"https:\/\/www.party24.cz\/en\/wp-json\/wp\/v2\/product\/9869"}],"collection":[{"href":"https:\/\/www.party24.cz\/en\/wp-json\/wp\/v2\/product"}],"about":[{"href":"https:\/\/www.party24.cz\/en\/wp-json\/wp\/v2\/types\/product"}],"wp:featuredmedia":[{"embeddable":true,"href":"https:\/\/www.party24.cz\/en\/wp-json\/wp\/v2\/media\/2659"}],"wp:attachment":[{"href":"https:\/\/www.party24.cz\/en\/wp-json\/wp\/v2\/media?parent=9869"}],"wp:term":[{"taxonomy":"product_cat","embeddable":true,"href":"https:\/\/www.party24.cz\/en\/wp-json\/wp\/v2\/product_cat?post=9869"},{"taxonomy":"product_tag","embeddable":true,"href":"https:\/\/www.party24.cz\/en\/wp-json\/wp\/v2\/product_tag?post=9869"}],"curies":[{"name":"wp","href":"https:\/\/api.w.org\/{rel}","templated":true}]}}