{"id":9695,"date":"2024-03-24T11:41:43","date_gmt":"2024-03-24T10:41:43","guid":{"rendered":"https:\/\/www.party24.cz\/?post_type=product&#038;p=9695"},"modified":"2024-11-23T10:05:58","modified_gmt":"2024-11-23T09:05:58","slug":"chardonnay-fiore-mio-075l-31","status":"publish","type":"product","link":"https:\/\/www.party24.cz\/en\/produkt\/chardonnay-fiore-mio-075l-31\/","title":{"rendered":"Chardonnay Fiore Mio 0,75l | 3+1 zdarma"},"content":{"rendered":"<p>Chardonnay Fiore Mio<\/p>\n","protected":false},"excerpt":{"rendered":"<p>Polosladk\u00e9 b\u00edl\u00e9 v\u00edno. Vyr\u00e1b\u00ed se z v\u00fdb\u011brov\u00fdch hrozn\u016f odr\u016fdy Chardonnay, je\u017e se p\u011bstuje v ji\u017en\u00ed \u010d\u00e1sti Moldavska. Pro toto v\u00edno, ve kter\u00e9m se snoub\u00ed intenzivn\u00ed chu\u0165 tropick\u00e9ho ovoce a hru\u0161ek, je charakteristick\u00e9 dokonal\u00e9 spojen\u00ed bohatosti chuti a prost\u00e9 elegance. Lehk\u00e9, sv\u011b\u017e\u00ed, s intenz\u00edvn\u00ed v\u016fn\u00ed a chut\u00ed. M\u00e1 typickou na\u017eloutlou barvu, aroma lu\u010dn\u00edho kv\u00edt\u00ed s ovocn\u00fdmi t\u00f3ny. V chuti je v\u00edno s t\u00f3ny kiwi \u010di \u017eel\u00e9. Nakonec upout\u00e1 pikantn\u00ed kyselinka, kter\u00e1 tvo\u0159\u00ed p\u0159\u00edjemnou dochu\u0165.<\/p>\n<p>Objem: 0,75l<br \/>\nObash alkoholu: 12% obj.<\/p>\n","protected":false},"featured_media":9698,"template":"","meta":[],"product_cat":[44,51],"product_tag":[94,95,96],"acf":[],"yoast_head":"<!-- This site is optimized with the Yoast SEO Premium plugin v15.2.1 - https:\/\/yoast.com\/wordpress\/plugins\/seo\/ -->\n<meta name=\"description\" content=\"Nonstop rozvoz alkoholu Praha. Domu nebo na p\u00e1rty.\" \/>\n<meta name=\"robots\" content=\"index, follow, max-snippet:-1, max-image-preview:large, max-video-preview:-1\" \/>\n<link rel=\"canonical\" href=\"https:\/\/www.party24.cz\/produkt\/chardonnay-fiore-mio-075l-31\/\" \/>\n<meta property=\"og:locale\" content=\"en_US\" \/>\n<meta property=\"og:type\" content=\"article\" \/>\n<meta property=\"og:title\" content=\"Rozvoz 24 hodin, 7 dn\u016f v t\u00fddnu\" \/>\n<meta property=\"og:description\" content=\"Nonstop rozvoz alkoholu Praha. Domu nebo na p\u00e1rty.\" \/>\n<meta property=\"og:url\" content=\"https:\/\/www.party24.cz\/produkt\/chardonnay-fiore-mio-075l-31\/\" \/>\n<meta property=\"og:site_name\" content=\"Party24\" \/>\n<meta property=\"article:publisher\" content=\"https:\/\/www.facebook.com\/party24.cz\" \/>\n<meta property=\"article:modified_time\" content=\"2024-11-23T09:05:58+00:00\" \/>\n<meta property=\"og:image\" content=\"https:\/\/www.party24.cz\/wp-content\/uploads\/2024\/03\/Fioreakce.jpg\" \/>\n\t<meta property=\"og:image:width\" content=\"1200\" \/>\n\t<meta property=\"og:image:height\" content=\"1200\" \/>\n<meta name=\"twitter:card\" content=\"summary_large_image\" \/>\n<meta name=\"twitter:label1\" content=\"Written by\">\n\t<meta name=\"twitter:data1\" content=\"Test Test\">\n\t<meta name=\"twitter:label2\" content=\"Est. reading time\">\n\t<meta name=\"twitter:data2\" content=\"0 minutes\">\n<script type=\"application\/ld+json\" class=\"yoast-schema-graph\">{\"@context\":\"https:\/\/schema.org\",\"@graph\":[{\"@type\":\"Organization\",\"@id\":\"https:\/\/www.party24.cz\/#organization\",\"name\":\"Party 24\",\"url\":\"https:\/\/www.party24.cz\/\",\"sameAs\":[\"https:\/\/www.facebook.com\/party24.cz\",\"https:\/\/www.instagram.com\/party24.cz\/\",\"https:\/\/www.youtube.com\/@party2457\"],\"logo\":{\"@type\":\"ImageObject\",\"@id\":\"https:\/\/www.party24.cz\/#logo\",\"inLanguage\":\"en-US\",\"url\":\"https:\/\/www.party24.cz\/wp-content\/uploads\/2022\/05\/logo_180x180.png\",\"width\":180,\"height\":180,\"caption\":\"Party 24\"},\"image\":{\"@id\":\"https:\/\/www.party24.cz\/#logo\"}},{\"@type\":\"WebSite\",\"@id\":\"https:\/\/www.party24.cz\/#website\",\"url\":\"https:\/\/www.party24.cz\/\",\"name\":\"Party24\",\"description\":\"Nonstop rozvoz alkoholu v Praze\",\"publisher\":{\"@id\":\"https:\/\/www.party24.cz\/#organization\"},\"potentialAction\":[{\"@type\":\"SearchAction\",\"target\":\"https:\/\/www.party24.cz\/?s={search_term_string}\",\"query-input\":\"required name=search_term_string\"}],\"inLanguage\":\"en-US\"},{\"@type\":\"ImageObject\",\"@id\":\"https:\/\/www.party24.cz\/produkt\/chardonnay-fiore-mio-075l-31\/#primaryimage\",\"inLanguage\":\"en-US\",\"url\":\"https:\/\/www.party24.cz\/wp-content\/uploads\/2024\/03\/Fioreakce.jpg\",\"width\":1200,\"height\":1200},{\"@type\":\"WebPage\",\"@id\":\"https:\/\/www.party24.cz\/produkt\/chardonnay-fiore-mio-075l-31\/#webpage\",\"url\":\"https:\/\/www.party24.cz\/produkt\/chardonnay-fiore-mio-075l-31\/\",\"name\":\"Rozvoz 24 hodin, 7 dn\\u016f v t\\u00fddnu\",\"isPartOf\":{\"@id\":\"https:\/\/www.party24.cz\/#website\"},\"primaryImageOfPage\":{\"@id\":\"https:\/\/www.party24.cz\/produkt\/chardonnay-fiore-mio-075l-31\/#primaryimage\"},\"datePublished\":\"2024-03-24T10:41:43+00:00\",\"dateModified\":\"2024-11-23T09:05:58+00:00\",\"description\":\"Nonstop rozvoz alkoholu Praha. Domu nebo na p\\u00e1rty.\",\"inLanguage\":\"en-US\",\"potentialAction\":[{\"@type\":\"ReadAction\",\"target\":[\"https:\/\/www.party24.cz\/produkt\/chardonnay-fiore-mio-075l-31\/\"]}]}]}<\/script>\n<!-- \/ Yoast SEO Premium plugin. -->","_links":{"self":[{"href":"https:\/\/www.party24.cz\/en\/wp-json\/wp\/v2\/product\/9695"}],"collection":[{"href":"https:\/\/www.party24.cz\/en\/wp-json\/wp\/v2\/product"}],"about":[{"href":"https:\/\/www.party24.cz\/en\/wp-json\/wp\/v2\/types\/product"}],"wp:featuredmedia":[{"embeddable":true,"href":"https:\/\/www.party24.cz\/en\/wp-json\/wp\/v2\/media\/9698"}],"wp:attachment":[{"href":"https:\/\/www.party24.cz\/en\/wp-json\/wp\/v2\/media?parent=9695"}],"wp:term":[{"taxonomy":"product_cat","embeddable":true,"href":"https:\/\/www.party24.cz\/en\/wp-json\/wp\/v2\/product_cat?post=9695"},{"taxonomy":"product_tag","embeddable":true,"href":"https:\/\/www.party24.cz\/en\/wp-json\/wp\/v2\/product_tag?post=9695"}],"curies":[{"name":"wp","href":"https:\/\/api.w.org\/{rel}","templated":true}]}}