{"id":8472,"date":"2023-12-10T21:32:44","date_gmt":"2023-12-10T20:32:44","guid":{"rendered":"https:\/\/www.party24.cz\/?post_type=product&#038;p=8472"},"modified":"2023-12-19T00:57:20","modified_gmt":"2023-12-18T23:57:20","slug":"6x-pilsner-urquell-12-2x-lays-maxx","status":"publish","type":"product","link":"https:\/\/www.party24.cz\/en\/produkt\/6x-pilsner-urquell-12-2x-lays-maxx\/","title":{"rendered":"6x Pilsner Urquell 12\u00b0 + 2x Lays Maxx"},"content":{"rendered":"","protected":false},"excerpt":{"rendered":"<p>Praktick\u00e9 balen\u00ed \u0161esti kus\u016f nejzn\u00e1m\u011bj\u0161\u00edho \u010desk\u00e9ho piva spolu se dv\u011bmi balen\u00edmi chips\u016f na zakousnut\u00ed<\/p>\n<p>Objem: 3l + 130g<br \/>\nObsah alkoholu: 4,4% obj.<\/p>\n","protected":false},"featured_media":8564,"template":"","meta":[],"product_cat":[41,51],"product_tag":[],"acf":[],"yoast_head":"<!-- This site is optimized with the Yoast SEO Premium plugin v15.2.1 - https:\/\/yoast.com\/wordpress\/plugins\/seo\/ -->\n<meta name=\"description\" content=\"Rozvoz alkoholick\u00fdch n\u00e1poj\u016f p\u0159\u00edmo k V\u00e1m na p\u00e1rty nebo domu. Zavolejte a do hodiny jsme i V\u00e1s.\" \/>\n<meta name=\"robots\" content=\"index, follow, max-snippet:-1, max-image-preview:large, max-video-preview:-1\" \/>\n<link rel=\"canonical\" href=\"https:\/\/www.party24.cz\/produkt\/6x-pilsner-urquell-12-2x-lays-maxx\/\" \/>\n<meta property=\"og:locale\" content=\"en_US\" \/>\n<meta property=\"og:type\" content=\"article\" \/>\n<meta property=\"og:title\" content=\"Rozvoz Praha 24\/7\" \/>\n<meta property=\"og:description\" content=\"Rozvoz alkoholick\u00fdch n\u00e1poj\u016f p\u0159\u00edmo k V\u00e1m na p\u00e1rty nebo domu. Zavolejte a do hodiny jsme i V\u00e1s.\" \/>\n<meta property=\"og:url\" content=\"https:\/\/www.party24.cz\/produkt\/6x-pilsner-urquell-12-2x-lays-maxx\/\" \/>\n<meta property=\"og:site_name\" content=\"Party24\" \/>\n<meta property=\"article:publisher\" content=\"https:\/\/www.facebook.com\/party24.cz\" \/>\n<meta property=\"article:modified_time\" content=\"2023-12-18T23:57:20+00:00\" \/>\n<meta property=\"og:image\" content=\"https:\/\/www.party24.cz\/wp-content\/uploads\/2023\/12\/6x-pilsnerlays-1.jpg\" \/>\n\t<meta property=\"og:image:width\" content=\"1200\" \/>\n\t<meta property=\"og:image:height\" content=\"1200\" \/>\n<meta name=\"twitter:card\" content=\"summary_large_image\" \/>\n<meta name=\"twitter:label1\" content=\"Written by\">\n\t<meta name=\"twitter:data1\" content=\"Test Test\">\n<script type=\"application\/ld+json\" class=\"yoast-schema-graph\">{\"@context\":\"https:\/\/schema.org\",\"@graph\":[{\"@type\":\"Organization\",\"@id\":\"https:\/\/www.party24.cz\/#organization\",\"name\":\"Party 24\",\"url\":\"https:\/\/www.party24.cz\/\",\"sameAs\":[\"https:\/\/www.facebook.com\/party24.cz\",\"https:\/\/www.instagram.com\/party24.cz\/\",\"https:\/\/www.youtube.com\/@party2457\"],\"logo\":{\"@type\":\"ImageObject\",\"@id\":\"https:\/\/www.party24.cz\/#logo\",\"inLanguage\":\"en-US\",\"url\":\"https:\/\/www.party24.cz\/wp-content\/uploads\/2022\/05\/logo_180x180.png\",\"width\":180,\"height\":180,\"caption\":\"Party 24\"},\"image\":{\"@id\":\"https:\/\/www.party24.cz\/#logo\"}},{\"@type\":\"WebSite\",\"@id\":\"https:\/\/www.party24.cz\/#website\",\"url\":\"https:\/\/www.party24.cz\/\",\"name\":\"Party24\",\"description\":\"Nonstop rozvoz alkoholu v Praze\",\"publisher\":{\"@id\":\"https:\/\/www.party24.cz\/#organization\"},\"potentialAction\":[{\"@type\":\"SearchAction\",\"target\":\"https:\/\/www.party24.cz\/?s={search_term_string}\",\"query-input\":\"required name=search_term_string\"}],\"inLanguage\":\"en-US\"},{\"@type\":\"ImageObject\",\"@id\":\"https:\/\/www.party24.cz\/produkt\/6x-pilsner-urquell-12-2x-lays-maxx\/#primaryimage\",\"inLanguage\":\"en-US\",\"url\":\"https:\/\/www.party24.cz\/wp-content\/uploads\/2023\/12\/6x-pilsnerlays-1.jpg\",\"width\":1200,\"height\":1200},{\"@type\":\"WebPage\",\"@id\":\"https:\/\/www.party24.cz\/produkt\/6x-pilsner-urquell-12-2x-lays-maxx\/#webpage\",\"url\":\"https:\/\/www.party24.cz\/produkt\/6x-pilsner-urquell-12-2x-lays-maxx\/\",\"name\":\"Rozvoz Praha 24\/7\",\"isPartOf\":{\"@id\":\"https:\/\/www.party24.cz\/#website\"},\"primaryImageOfPage\":{\"@id\":\"https:\/\/www.party24.cz\/produkt\/6x-pilsner-urquell-12-2x-lays-maxx\/#primaryimage\"},\"datePublished\":\"2023-12-10T20:32:44+00:00\",\"dateModified\":\"2023-12-18T23:57:20+00:00\",\"description\":\"Rozvoz alkoholick\\u00fdch n\\u00e1poj\\u016f p\\u0159\\u00edmo k V\\u00e1m na p\\u00e1rty nebo domu. Zavolejte a do hodiny jsme i V\\u00e1s.\",\"inLanguage\":\"en-US\",\"potentialAction\":[{\"@type\":\"ReadAction\",\"target\":[\"https:\/\/www.party24.cz\/produkt\/6x-pilsner-urquell-12-2x-lays-maxx\/\"]}]}]}<\/script>\n<!-- \/ Yoast SEO Premium plugin. -->","_links":{"self":[{"href":"https:\/\/www.party24.cz\/en\/wp-json\/wp\/v2\/product\/8472"}],"collection":[{"href":"https:\/\/www.party24.cz\/en\/wp-json\/wp\/v2\/product"}],"about":[{"href":"https:\/\/www.party24.cz\/en\/wp-json\/wp\/v2\/types\/product"}],"wp:featuredmedia":[{"embeddable":true,"href":"https:\/\/www.party24.cz\/en\/wp-json\/wp\/v2\/media\/8564"}],"wp:attachment":[{"href":"https:\/\/www.party24.cz\/en\/wp-json\/wp\/v2\/media?parent=8472"}],"wp:term":[{"taxonomy":"product_cat","embeddable":true,"href":"https:\/\/www.party24.cz\/en\/wp-json\/wp\/v2\/product_cat?post=8472"},{"taxonomy":"product_tag","embeddable":true,"href":"https:\/\/www.party24.cz\/en\/wp-json\/wp\/v2\/product_tag?post=8472"}],"curies":[{"name":"wp","href":"https:\/\/api.w.org\/{rel}","templated":true}]}}