{"id":2731,"date":"2022-07-15T09:04:22","date_gmt":"2022-07-15T07:04:22","guid":{"rendered":"https:\/\/party24.cz\/?post_type=product&#038;p=2731"},"modified":"2023-12-23T17:56:21","modified_gmt":"2023-12-23T16:56:21","slug":"gin-mare-07","status":"publish","type":"product","link":"https:\/\/www.party24.cz\/en\/produkt\/gin-mare-07\/","title":{"rendered":"Gin Mare 0,7"},"content":{"rendered":"","protected":false},"excerpt":{"rendered":"<p>Pr\u00e9miov\u00fd Gin ze \u0160pan\u011blska s typickou slanost\u00ed.K jeho v\u00fdrob\u011b se pou\u017e\u00edvaj\u00ed byliny, kter\u00e9 najdeme ve st\u0159edozemn\u00ed oblasti. Po boku tradi\u010dn\u00edch bylin jako jalovec, hork\u00e1 pomeran\u010dov\u00e1 k\u016fra, sevillsk\u00e1 pomeran\u010dov\u00e1 k\u016fra, citr\u00f3nov\u00e1 k\u016fra, kardamon a koriandr se pou\u017e\u00edvaj\u00ed ne tak typick\u00e9 arbequinsk\u00e9 olivy, bazalka, rozmar\u00fdn a tymi\u00e1n.<\/p>\n<p>Objem: 0,7l<br \/>\nObsah: 42,7% obj.<\/p>\n","protected":false},"featured_media":2808,"template":"","meta":[],"product_cat":[37],"product_tag":[],"acf":[],"yoast_head":"<!-- This site is optimized with the Yoast SEO Premium plugin v15.2.1 - https:\/\/yoast.com\/wordpress\/plugins\/seo\/ -->\n<meta name=\"description\" content=\"Rozv\u00e1\u017e\u00edme n\u00e1poje po Praze 24 hodin, 7 dn\u016f v t\u00fddnu - NONSTOP\" \/>\n<meta name=\"robots\" content=\"index, follow, max-snippet:-1, max-image-preview:large, max-video-preview:-1\" \/>\n<link rel=\"canonical\" href=\"https:\/\/www.party24.cz\/produkt\/gin-mare-07\/\" \/>\n<meta property=\"og:locale\" content=\"en_US\" \/>\n<meta property=\"og:type\" content=\"article\" \/>\n<meta property=\"og:title\" content=\"Rozvoz Praha 24\/7\" \/>\n<meta property=\"og:description\" content=\"Rozv\u00e1\u017e\u00edme n\u00e1poje po Praze 24 hodin, 7 dn\u016f v t\u00fddnu - NONSTOP\" \/>\n<meta property=\"og:url\" content=\"https:\/\/www.party24.cz\/produkt\/gin-mare-07\/\" \/>\n<meta property=\"og:site_name\" content=\"Party24\" \/>\n<meta property=\"article:publisher\" content=\"https:\/\/www.facebook.com\/party24.cz\" \/>\n<meta property=\"article:modified_time\" content=\"2023-12-23T16:56:21+00:00\" \/>\n<meta property=\"og:image\" content=\"https:\/\/www.party24.cz\/wp-content\/uploads\/2022\/07\/GinMaare.jpg\" \/>\n\t<meta property=\"og:image:width\" content=\"1200\" \/>\n\t<meta property=\"og:image:height\" content=\"1200\" \/>\n<meta name=\"twitter:card\" content=\"summary_large_image\" \/>\n<meta name=\"twitter:label1\" content=\"Written by\">\n\t<meta name=\"twitter:data1\" content=\"Filip V\u00e1rt\u00e1s\">\n<script type=\"application\/ld+json\" class=\"yoast-schema-graph\">{\"@context\":\"https:\/\/schema.org\",\"@graph\":[{\"@type\":\"Organization\",\"@id\":\"https:\/\/www.party24.cz\/#organization\",\"name\":\"Party 24\",\"url\":\"https:\/\/www.party24.cz\/\",\"sameAs\":[\"https:\/\/www.facebook.com\/party24.cz\",\"https:\/\/www.instagram.com\/party24.cz\/\",\"https:\/\/www.youtube.com\/@party2457\"],\"logo\":{\"@type\":\"ImageObject\",\"@id\":\"https:\/\/www.party24.cz\/#logo\",\"inLanguage\":\"en-US\",\"url\":\"https:\/\/www.party24.cz\/wp-content\/uploads\/2022\/05\/logo_180x180.png\",\"width\":180,\"height\":180,\"caption\":\"Party 24\"},\"image\":{\"@id\":\"https:\/\/www.party24.cz\/#logo\"}},{\"@type\":\"WebSite\",\"@id\":\"https:\/\/www.party24.cz\/#website\",\"url\":\"https:\/\/www.party24.cz\/\",\"name\":\"Party24\",\"description\":\"Nonstop rozvoz alkoholu v Praze\",\"publisher\":{\"@id\":\"https:\/\/www.party24.cz\/#organization\"},\"potentialAction\":[{\"@type\":\"SearchAction\",\"target\":\"https:\/\/www.party24.cz\/?s={search_term_string}\",\"query-input\":\"required name=search_term_string\"}],\"inLanguage\":\"en-US\"},{\"@type\":\"ImageObject\",\"@id\":\"https:\/\/www.party24.cz\/produkt\/gin-mare-07\/#primaryimage\",\"inLanguage\":\"en-US\",\"url\":\"https:\/\/www.party24.cz\/wp-content\/uploads\/2022\/07\/GinMaare.jpg\",\"width\":1200,\"height\":1200},{\"@type\":\"WebPage\",\"@id\":\"https:\/\/www.party24.cz\/produkt\/gin-mare-07\/#webpage\",\"url\":\"https:\/\/www.party24.cz\/produkt\/gin-mare-07\/\",\"name\":\"Rozvoz Praha 24\/7\",\"isPartOf\":{\"@id\":\"https:\/\/www.party24.cz\/#website\"},\"primaryImageOfPage\":{\"@id\":\"https:\/\/www.party24.cz\/produkt\/gin-mare-07\/#primaryimage\"},\"datePublished\":\"2022-07-15T07:04:22+00:00\",\"dateModified\":\"2023-12-23T16:56:21+00:00\",\"description\":\"Rozv\\u00e1\\u017e\\u00edme n\\u00e1poje po Praze 24 hodin, 7 dn\\u016f v t\\u00fddnu - NONSTOP\",\"inLanguage\":\"en-US\",\"potentialAction\":[{\"@type\":\"ReadAction\",\"target\":[\"https:\/\/www.party24.cz\/produkt\/gin-mare-07\/\"]}]}]}<\/script>\n<!-- \/ Yoast SEO Premium plugin. -->","_links":{"self":[{"href":"https:\/\/www.party24.cz\/en\/wp-json\/wp\/v2\/product\/2731"}],"collection":[{"href":"https:\/\/www.party24.cz\/en\/wp-json\/wp\/v2\/product"}],"about":[{"href":"https:\/\/www.party24.cz\/en\/wp-json\/wp\/v2\/types\/product"}],"wp:featuredmedia":[{"embeddable":true,"href":"https:\/\/www.party24.cz\/en\/wp-json\/wp\/v2\/media\/2808"}],"wp:attachment":[{"href":"https:\/\/www.party24.cz\/en\/wp-json\/wp\/v2\/media?parent=2731"}],"wp:term":[{"taxonomy":"product_cat","embeddable":true,"href":"https:\/\/www.party24.cz\/en\/wp-json\/wp\/v2\/product_cat?post=2731"},{"taxonomy":"product_tag","embeddable":true,"href":"https:\/\/www.party24.cz\/en\/wp-json\/wp\/v2\/product_tag?post=2731"}],"curies":[{"name":"wp","href":"https:\/\/api.w.org\/{rel}","templated":true}]}}