{"id":2728,"date":"2022-07-15T09:04:22","date_gmt":"2022-07-15T07:04:22","guid":{"rendered":"https:\/\/party24.cz\/?post_type=product&#038;p=2728"},"modified":"2022-12-25T12:37:55","modified_gmt":"2022-12-25T11:37:55","slug":"bohemia-sekt-ice-075l","status":"publish","type":"product","link":"https:\/\/www.party24.cz\/en\/produkt\/bohemia-sekt-ice-075l\/","title":{"rendered":"Bohemia Sekt ICE 0,75l"},"content":{"rendered":"","protected":false},"excerpt":{"rendered":"<p>Bohemia Sekt ICE je prvn\u00edm Bohemia Sektem pod\u00e1van\u00fdm na ledu. Podmaniv\u00e9 t\u00f3ny Chardonnay a aromatick\u00fdch odr\u016fd jsou doslova stvo\u0159eny pro kombinaci s chladiv\u00fdmi kostkami ledu v objet\u00ed bublinek. Barva tohoto charmatov\u00e9ho sektu je st\u0159edn\u011b zlatav\u00e1 s m\u00edrn\u00fdmi zelenkav\u00fdmi odlesky a elegantn\u00edm \u0159et\u00edzkov\u00e1n\u00edm. Ve v\u016fni je sekt velice p\u0159\u00edjemn\u00fd s ovocn\u00fdmi t\u00f3ny a sladk\u00fdm n\u00e1znakem medu. Chu\u0165 je \u0161\u0165avnat\u00e1 a osv\u011b\u017euj\u00edc\u00ed a pozitivn\u011b se v n\u00ed projevuje ovoce jako zral\u00e9 hru\u0161ky, jablka nebo broskve, na jazyku p\u0159\u00edjemn\u011b perl\u00ed. Bohemia Sekt Ice si naplno vychutn\u00e1te ve v\u011bt\u0161\u00ed vinn\u00e9 sklence s kostkami ledu. V\u00fdraznou chu\u0165 i v\u016fni je\u0161t\u011b podtrhne sn\u00edtka m\u00e1ty. Osv\u011b\u017euj\u00edc\u00ed letn\u00ed bublinky.<\/p>\n<p><strong>Obsah: 0,75l<\/strong><\/p>\n<p><strong>Obsah alkohou: 11% obj.<\/strong><\/p>\n","protected":false},"featured_media":2784,"template":"","meta":[],"product_cat":[47],"product_tag":[],"acf":[],"yoast_head":"<!-- This site is optimized with the Yoast SEO Premium plugin v15.2.1 - https:\/\/yoast.com\/wordpress\/plugins\/seo\/ -->\n<meta name=\"description\" content=\"Rozv\u00e1\u017e\u00edme n\u00e1poje po Praze 24 hodin, 7 dn\u016f v t\u00fddnu - NONSTOP\" \/>\n<meta name=\"robots\" content=\"index, follow, max-snippet:-1, max-image-preview:large, max-video-preview:-1\" \/>\n<link rel=\"canonical\" href=\"https:\/\/www.party24.cz\/produkt\/bohemia-sekt-ice-075l\/\" \/>\n<meta property=\"og:locale\" content=\"en_US\" \/>\n<meta property=\"og:type\" content=\"article\" \/>\n<meta property=\"og:title\" content=\"Rychl\u00fd rozvoz Praha\" \/>\n<meta property=\"og:description\" content=\"Rozv\u00e1\u017e\u00edme n\u00e1poje po Praze 24 hodin, 7 dn\u016f v t\u00fddnu - NONSTOP\" \/>\n<meta property=\"og:url\" content=\"https:\/\/www.party24.cz\/produkt\/bohemia-sekt-ice-075l\/\" \/>\n<meta property=\"og:site_name\" content=\"Party24\" \/>\n<meta property=\"article:publisher\" content=\"https:\/\/www.facebook.com\/party24.cz\" \/>\n<meta property=\"article:modified_time\" content=\"2022-12-25T11:37:55+00:00\" \/>\n<meta property=\"og:image\" content=\"https:\/\/www.party24.cz\/wp-content\/uploads\/2022\/07\/BohemiaICE.jpg\" \/>\n\t<meta property=\"og:image:width\" content=\"1200\" \/>\n\t<meta property=\"og:image:height\" content=\"1200\" \/>\n<meta name=\"twitter:card\" content=\"summary_large_image\" \/>\n<meta name=\"twitter:label1\" content=\"Written by\">\n\t<meta name=\"twitter:data1\" content=\"Filip V\u00e1rt\u00e1s\">\n<script type=\"application\/ld+json\" class=\"yoast-schema-graph\">{\"@context\":\"https:\/\/schema.org\",\"@graph\":[{\"@type\":\"Organization\",\"@id\":\"https:\/\/www.party24.cz\/#organization\",\"name\":\"Party 24\",\"url\":\"https:\/\/www.party24.cz\/\",\"sameAs\":[\"https:\/\/www.facebook.com\/party24.cz\",\"https:\/\/www.instagram.com\/party24.cz\/\",\"https:\/\/www.youtube.com\/@party2457\"],\"logo\":{\"@type\":\"ImageObject\",\"@id\":\"https:\/\/www.party24.cz\/#logo\",\"inLanguage\":\"en-US\",\"url\":\"https:\/\/www.party24.cz\/wp-content\/uploads\/2022\/05\/logo_180x180.png\",\"width\":180,\"height\":180,\"caption\":\"Party 24\"},\"image\":{\"@id\":\"https:\/\/www.party24.cz\/#logo\"}},{\"@type\":\"WebSite\",\"@id\":\"https:\/\/www.party24.cz\/#website\",\"url\":\"https:\/\/www.party24.cz\/\",\"name\":\"Party24\",\"description\":\"Nonstop rozvoz alkoholu v Praze\",\"publisher\":{\"@id\":\"https:\/\/www.party24.cz\/#organization\"},\"potentialAction\":[{\"@type\":\"SearchAction\",\"target\":\"https:\/\/www.party24.cz\/?s={search_term_string}\",\"query-input\":\"required name=search_term_string\"}],\"inLanguage\":\"en-US\"},{\"@type\":\"ImageObject\",\"@id\":\"https:\/\/www.party24.cz\/produkt\/bohemia-sekt-ice-075l\/#primaryimage\",\"inLanguage\":\"en-US\",\"url\":\"https:\/\/www.party24.cz\/wp-content\/uploads\/2022\/07\/BohemiaICE.jpg\",\"width\":1200,\"height\":1200},{\"@type\":\"WebPage\",\"@id\":\"https:\/\/www.party24.cz\/produkt\/bohemia-sekt-ice-075l\/#webpage\",\"url\":\"https:\/\/www.party24.cz\/produkt\/bohemia-sekt-ice-075l\/\",\"name\":\"Rychl\\u00fd rozvoz Praha\",\"isPartOf\":{\"@id\":\"https:\/\/www.party24.cz\/#website\"},\"primaryImageOfPage\":{\"@id\":\"https:\/\/www.party24.cz\/produkt\/bohemia-sekt-ice-075l\/#primaryimage\"},\"datePublished\":\"2022-07-15T07:04:22+00:00\",\"dateModified\":\"2022-12-25T11:37:55+00:00\",\"description\":\"Rozv\\u00e1\\u017e\\u00edme n\\u00e1poje po Praze 24 hodin, 7 dn\\u016f v t\\u00fddnu - NONSTOP\",\"inLanguage\":\"en-US\",\"potentialAction\":[{\"@type\":\"ReadAction\",\"target\":[\"https:\/\/www.party24.cz\/produkt\/bohemia-sekt-ice-075l\/\"]}]}]}<\/script>\n<!-- \/ Yoast SEO Premium plugin. -->","_links":{"self":[{"href":"https:\/\/www.party24.cz\/en\/wp-json\/wp\/v2\/product\/2728"}],"collection":[{"href":"https:\/\/www.party24.cz\/en\/wp-json\/wp\/v2\/product"}],"about":[{"href":"https:\/\/www.party24.cz\/en\/wp-json\/wp\/v2\/types\/product"}],"wp:featuredmedia":[{"embeddable":true,"href":"https:\/\/www.party24.cz\/en\/wp-json\/wp\/v2\/media\/2784"}],"wp:attachment":[{"href":"https:\/\/www.party24.cz\/en\/wp-json\/wp\/v2\/media?parent=2728"}],"wp:term":[{"taxonomy":"product_cat","embeddable":true,"href":"https:\/\/www.party24.cz\/en\/wp-json\/wp\/v2\/product_cat?post=2728"},{"taxonomy":"product_tag","embeddable":true,"href":"https:\/\/www.party24.cz\/en\/wp-json\/wp\/v2\/product_tag?post=2728"}],"curies":[{"name":"wp","href":"https:\/\/api.w.org\/{rel}","templated":true}]}}