{"id":2610,"date":"2022-07-15T09:03:31","date_gmt":"2022-07-15T07:03:31","guid":{"rendered":"https:\/\/party24.cz\/?post_type=product&#038;p=2610"},"modified":"2024-03-15T22:05:42","modified_gmt":"2024-03-15T21:05:42","slug":"aperol-spritz","status":"publish","type":"product","link":"https:\/\/www.party24.cz\/en\/produkt\/aperol-spritz\/","title":{"rendered":"Aperol Spritz"},"content":{"rendered":"","protected":false},"excerpt":{"rendered":"<p>Aperol 0,7l + Mionetto Prosecco DOC 0,75l + Mattoni 1,5l<\/p>\n<p>Aperol samotn\u00fd byl poprv\u00e9 p\u0159edstaven italsk\u00e9 ve\u0159ejnosti v roce 1919 na mezin\u00e1rodn\u00edm veletrhu v Padov\u011b bratry Barbieri. V dal\u0161\u00edch letech se Aperol stal popul\u00e1rn\u00ed po cel\u00e9 It\u00e1lii, zejm\u00e9na u mlad\u00fdch lid\u00ed. V roce 1950 pak p\u0159i\u0161el nov\u00fd recept s n\u00e1zvem Aperol Spritz se slo\u017een\u00edm 4 cl Aperolu, 6 cl Prosecca a st\u0159ik sody. Tato sv\u011b\u017e\u00ed lehk\u00e1 sm\u011bs se od t\u00e9 doby st\u00e1v\u00e1 jednozna\u010dnou sou\u010d\u00e1st\u00ed italsk\u00e9 kultury. Kdy\u017e v It\u00e1lii n\u011bkdo \u0159ekne Spritz, automaticky v\u0161ichni maj\u00ed na mysli Aperol.<\/p>\n","protected":false},"featured_media":9044,"template":"","meta":[],"product_cat":[51],"product_tag":[],"acf":[],"yoast_head":"<!-- This site is optimized with the Yoast SEO Premium plugin v15.2.1 - https:\/\/yoast.com\/wordpress\/plugins\/seo\/ -->\n<meta name=\"description\" content=\"\u201cSpr\u00e1vn\u00e1 p\u00e1rty nikdy nekon\u010d\u00ed\u201d a proto pro V\u00e1s rozv\u00e1\u017e\u00edme alkohol po Praze 24 hodin denn\u011b 7 dn\u00ed v t\u00fddnu \u2013 NONSTOP\" \/>\n<meta name=\"robots\" content=\"index, follow, max-snippet:-1, max-image-preview:large, max-video-preview:-1\" \/>\n<link rel=\"canonical\" href=\"https:\/\/www.party24.cz\/produkt\/aperol-spritz\/\" \/>\n<meta property=\"og:locale\" content=\"en_US\" \/>\n<meta property=\"og:type\" content=\"article\" \/>\n<meta property=\"og:title\" content=\"Nonstop rozvoz Praha\" \/>\n<meta property=\"og:description\" content=\"\u201cSpr\u00e1vn\u00e1 p\u00e1rty nikdy nekon\u010d\u00ed\u201d a proto pro V\u00e1s rozv\u00e1\u017e\u00edme alkohol po Praze 24 hodin denn\u011b 7 dn\u00ed v t\u00fddnu \u2013 NONSTOP\" \/>\n<meta property=\"og:url\" content=\"https:\/\/www.party24.cz\/produkt\/aperol-spritz\/\" \/>\n<meta property=\"og:site_name\" content=\"Party24\" \/>\n<meta property=\"article:publisher\" content=\"https:\/\/www.facebook.com\/party24.cz\" \/>\n<meta property=\"article:modified_time\" content=\"2024-03-15T21:05:42+00:00\" \/>\n<meta property=\"og:image\" content=\"https:\/\/www.party24.cz\/wp-content\/uploads\/2022\/07\/AperolSpritz-kopie.jpg\" \/>\n\t<meta property=\"og:image:width\" content=\"1200\" \/>\n\t<meta property=\"og:image:height\" content=\"1200\" \/>\n<meta name=\"twitter:card\" content=\"summary_large_image\" \/>\n<meta name=\"twitter:label1\" content=\"Written by\">\n\t<meta name=\"twitter:data1\" content=\"Filip V\u00e1rt\u00e1s\">\n<script type=\"application\/ld+json\" class=\"yoast-schema-graph\">{\"@context\":\"https:\/\/schema.org\",\"@graph\":[{\"@type\":\"Organization\",\"@id\":\"https:\/\/www.party24.cz\/#organization\",\"name\":\"Party 24\",\"url\":\"https:\/\/www.party24.cz\/\",\"sameAs\":[\"https:\/\/www.facebook.com\/party24.cz\",\"https:\/\/www.instagram.com\/party24.cz\/\",\"https:\/\/www.youtube.com\/@party2457\"],\"logo\":{\"@type\":\"ImageObject\",\"@id\":\"https:\/\/www.party24.cz\/#logo\",\"inLanguage\":\"en-US\",\"url\":\"https:\/\/www.party24.cz\/wp-content\/uploads\/2022\/05\/logo_180x180.png\",\"width\":180,\"height\":180,\"caption\":\"Party 24\"},\"image\":{\"@id\":\"https:\/\/www.party24.cz\/#logo\"}},{\"@type\":\"WebSite\",\"@id\":\"https:\/\/www.party24.cz\/#website\",\"url\":\"https:\/\/www.party24.cz\/\",\"name\":\"Party24\",\"description\":\"Nonstop rozvoz alkoholu v Praze\",\"publisher\":{\"@id\":\"https:\/\/www.party24.cz\/#organization\"},\"potentialAction\":[{\"@type\":\"SearchAction\",\"target\":\"https:\/\/www.party24.cz\/?s={search_term_string}\",\"query-input\":\"required name=search_term_string\"}],\"inLanguage\":\"en-US\"},{\"@type\":\"ImageObject\",\"@id\":\"https:\/\/www.party24.cz\/produkt\/aperol-spritz\/#primaryimage\",\"inLanguage\":\"en-US\",\"url\":\"https:\/\/www.party24.cz\/wp-content\/uploads\/2022\/07\/AperolSpritz-kopie.jpg\",\"width\":1200,\"height\":1200},{\"@type\":\"WebPage\",\"@id\":\"https:\/\/www.party24.cz\/produkt\/aperol-spritz\/#webpage\",\"url\":\"https:\/\/www.party24.cz\/produkt\/aperol-spritz\/\",\"name\":\"Nonstop rozvoz Praha\",\"isPartOf\":{\"@id\":\"https:\/\/www.party24.cz\/#website\"},\"primaryImageOfPage\":{\"@id\":\"https:\/\/www.party24.cz\/produkt\/aperol-spritz\/#primaryimage\"},\"datePublished\":\"2022-07-15T07:03:31+00:00\",\"dateModified\":\"2024-03-15T21:05:42+00:00\",\"description\":\"\\u201cSpr\\u00e1vn\\u00e1 p\\u00e1rty nikdy nekon\\u010d\\u00ed\\u201d a proto pro V\\u00e1s rozv\\u00e1\\u017e\\u00edme alkohol po Praze 24 hodin denn\\u011b 7 dn\\u00ed v t\\u00fddnu \\u2013 NONSTOP\",\"inLanguage\":\"en-US\",\"potentialAction\":[{\"@type\":\"ReadAction\",\"target\":[\"https:\/\/www.party24.cz\/produkt\/aperol-spritz\/\"]}]}]}<\/script>\n<!-- \/ Yoast SEO Premium plugin. -->","_links":{"self":[{"href":"https:\/\/www.party24.cz\/en\/wp-json\/wp\/v2\/product\/2610"}],"collection":[{"href":"https:\/\/www.party24.cz\/en\/wp-json\/wp\/v2\/product"}],"about":[{"href":"https:\/\/www.party24.cz\/en\/wp-json\/wp\/v2\/types\/product"}],"wp:featuredmedia":[{"embeddable":true,"href":"https:\/\/www.party24.cz\/en\/wp-json\/wp\/v2\/media\/9044"}],"wp:attachment":[{"href":"https:\/\/www.party24.cz\/en\/wp-json\/wp\/v2\/media?parent=2610"}],"wp:term":[{"taxonomy":"product_cat","embeddable":true,"href":"https:\/\/www.party24.cz\/en\/wp-json\/wp\/v2\/product_cat?post=2610"},{"taxonomy":"product_tag","embeddable":true,"href":"https:\/\/www.party24.cz\/en\/wp-json\/wp\/v2\/product_tag?post=2610"}],"curies":[{"name":"wp","href":"https:\/\/api.w.org\/{rel}","templated":true}]}}