{"id":2605,"date":"2022-07-15T09:03:31","date_gmt":"2022-07-15T07:03:31","guid":{"rendered":"https:\/\/party24.cz\/?post_type=product&#038;p=2605"},"modified":"2024-11-24T10:43:25","modified_gmt":"2024-11-24T09:43:25","slug":"don-papa-07l","status":"publish","type":"product","link":"https:\/\/www.party24.cz\/en\/produkt\/don-papa-07l\/","title":{"rendered":"Don Papa 0,7l"},"content":{"rendered":"<p>Kvalitn\u00ed filip\u00ednsk\u00fd rum z cukrov\u00e9 t\u0159tiny, kter\u00e1 rostla na vulkanick\u00e9 p\u016fd\u011b v nej\u00farodn\u011bj\u0161\u00ed oblasti Filip\u00edn, oblasti Negros Occidental. Zraje 7 let v dubov\u00fdch sudech v p\u0159edh\u016f\u0159\u00ed hor Kanlaon. Jantarov\u00e1 barva, aroma lehk\u00e9 a ovocn\u00e9, kter\u00e9 pokra\u010duje jemnou a lahodnou chut\u00ed. Rum Don Papa m\u00e1 dlouh\u00fd z\u00e1v\u011br a nab\u00edz\u00ed bohatou paletu chut\u00ed jako je vanilka, med a kandovan\u00e9 ovoce. V p\u0159ekladu znamen\u00e1 &#8220;Don Papa&#8221; pant\u00e1ta.<\/p>\n<p>Objem: 0,7l<\/p>\n<p>Obsah: 40%<\/p>\n","protected":false},"excerpt":{"rendered":"<p>Kvalitn\u00ed filip\u00ednsk\u00fd rum z cukrov\u00e9 t\u0159tiny, kter\u00e1 rostla na vulkanick\u00e9 p\u016fd\u011b v nej\u00farodn\u011bj\u0161\u00ed oblasti Filip\u00edn, oblasti Negros Occidental. Zraje 7 let v dubov\u00fdch sudech v p\u0159edh\u016f\u0159\u00ed hor Kanlaon. Jantarov\u00e1 barva, aroma lehk\u00e9 a ovocn\u00e9, kter\u00e9 pokra\u010duje jemnou a lahodnou chut\u00ed. Rum Don Papa m\u00e1 dlouh\u00fd z\u00e1v\u011br a nab\u00edz\u00ed bohatou paletu chut\u00ed jako je vanilka, med a kandovan\u00e9 ovoce. V p\u0159ekladu znamen\u00e1 &#8220;Don Papa&#8221; pant\u00e1ta.<\/p>\n<p>Objem: 0,7l<\/p>\n<p>Obsah: 40%<\/p>\n","protected":false},"featured_media":2639,"template":"","meta":[],"product_cat":[36],"product_tag":[],"acf":[],"yoast_head":"<!-- This site is optimized with the Yoast SEO Premium plugin v15.2.1 - https:\/\/yoast.com\/wordpress\/plugins\/seo\/ -->\n<meta name=\"description\" content=\"Nonstop rozvoz alkoholu Praha. Domu nebo na p\u00e1rty.\" \/>\n<meta name=\"robots\" content=\"index, follow, max-snippet:-1, max-image-preview:large, max-video-preview:-1\" \/>\n<link rel=\"canonical\" href=\"https:\/\/www.party24.cz\/produkt\/don-papa-07l\/\" \/>\n<meta property=\"og:locale\" content=\"en_US\" \/>\n<meta property=\"og:type\" content=\"article\" \/>\n<meta property=\"og:title\" content=\"Rozvoz 24 hodin, 7 dn\u016f v t\u00fddnu\" \/>\n<meta property=\"og:description\" content=\"Nonstop rozvoz alkoholu Praha. Domu nebo na p\u00e1rty.\" \/>\n<meta property=\"og:url\" content=\"https:\/\/www.party24.cz\/produkt\/don-papa-07l\/\" \/>\n<meta property=\"og:site_name\" content=\"Party24\" \/>\n<meta property=\"article:publisher\" content=\"https:\/\/www.facebook.com\/party24.cz\" \/>\n<meta property=\"article:modified_time\" content=\"2024-11-24T09:43:25+00:00\" \/>\n<meta property=\"og:image\" content=\"https:\/\/www.party24.cz\/wp-content\/uploads\/2022\/07\/DonPapa.jpg\" \/>\n\t<meta property=\"og:image:width\" content=\"1200\" \/>\n\t<meta property=\"og:image:height\" content=\"1200\" \/>\n<meta name=\"twitter:card\" content=\"summary_large_image\" \/>\n<meta name=\"twitter:label1\" content=\"Written by\">\n\t<meta name=\"twitter:data1\" content=\"Filip V\u00e1rt\u00e1s\">\n\t<meta name=\"twitter:label2\" content=\"Est. reading time\">\n\t<meta name=\"twitter:data2\" content=\"0 minutes\">\n<script type=\"application\/ld+json\" class=\"yoast-schema-graph\">{\"@context\":\"https:\/\/schema.org\",\"@graph\":[{\"@type\":\"Organization\",\"@id\":\"https:\/\/www.party24.cz\/#organization\",\"name\":\"Party 24\",\"url\":\"https:\/\/www.party24.cz\/\",\"sameAs\":[\"https:\/\/www.facebook.com\/party24.cz\",\"https:\/\/www.instagram.com\/party24.cz\/\",\"https:\/\/www.youtube.com\/@party2457\"],\"logo\":{\"@type\":\"ImageObject\",\"@id\":\"https:\/\/www.party24.cz\/#logo\",\"inLanguage\":\"en-US\",\"url\":\"https:\/\/www.party24.cz\/wp-content\/uploads\/2022\/05\/logo_180x180.png\",\"width\":180,\"height\":180,\"caption\":\"Party 24\"},\"image\":{\"@id\":\"https:\/\/www.party24.cz\/#logo\"}},{\"@type\":\"WebSite\",\"@id\":\"https:\/\/www.party24.cz\/#website\",\"url\":\"https:\/\/www.party24.cz\/\",\"name\":\"Party24\",\"description\":\"Nonstop rozvoz alkoholu v Praze\",\"publisher\":{\"@id\":\"https:\/\/www.party24.cz\/#organization\"},\"potentialAction\":[{\"@type\":\"SearchAction\",\"target\":\"https:\/\/www.party24.cz\/?s={search_term_string}\",\"query-input\":\"required name=search_term_string\"}],\"inLanguage\":\"en-US\"},{\"@type\":\"ImageObject\",\"@id\":\"https:\/\/www.party24.cz\/produkt\/don-papa-07l\/#primaryimage\",\"inLanguage\":\"en-US\",\"url\":\"https:\/\/www.party24.cz\/wp-content\/uploads\/2022\/07\/DonPapa.jpg\",\"width\":1200,\"height\":1200},{\"@type\":\"WebPage\",\"@id\":\"https:\/\/www.party24.cz\/produkt\/don-papa-07l\/#webpage\",\"url\":\"https:\/\/www.party24.cz\/produkt\/don-papa-07l\/\",\"name\":\"Rozvoz 24 hodin, 7 dn\\u016f v t\\u00fddnu\",\"isPartOf\":{\"@id\":\"https:\/\/www.party24.cz\/#website\"},\"primaryImageOfPage\":{\"@id\":\"https:\/\/www.party24.cz\/produkt\/don-papa-07l\/#primaryimage\"},\"datePublished\":\"2022-07-15T07:03:31+00:00\",\"dateModified\":\"2024-11-24T09:43:25+00:00\",\"description\":\"Nonstop rozvoz alkoholu Praha. Domu nebo na p\\u00e1rty.\",\"inLanguage\":\"en-US\",\"potentialAction\":[{\"@type\":\"ReadAction\",\"target\":[\"https:\/\/www.party24.cz\/produkt\/don-papa-07l\/\"]}]}]}<\/script>\n<!-- \/ Yoast SEO Premium plugin. -->","_links":{"self":[{"href":"https:\/\/www.party24.cz\/en\/wp-json\/wp\/v2\/product\/2605"}],"collection":[{"href":"https:\/\/www.party24.cz\/en\/wp-json\/wp\/v2\/product"}],"about":[{"href":"https:\/\/www.party24.cz\/en\/wp-json\/wp\/v2\/types\/product"}],"wp:featuredmedia":[{"embeddable":true,"href":"https:\/\/www.party24.cz\/en\/wp-json\/wp\/v2\/media\/2639"}],"wp:attachment":[{"href":"https:\/\/www.party24.cz\/en\/wp-json\/wp\/v2\/media?parent=2605"}],"wp:term":[{"taxonomy":"product_cat","embeddable":true,"href":"https:\/\/www.party24.cz\/en\/wp-json\/wp\/v2\/product_cat?post=2605"},{"taxonomy":"product_tag","embeddable":true,"href":"https:\/\/www.party24.cz\/en\/wp-json\/wp\/v2\/product_tag?post=2605"}],"curies":[{"name":"wp","href":"https:\/\/api.w.org\/{rel}","templated":true}]}}