{"id":2563,"date":"2022-07-15T09:03:09","date_gmt":"2022-07-15T07:03:09","guid":{"rendered":"https:\/\/party24.cz\/?post_type=product&#038;p=2563"},"modified":"2023-02-06T20:47:32","modified_gmt":"2023-02-06T19:47:32","slug":"zweigeltrebe-rose-075l","status":"publish","type":"product","link":"https:\/\/www.party24.cz\/en\/produkt\/zweigeltrebe-rose-075l\/","title":{"rendered":"Zweigeltrebe Ros\u00e9 0,75l"},"content":{"rendered":"","protected":false},"excerpt":{"rendered":"<p>V\u00edno jiskrn\u00e9, syt\u011bj\u0161\u00ed staror\u016f\u017eov\u00e9 barvy s p\u011bknou viskozitou. Aroma je st\u0159edn\u011b intenzivn\u00ed, p\u0159ipom\u00ednaj\u00edc\u00ed t\u0159e\u0161n\u011b a jahody, v pozad\u00ed jemn\u00fd n\u00e1dech malinov\u00e9ho kompotu. Chu\u0165 je ten\u010d\u00ed av\u0161ak \u0161\u0165avnat\u00e1, ovocit\u00e1 s del\u0161\u00ed dochut\u00ed. Doporu\u010dujeme pod\u00e1vat ke grilovan\u00fdm mas\u016fm a zelenin\u011b, lososu, ale tak\u00e9 k \u010derstv\u00e9mu ovoci.<\/p>\n<p>Objem: 0,75l<br \/>\nObsah alkoholu: 11% obj.<\/p>\n","protected":false},"featured_media":2633,"template":"","meta":[],"product_cat":[46],"product_tag":[],"acf":[],"yoast_head":"<!-- This site is optimized with the Yoast SEO Premium plugin v15.2.1 - https:\/\/yoast.com\/wordpress\/plugins\/seo\/ -->\n<meta name=\"description\" content=\"Rozvoz lihovin a nealkoholick\u00fdch n\u00e1poj\u016f Praha. Nonstop. Sta\u010d\u00ed objednat a do hodiny doru\u010d\u00edme p\u0159\u00edmo k V\u00e1m\" \/>\n<meta name=\"robots\" content=\"index, follow, max-snippet:-1, max-image-preview:large, max-video-preview:-1\" \/>\n<link rel=\"canonical\" href=\"https:\/\/www.party24.cz\/produkt\/zweigeltrebe-rose-075l\/\" \/>\n<meta property=\"og:locale\" content=\"en_US\" \/>\n<meta property=\"og:type\" content=\"article\" \/>\n<meta property=\"og:title\" content=\"Rozvoz po Praze nonstop\" \/>\n<meta property=\"og:description\" content=\"Rozvoz lihovin a nealkoholick\u00fdch n\u00e1poj\u016f Praha. Nonstop. Sta\u010d\u00ed objednat a do hodiny doru\u010d\u00edme p\u0159\u00edmo k V\u00e1m\" \/>\n<meta property=\"og:url\" content=\"https:\/\/www.party24.cz\/produkt\/zweigeltrebe-rose-075l\/\" \/>\n<meta property=\"og:site_name\" content=\"Party24\" \/>\n<meta property=\"article:publisher\" content=\"https:\/\/www.facebook.com\/party24.cz\" \/>\n<meta property=\"article:modified_time\" content=\"2023-02-06T19:47:32+00:00\" \/>\n<meta property=\"og:image\" content=\"https:\/\/www.party24.cz\/wp-content\/uploads\/2022\/07\/ZweigeltrebeRose.jpg\" \/>\n\t<meta property=\"og:image:width\" content=\"1200\" \/>\n\t<meta property=\"og:image:height\" content=\"1200\" \/>\n<meta name=\"twitter:card\" content=\"summary_large_image\" \/>\n<meta name=\"twitter:label1\" content=\"Written by\">\n\t<meta name=\"twitter:data1\" content=\"Filip V\u00e1rt\u00e1s\">\n<script type=\"application\/ld+json\" class=\"yoast-schema-graph\">{\"@context\":\"https:\/\/schema.org\",\"@graph\":[{\"@type\":\"Organization\",\"@id\":\"https:\/\/www.party24.cz\/#organization\",\"name\":\"Party 24\",\"url\":\"https:\/\/www.party24.cz\/\",\"sameAs\":[\"https:\/\/www.facebook.com\/party24.cz\",\"https:\/\/www.instagram.com\/party24.cz\/\",\"https:\/\/www.youtube.com\/@party2457\"],\"logo\":{\"@type\":\"ImageObject\",\"@id\":\"https:\/\/www.party24.cz\/#logo\",\"inLanguage\":\"en-US\",\"url\":\"https:\/\/www.party24.cz\/wp-content\/uploads\/2022\/05\/logo_180x180.png\",\"width\":180,\"height\":180,\"caption\":\"Party 24\"},\"image\":{\"@id\":\"https:\/\/www.party24.cz\/#logo\"}},{\"@type\":\"WebSite\",\"@id\":\"https:\/\/www.party24.cz\/#website\",\"url\":\"https:\/\/www.party24.cz\/\",\"name\":\"Party24\",\"description\":\"Nonstop rozvoz alkoholu v Praze\",\"publisher\":{\"@id\":\"https:\/\/www.party24.cz\/#organization\"},\"potentialAction\":[{\"@type\":\"SearchAction\",\"target\":\"https:\/\/www.party24.cz\/?s={search_term_string}\",\"query-input\":\"required name=search_term_string\"}],\"inLanguage\":\"en-US\"},{\"@type\":\"ImageObject\",\"@id\":\"https:\/\/www.party24.cz\/produkt\/zweigeltrebe-rose-075l\/#primaryimage\",\"inLanguage\":\"en-US\",\"url\":\"https:\/\/www.party24.cz\/wp-content\/uploads\/2022\/07\/ZweigeltrebeRose.jpg\",\"width\":1200,\"height\":1200},{\"@type\":\"WebPage\",\"@id\":\"https:\/\/www.party24.cz\/produkt\/zweigeltrebe-rose-075l\/#webpage\",\"url\":\"https:\/\/www.party24.cz\/produkt\/zweigeltrebe-rose-075l\/\",\"name\":\"Rozvoz po Praze nonstop\",\"isPartOf\":{\"@id\":\"https:\/\/www.party24.cz\/#website\"},\"primaryImageOfPage\":{\"@id\":\"https:\/\/www.party24.cz\/produkt\/zweigeltrebe-rose-075l\/#primaryimage\"},\"datePublished\":\"2022-07-15T07:03:09+00:00\",\"dateModified\":\"2023-02-06T19:47:32+00:00\",\"description\":\"Rozvoz lihovin a nealkoholick\\u00fdch n\\u00e1poj\\u016f Praha. Nonstop. Sta\\u010d\\u00ed objednat a do hodiny doru\\u010d\\u00edme p\\u0159\\u00edmo k V\\u00e1m\",\"inLanguage\":\"en-US\",\"potentialAction\":[{\"@type\":\"ReadAction\",\"target\":[\"https:\/\/www.party24.cz\/produkt\/zweigeltrebe-rose-075l\/\"]}]}]}<\/script>\n<!-- \/ Yoast SEO Premium plugin. -->","_links":{"self":[{"href":"https:\/\/www.party24.cz\/en\/wp-json\/wp\/v2\/product\/2563"}],"collection":[{"href":"https:\/\/www.party24.cz\/en\/wp-json\/wp\/v2\/product"}],"about":[{"href":"https:\/\/www.party24.cz\/en\/wp-json\/wp\/v2\/types\/product"}],"wp:featuredmedia":[{"embeddable":true,"href":"https:\/\/www.party24.cz\/en\/wp-json\/wp\/v2\/media\/2633"}],"wp:attachment":[{"href":"https:\/\/www.party24.cz\/en\/wp-json\/wp\/v2\/media?parent=2563"}],"wp:term":[{"taxonomy":"product_cat","embeddable":true,"href":"https:\/\/www.party24.cz\/en\/wp-json\/wp\/v2\/product_cat?post=2563"},{"taxonomy":"product_tag","embeddable":true,"href":"https:\/\/www.party24.cz\/en\/wp-json\/wp\/v2\/product_tag?post=2563"}],"curies":[{"name":"wp","href":"https:\/\/api.w.org\/{rel}","templated":true}]}}