{"id":2557,"date":"2022-07-15T09:03:09","date_gmt":"2022-07-15T07:03:09","guid":{"rendered":"https:\/\/party24.cz\/?post_type=product&#038;p=2557"},"modified":"2023-02-06T21:12:12","modified_gmt":"2023-02-06T20:12:12","slug":"gambrinus-original-10","status":"publish","type":"product","link":"https:\/\/www.party24.cz\/en\/produkt\/gambrinus-original-10\/","title":{"rendered":"Gambrinus Origin\u00e1l 10\u00b0"},"content":{"rendered":"<p>Gambrinus Origin\u00e1l 10<\/p>\n","protected":false},"excerpt":{"rendered":"<p>I mimo hospodu des\u00edtka od Gambrinusu spolehliv\u011b osv\u011b\u017e\u00ed. V ka\u017ed\u00e9 v\u00e1rce je vyv\u00e1\u017een\u00fd ten spr\u00e1vn\u00fd pom\u011br \u010desk\u00e9ho sladu a chmelov\u00e9 odr\u016fdy Sl\u00e1dek, aby chutnala stejn\u011b od prvn\u00edho do posledn\u00edho dou\u0161ku a vyb\u00edzela k dal\u0161\u00edmu napit\u00ed.<\/p>\n<p>Objem: 0,5l<br \/>\nObsaho alkoholu: 4,30% obj.<\/p>\n","protected":false},"featured_media":2621,"template":"","meta":[],"product_cat":[41],"product_tag":[],"acf":[],"yoast_head":"<!-- This site is optimized with the Yoast SEO Premium plugin v15.2.1 - https:\/\/yoast.com\/wordpress\/plugins\/seo\/ -->\n<meta name=\"description\" content=\"Rozv\u00e1\u017e\u00edme n\u00e1poje po Praze 24 hodin, 7 dn\u016f v t\u00fddnu - NONSTOP\" \/>\n<meta name=\"robots\" content=\"index, follow, max-snippet:-1, max-image-preview:large, max-video-preview:-1\" \/>\n<link rel=\"canonical\" href=\"https:\/\/www.party24.cz\/produkt\/gambrinus-original-10\/\" \/>\n<meta property=\"og:locale\" content=\"en_US\" \/>\n<meta property=\"og:type\" content=\"article\" \/>\n<meta property=\"og:title\" content=\"Rozvoz Praha 24\/7\" \/>\n<meta property=\"og:description\" content=\"Rozv\u00e1\u017e\u00edme n\u00e1poje po Praze 24 hodin, 7 dn\u016f v t\u00fddnu - NONSTOP\" \/>\n<meta property=\"og:url\" content=\"https:\/\/www.party24.cz\/produkt\/gambrinus-original-10\/\" \/>\n<meta property=\"og:site_name\" content=\"Party24\" \/>\n<meta property=\"article:publisher\" content=\"https:\/\/www.facebook.com\/party24.cz\" \/>\n<meta property=\"article:modified_time\" content=\"2023-02-06T20:12:12+00:00\" \/>\n<meta property=\"og:image\" content=\"https:\/\/www.party24.cz\/wp-content\/uploads\/2022\/07\/Gambrinus-10.jpg\" \/>\n\t<meta property=\"og:image:width\" content=\"1200\" \/>\n\t<meta property=\"og:image:height\" content=\"1200\" \/>\n<meta name=\"twitter:card\" content=\"summary_large_image\" \/>\n<meta name=\"twitter:label1\" content=\"Written by\">\n\t<meta name=\"twitter:data1\" content=\"Filip V\u00e1rt\u00e1s\">\n\t<meta name=\"twitter:label2\" content=\"Est. reading time\">\n\t<meta name=\"twitter:data2\" content=\"0 minutes\">\n<script type=\"application\/ld+json\" class=\"yoast-schema-graph\">{\"@context\":\"https:\/\/schema.org\",\"@graph\":[{\"@type\":\"Organization\",\"@id\":\"https:\/\/www.party24.cz\/#organization\",\"name\":\"Party 24\",\"url\":\"https:\/\/www.party24.cz\/\",\"sameAs\":[\"https:\/\/www.facebook.com\/party24.cz\",\"https:\/\/www.instagram.com\/party24.cz\/\",\"https:\/\/www.youtube.com\/@party2457\"],\"logo\":{\"@type\":\"ImageObject\",\"@id\":\"https:\/\/www.party24.cz\/#logo\",\"inLanguage\":\"en-US\",\"url\":\"https:\/\/www.party24.cz\/wp-content\/uploads\/2022\/05\/logo_180x180.png\",\"width\":180,\"height\":180,\"caption\":\"Party 24\"},\"image\":{\"@id\":\"https:\/\/www.party24.cz\/#logo\"}},{\"@type\":\"WebSite\",\"@id\":\"https:\/\/www.party24.cz\/#website\",\"url\":\"https:\/\/www.party24.cz\/\",\"name\":\"Party24\",\"description\":\"Nonstop rozvoz alkoholu v Praze\",\"publisher\":{\"@id\":\"https:\/\/www.party24.cz\/#organization\"},\"potentialAction\":[{\"@type\":\"SearchAction\",\"target\":\"https:\/\/www.party24.cz\/?s={search_term_string}\",\"query-input\":\"required name=search_term_string\"}],\"inLanguage\":\"en-US\"},{\"@type\":\"ImageObject\",\"@id\":\"https:\/\/www.party24.cz\/produkt\/gambrinus-original-10\/#primaryimage\",\"inLanguage\":\"en-US\",\"url\":\"https:\/\/www.party24.cz\/wp-content\/uploads\/2022\/07\/Gambrinus-10.jpg\",\"width\":1200,\"height\":1200},{\"@type\":\"WebPage\",\"@id\":\"https:\/\/www.party24.cz\/produkt\/gambrinus-original-10\/#webpage\",\"url\":\"https:\/\/www.party24.cz\/produkt\/gambrinus-original-10\/\",\"name\":\"Rozvoz Praha 24\/7\",\"isPartOf\":{\"@id\":\"https:\/\/www.party24.cz\/#website\"},\"primaryImageOfPage\":{\"@id\":\"https:\/\/www.party24.cz\/produkt\/gambrinus-original-10\/#primaryimage\"},\"datePublished\":\"2022-07-15T07:03:09+00:00\",\"dateModified\":\"2023-02-06T20:12:12+00:00\",\"description\":\"Rozv\\u00e1\\u017e\\u00edme n\\u00e1poje po Praze 24 hodin, 7 dn\\u016f v t\\u00fddnu - NONSTOP\",\"inLanguage\":\"en-US\",\"potentialAction\":[{\"@type\":\"ReadAction\",\"target\":[\"https:\/\/www.party24.cz\/produkt\/gambrinus-original-10\/\"]}]}]}<\/script>\n<!-- \/ Yoast SEO Premium plugin. -->","_links":{"self":[{"href":"https:\/\/www.party24.cz\/en\/wp-json\/wp\/v2\/product\/2557"}],"collection":[{"href":"https:\/\/www.party24.cz\/en\/wp-json\/wp\/v2\/product"}],"about":[{"href":"https:\/\/www.party24.cz\/en\/wp-json\/wp\/v2\/types\/product"}],"wp:featuredmedia":[{"embeddable":true,"href":"https:\/\/www.party24.cz\/en\/wp-json\/wp\/v2\/media\/2621"}],"wp:attachment":[{"href":"https:\/\/www.party24.cz\/en\/wp-json\/wp\/v2\/media?parent=2557"}],"wp:term":[{"taxonomy":"product_cat","embeddable":true,"href":"https:\/\/www.party24.cz\/en\/wp-json\/wp\/v2\/product_cat?post=2557"},{"taxonomy":"product_tag","embeddable":true,"href":"https:\/\/www.party24.cz\/en\/wp-json\/wp\/v2\/product_tag?post=2557"}],"curies":[{"name":"wp","href":"https:\/\/api.w.org\/{rel}","templated":true}]}}