{"id":2509,"date":"2022-07-15T11:02:47","date_gmt":"2022-07-15T09:02:47","guid":{"rendered":"https:\/\/party24.cz\/?post_type=product&#038;p=2509"},"modified":"2025-10-13T16:17:17","modified_gmt":"2025-10-13T14:17:17","slug":"vittel","status":"publish","type":"product","link":"https:\/\/www.party24.cz\/en\/produkt\/vittel\/","title":{"rendered":"Aquila 1,5l"},"content":{"rendered":"","protected":false},"excerpt":{"rendered":"<p>Aquila je pramenit\u00e1 voda poch\u00e1zej\u00edc\u00ed z\u00a0panensky \u010dist\u00e9 p\u0159\u00edrody Doupovsk\u00fdch hor v\u00a0okol\u00ed Karlov\u00fdch Var\u016f. Vyv\u011br\u00e1 z\u00a0nej\u010dist\u0161\u00edch hlubinn\u00fdch pramen\u016f a\u00a0je bez jak\u00fdchkoliv \u00faprav. Aquila Prvn\u00ed voda d\u00edky tomu spl\u0148uje nejp\u0159\u00edsn\u011bj\u0161\u00ed krit\u00e9ria kvality, a\u00a0proto m\u016f\u017ee b\u00fdt ozna\u010dov\u00e1na jako kojeneck\u00e1 voda. V\u00fdborn\u011b se hod\u00ed ke\u00a0ka\u017edodenn\u00ed hydrataci a\u00a0je vhodn\u00e1 pro\u00a0v\u0161echny, kte\u0159\u00ed pro\u00a0sebe cht\u011bj\u00ed jen to nejlep\u0161\u00ed.<\/p>\n<p>Objem: 1,5l<\/p>\n","protected":false},"featured_media":18226,"template":"","meta":[],"product_cat":[49],"product_tag":[],"acf":[],"yoast_head":"<!-- This site is optimized with the Yoast SEO Premium plugin v15.2.1 - https:\/\/yoast.com\/wordpress\/plugins\/seo\/ -->\n<meta name=\"description\" content=\"Rozvoz alkoholick\u00fdch a nealko n\u00e1poj\u016f nonstop po Praze. U\u017e nikam nemus\u00edte, do hodiny p\u0159ivezeme!\" \/>\n<meta name=\"robots\" content=\"index, follow, max-snippet:-1, max-image-preview:large, max-video-preview:-1\" \/>\n<link rel=\"canonical\" href=\"https:\/\/www.party24.cz\/produkt\/vittel\/\" \/>\n<meta property=\"og:locale\" content=\"en_US\" \/>\n<meta property=\"og:type\" content=\"article\" \/>\n<meta property=\"og:title\" content=\"Rychl\u00fd rozvoz n\u00e1poj\u016f Praha\" \/>\n<meta property=\"og:description\" content=\"Rozvoz alkoholick\u00fdch a nealko n\u00e1poj\u016f nonstop po Praze. U\u017e nikam nemus\u00edte, do hodiny p\u0159ivezeme!\" \/>\n<meta property=\"og:url\" content=\"https:\/\/www.party24.cz\/produkt\/vittel\/\" \/>\n<meta property=\"og:site_name\" content=\"Party24\" \/>\n<meta property=\"article:publisher\" content=\"https:\/\/www.facebook.com\/party24.cz\" \/>\n<meta property=\"article:modified_time\" content=\"2025-10-13T14:17:17+00:00\" \/>\n<meta property=\"og:image\" content=\"https:\/\/www.party24.cz\/wp-content\/uploads\/2022\/07\/Aquila.jpg\" \/>\n\t<meta property=\"og:image:width\" content=\"1200\" \/>\n\t<meta property=\"og:image:height\" content=\"1200\" \/>\n<meta name=\"twitter:card\" content=\"summary_large_image\" \/>\n<meta name=\"twitter:label1\" content=\"Written by\">\n\t<meta name=\"twitter:data1\" content=\"Filip V\u00e1rt\u00e1s\">\n<script type=\"application\/ld+json\" class=\"yoast-schema-graph\">{\"@context\":\"https:\/\/schema.org\",\"@graph\":[{\"@type\":\"Organization\",\"@id\":\"https:\/\/www.party24.cz\/#organization\",\"name\":\"Party 24\",\"url\":\"https:\/\/www.party24.cz\/\",\"sameAs\":[\"https:\/\/www.facebook.com\/party24.cz\",\"https:\/\/www.instagram.com\/party24.cz\/\",\"https:\/\/www.youtube.com\/@party2457\"],\"logo\":{\"@type\":\"ImageObject\",\"@id\":\"https:\/\/www.party24.cz\/#logo\",\"inLanguage\":\"en-US\",\"url\":\"https:\/\/www.party24.cz\/wp-content\/uploads\/2022\/05\/logo_180x180.png\",\"width\":180,\"height\":180,\"caption\":\"Party 24\"},\"image\":{\"@id\":\"https:\/\/www.party24.cz\/#logo\"}},{\"@type\":\"WebSite\",\"@id\":\"https:\/\/www.party24.cz\/#website\",\"url\":\"https:\/\/www.party24.cz\/\",\"name\":\"Party24\",\"description\":\"Nonstop rozvoz alkoholu v Praze\",\"publisher\":{\"@id\":\"https:\/\/www.party24.cz\/#organization\"},\"potentialAction\":[{\"@type\":\"SearchAction\",\"target\":\"https:\/\/www.party24.cz\/?s={search_term_string}\",\"query-input\":\"required name=search_term_string\"}],\"inLanguage\":\"en-US\"},{\"@type\":\"ImageObject\",\"@id\":\"https:\/\/www.party24.cz\/produkt\/vittel\/#primaryimage\",\"inLanguage\":\"en-US\",\"url\":\"https:\/\/www.party24.cz\/wp-content\/uploads\/2022\/07\/Aquila.jpg\",\"width\":1200,\"height\":1200},{\"@type\":\"WebPage\",\"@id\":\"https:\/\/www.party24.cz\/produkt\/vittel\/#webpage\",\"url\":\"https:\/\/www.party24.cz\/produkt\/vittel\/\",\"name\":\"Rychl\\u00fd rozvoz n\\u00e1poj\\u016f Praha\",\"isPartOf\":{\"@id\":\"https:\/\/www.party24.cz\/#website\"},\"primaryImageOfPage\":{\"@id\":\"https:\/\/www.party24.cz\/produkt\/vittel\/#primaryimage\"},\"datePublished\":\"2022-07-15T09:02:47+00:00\",\"dateModified\":\"2025-10-13T14:17:17+00:00\",\"description\":\"Rozvoz alkoholick\\u00fdch a nealko n\\u00e1poj\\u016f nonstop po Praze. U\\u017e nikam nemus\\u00edte, do hodiny p\\u0159ivezeme!\",\"inLanguage\":\"en-US\",\"potentialAction\":[{\"@type\":\"ReadAction\",\"target\":[\"https:\/\/www.party24.cz\/produkt\/vittel\/\"]}]}]}<\/script>\n<!-- \/ Yoast SEO Premium plugin. -->","_links":{"self":[{"href":"https:\/\/www.party24.cz\/en\/wp-json\/wp\/v2\/product\/2509"}],"collection":[{"href":"https:\/\/www.party24.cz\/en\/wp-json\/wp\/v2\/product"}],"about":[{"href":"https:\/\/www.party24.cz\/en\/wp-json\/wp\/v2\/types\/product"}],"wp:featuredmedia":[{"embeddable":true,"href":"https:\/\/www.party24.cz\/en\/wp-json\/wp\/v2\/media\/18226"}],"wp:attachment":[{"href":"https:\/\/www.party24.cz\/en\/wp-json\/wp\/v2\/media?parent=2509"}],"wp:term":[{"taxonomy":"product_cat","embeddable":true,"href":"https:\/\/www.party24.cz\/en\/wp-json\/wp\/v2\/product_cat?post=2509"},{"taxonomy":"product_tag","embeddable":true,"href":"https:\/\/www.party24.cz\/en\/wp-json\/wp\/v2\/product_tag?post=2509"}],"curies":[{"name":"wp","href":"https:\/\/api.w.org\/{rel}","templated":true}]}}