{"id":2503,"date":"2022-07-15T09:02:46","date_gmt":"2022-07-15T07:02:46","guid":{"rendered":"https:\/\/party24.cz\/?post_type=product&#038;p=2503"},"modified":"2026-03-20T15:52:53","modified_gmt":"2026-03-20T14:52:53","slug":"ron-millonario-xo","status":"publish","type":"product","link":"https:\/\/www.party24.cz\/en\/produkt\/ron-millonario-xo\/","title":{"rendered":"Ron Millonario XO"},"content":{"rendered":"","protected":false},"excerpt":{"rendered":"<p class=\"p1\"><span class=\"s1\">Rum Ron Millonario X.O. je prvot\u0159\u00eddn\u00ed super pr\u00e9miov\u00fd rum poch\u00e1zej\u00edc\u00ed ze severn\u00edho Peru. Jedn\u00e1 se o limitovanou edici, kter\u00e1 ro\u010dn\u011b nep\u0159es\u00e1hne 6 000 l\u00e1hv\u00ed.<\/span><\/p>\n<p class=\"p1\"><span class=\"s1\">Je destilov\u00e1n ze t\u0159tinov\u00e9 melasy v destila\u010dn\u00ed kolon\u011b. Pot\u00e9 zraje v sudech z americk\u00fdch b\u00edl\u00fdch dub\u016f, kter\u00e9 d\u0159\u00edve obsahovaly Bourbon, a v solera syst\u00e9mu, ve kter\u00e9m zr\u00e1lo sherry (odr\u016fda Pedro Ximenez). Tato sm\u011bs obsahuje rumy star\u00e9 a\u017e 20 let.<\/span><\/p>\n<p class=\"p1\"><span class=\"s1\">M\u00e1 tmav\u011b jantarovou barvu a delik\u00e1tn\u011b jemnou chu\u0165, ve kter\u00e9 m\u016f\u017eeme c\u00edtit n\u00e1znaky medu a zral\u00e9ho tropick\u00e9ho ovoce. Je sladk\u00fd a von\u00ed po sko\u0159ici a h\u0159eb\u00ed\u010dku.<\/span><\/p>\n<p class=\"p1\"><span class=\"s1\">Objem: 0,7l<\/span><\/p>\n<p class=\"p1\"><span class=\"s1\">Obsah: 40%<\/span><\/p>\n","protected":false},"featured_media":2569,"template":"","meta":[],"product_cat":[36],"product_tag":[],"acf":[],"yoast_head":"<!-- This site is optimized with the Yoast SEO Premium plugin v15.2.1 - https:\/\/yoast.com\/wordpress\/plugins\/seo\/ -->\n<meta name=\"description\" content=\"Rozvoz alkoholick\u00fdch a nealko n\u00e1poj\u016f nonstop po Praze. U\u017e nikam nemus\u00edte, do hodiny p\u0159ivezeme!\" \/>\n<meta name=\"robots\" content=\"index, follow, max-snippet:-1, max-image-preview:large, max-video-preview:-1\" \/>\n<link rel=\"canonical\" href=\"https:\/\/www.party24.cz\/produkt\/ron-millonario-xo\/\" \/>\n<meta property=\"og:locale\" content=\"en_US\" \/>\n<meta property=\"og:type\" content=\"article\" \/>\n<meta property=\"og:title\" content=\"Rozvoz Praha 24 hodin, 7 dn\u016f v t\u00fddnu\" \/>\n<meta property=\"og:description\" content=\"Rozvoz alkoholick\u00fdch a nealko n\u00e1poj\u016f nonstop po Praze. U\u017e nikam nemus\u00edte, do hodiny p\u0159ivezeme!\" \/>\n<meta property=\"og:url\" content=\"https:\/\/www.party24.cz\/produkt\/ron-millonario-xo\/\" \/>\n<meta property=\"og:site_name\" content=\"Party24\" \/>\n<meta property=\"article:publisher\" content=\"https:\/\/www.facebook.com\/party24.cz\" \/>\n<meta property=\"article:modified_time\" content=\"2026-03-20T14:52:53+00:00\" \/>\n<meta property=\"og:image\" content=\"https:\/\/www.party24.cz\/wp-content\/uploads\/2022\/07\/RonMillonario.jpg\" \/>\n\t<meta property=\"og:image:width\" content=\"1200\" \/>\n\t<meta property=\"og:image:height\" content=\"1200\" \/>\n<meta name=\"twitter:card\" content=\"summary_large_image\" \/>\n<meta name=\"twitter:label1\" content=\"Written by\">\n\t<meta name=\"twitter:data1\" content=\"Filip V\u00e1rt\u00e1s\">\n<script type=\"application\/ld+json\" class=\"yoast-schema-graph\">{\"@context\":\"https:\/\/schema.org\",\"@graph\":[{\"@type\":\"Organization\",\"@id\":\"https:\/\/www.party24.cz\/#organization\",\"name\":\"Party 24\",\"url\":\"https:\/\/www.party24.cz\/\",\"sameAs\":[\"https:\/\/www.facebook.com\/party24.cz\",\"https:\/\/www.instagram.com\/party24.cz\/\",\"https:\/\/www.youtube.com\/@party2457\"],\"logo\":{\"@type\":\"ImageObject\",\"@id\":\"https:\/\/www.party24.cz\/#logo\",\"inLanguage\":\"en-US\",\"url\":\"https:\/\/www.party24.cz\/wp-content\/uploads\/2022\/05\/logo_180x180.png\",\"width\":180,\"height\":180,\"caption\":\"Party 24\"},\"image\":{\"@id\":\"https:\/\/www.party24.cz\/#logo\"}},{\"@type\":\"WebSite\",\"@id\":\"https:\/\/www.party24.cz\/#website\",\"url\":\"https:\/\/www.party24.cz\/\",\"name\":\"Party24\",\"description\":\"Nonstop rozvoz alkoholu v Praze\",\"publisher\":{\"@id\":\"https:\/\/www.party24.cz\/#organization\"},\"potentialAction\":[{\"@type\":\"SearchAction\",\"target\":\"https:\/\/www.party24.cz\/?s={search_term_string}\",\"query-input\":\"required name=search_term_string\"}],\"inLanguage\":\"en-US\"},{\"@type\":\"ImageObject\",\"@id\":\"https:\/\/www.party24.cz\/produkt\/ron-millonario-xo\/#primaryimage\",\"inLanguage\":\"en-US\",\"url\":\"https:\/\/www.party24.cz\/wp-content\/uploads\/2022\/07\/RonMillonario.jpg\",\"width\":1200,\"height\":1200},{\"@type\":\"WebPage\",\"@id\":\"https:\/\/www.party24.cz\/produkt\/ron-millonario-xo\/#webpage\",\"url\":\"https:\/\/www.party24.cz\/produkt\/ron-millonario-xo\/\",\"name\":\"Rozvoz Praha 24 hodin, 7 dn\\u016f v t\\u00fddnu\",\"isPartOf\":{\"@id\":\"https:\/\/www.party24.cz\/#website\"},\"primaryImageOfPage\":{\"@id\":\"https:\/\/www.party24.cz\/produkt\/ron-millonario-xo\/#primaryimage\"},\"datePublished\":\"2022-07-15T07:02:46+00:00\",\"dateModified\":\"2026-03-20T14:52:53+00:00\",\"description\":\"Rozvoz alkoholick\\u00fdch a nealko n\\u00e1poj\\u016f nonstop po Praze. U\\u017e nikam nemus\\u00edte, do hodiny p\\u0159ivezeme!\",\"inLanguage\":\"en-US\",\"potentialAction\":[{\"@type\":\"ReadAction\",\"target\":[\"https:\/\/www.party24.cz\/produkt\/ron-millonario-xo\/\"]}]}]}<\/script>\n<!-- \/ Yoast SEO Premium plugin. -->","_links":{"self":[{"href":"https:\/\/www.party24.cz\/en\/wp-json\/wp\/v2\/product\/2503"}],"collection":[{"href":"https:\/\/www.party24.cz\/en\/wp-json\/wp\/v2\/product"}],"about":[{"href":"https:\/\/www.party24.cz\/en\/wp-json\/wp\/v2\/types\/product"}],"wp:featuredmedia":[{"embeddable":true,"href":"https:\/\/www.party24.cz\/en\/wp-json\/wp\/v2\/media\/2569"}],"wp:attachment":[{"href":"https:\/\/www.party24.cz\/en\/wp-json\/wp\/v2\/media?parent=2503"}],"wp:term":[{"taxonomy":"product_cat","embeddable":true,"href":"https:\/\/www.party24.cz\/en\/wp-json\/wp\/v2\/product_cat?post=2503"},{"taxonomy":"product_tag","embeddable":true,"href":"https:\/\/www.party24.cz\/en\/wp-json\/wp\/v2\/product_tag?post=2503"}],"curies":[{"name":"wp","href":"https:\/\/api.w.org\/{rel}","templated":true}]}}