{"id":2502,"date":"2022-07-15T09:02:46","date_gmt":"2022-07-15T07:02:46","guid":{"rendered":"https:\/\/party24.cz\/?post_type=product&#038;p=2502"},"modified":"2023-12-22T05:54:53","modified_gmt":"2023-12-22T04:54:53","slug":"moet-chandon-imperial-brut-rose","status":"publish","type":"product","link":"https:\/\/www.party24.cz\/en\/produkt\/moet-chandon-imperial-brut-rose\/","title":{"rendered":"Moet Chandon Imperial Brut Ros\u00e9"},"content":{"rendered":"<p>Moet Chandon Imperial Brut Ros\u00e9<\/p>\n","protected":false},"excerpt":{"rendered":"<p>Z\u00e1kladem je odr\u016fda Pinot Noir. Jeho jemn\u00e9 bublinky jsou nekone\u010dn\u00e9, elegantn\u00ed aroma hru\u0161ek a jablek s\u00a0m\u00e1slem a se z\u00e1bleskem brio\u0161ek. M\u00e1 n\u00e1dhernou r\u016f\u017eovou barvu s\u00a0m\u011bd\u011bn\u00fdmi odlesky. Je spont\u00e1nn\u00ed, bujar\u00e9 a p\u0159itom vyv\u00e1\u017een\u00e9.<\/p>\n<p>Objem: 0,75l<\/p>\n","protected":false},"featured_media":2567,"template":"","meta":[],"product_cat":[48],"product_tag":[],"acf":[],"yoast_head":"<!-- This site is optimized with the Yoast SEO Premium plugin v15.2.1 - https:\/\/yoast.com\/wordpress\/plugins\/seo\/ -->\n<meta name=\"description\" content=\"Nonstop rozvoz alkoholu Praha. Domu nebo na p\u00e1rty.\" \/>\n<meta name=\"robots\" content=\"index, follow, max-snippet:-1, max-image-preview:large, max-video-preview:-1\" \/>\n<link rel=\"canonical\" href=\"https:\/\/www.party24.cz\/produkt\/moet-chandon-imperial-brut-rose\/\" \/>\n<meta property=\"og:locale\" content=\"en_US\" \/>\n<meta property=\"og:type\" content=\"article\" \/>\n<meta property=\"og:title\" content=\"Rychl\u00fd rozvoz Praha - Nonstop\" \/>\n<meta property=\"og:description\" content=\"Nonstop rozvoz alkoholu Praha. Domu nebo na p\u00e1rty.\" \/>\n<meta property=\"og:url\" content=\"https:\/\/www.party24.cz\/produkt\/moet-chandon-imperial-brut-rose\/\" \/>\n<meta property=\"og:site_name\" content=\"Party24\" \/>\n<meta property=\"article:publisher\" content=\"https:\/\/www.facebook.com\/party24.cz\" \/>\n<meta property=\"article:modified_time\" content=\"2023-12-22T04:54:53+00:00\" \/>\n<meta property=\"og:image\" content=\"https:\/\/www.party24.cz\/wp-content\/uploads\/2022\/07\/Moet-Chandon-Imperial-Brut-Rose.jpg\" \/>\n\t<meta property=\"og:image:width\" content=\"1200\" \/>\n\t<meta property=\"og:image:height\" content=\"1200\" \/>\n<meta name=\"twitter:card\" content=\"summary_large_image\" \/>\n<meta name=\"twitter:label1\" content=\"Written by\">\n\t<meta name=\"twitter:data1\" content=\"Filip V\u00e1rt\u00e1s\">\n\t<meta name=\"twitter:label2\" content=\"Est. reading time\">\n\t<meta name=\"twitter:data2\" content=\"0 minutes\">\n<script type=\"application\/ld+json\" class=\"yoast-schema-graph\">{\"@context\":\"https:\/\/schema.org\",\"@graph\":[{\"@type\":\"Organization\",\"@id\":\"https:\/\/www.party24.cz\/#organization\",\"name\":\"Party 24\",\"url\":\"https:\/\/www.party24.cz\/\",\"sameAs\":[\"https:\/\/www.facebook.com\/party24.cz\",\"https:\/\/www.instagram.com\/party24.cz\/\",\"https:\/\/www.youtube.com\/@party2457\"],\"logo\":{\"@type\":\"ImageObject\",\"@id\":\"https:\/\/www.party24.cz\/#logo\",\"inLanguage\":\"en-US\",\"url\":\"https:\/\/www.party24.cz\/wp-content\/uploads\/2022\/05\/logo_180x180.png\",\"width\":180,\"height\":180,\"caption\":\"Party 24\"},\"image\":{\"@id\":\"https:\/\/www.party24.cz\/#logo\"}},{\"@type\":\"WebSite\",\"@id\":\"https:\/\/www.party24.cz\/#website\",\"url\":\"https:\/\/www.party24.cz\/\",\"name\":\"Party24\",\"description\":\"Nonstop rozvoz alkoholu v Praze\",\"publisher\":{\"@id\":\"https:\/\/www.party24.cz\/#organization\"},\"potentialAction\":[{\"@type\":\"SearchAction\",\"target\":\"https:\/\/www.party24.cz\/?s={search_term_string}\",\"query-input\":\"required name=search_term_string\"}],\"inLanguage\":\"en-US\"},{\"@type\":\"ImageObject\",\"@id\":\"https:\/\/www.party24.cz\/produkt\/moet-chandon-imperial-brut-rose\/#primaryimage\",\"inLanguage\":\"en-US\",\"url\":\"https:\/\/www.party24.cz\/wp-content\/uploads\/2022\/07\/Moet-Chandon-Imperial-Brut-Rose.jpg\",\"width\":1200,\"height\":1200},{\"@type\":\"WebPage\",\"@id\":\"https:\/\/www.party24.cz\/produkt\/moet-chandon-imperial-brut-rose\/#webpage\",\"url\":\"https:\/\/www.party24.cz\/produkt\/moet-chandon-imperial-brut-rose\/\",\"name\":\"Rychl\\u00fd rozvoz Praha - Nonstop\",\"isPartOf\":{\"@id\":\"https:\/\/www.party24.cz\/#website\"},\"primaryImageOfPage\":{\"@id\":\"https:\/\/www.party24.cz\/produkt\/moet-chandon-imperial-brut-rose\/#primaryimage\"},\"datePublished\":\"2022-07-15T07:02:46+00:00\",\"dateModified\":\"2023-12-22T04:54:53+00:00\",\"description\":\"Nonstop rozvoz alkoholu Praha. Domu nebo na p\\u00e1rty.\",\"inLanguage\":\"en-US\",\"potentialAction\":[{\"@type\":\"ReadAction\",\"target\":[\"https:\/\/www.party24.cz\/produkt\/moet-chandon-imperial-brut-rose\/\"]}]}]}<\/script>\n<!-- \/ Yoast SEO Premium plugin. -->","_links":{"self":[{"href":"https:\/\/www.party24.cz\/en\/wp-json\/wp\/v2\/product\/2502"}],"collection":[{"href":"https:\/\/www.party24.cz\/en\/wp-json\/wp\/v2\/product"}],"about":[{"href":"https:\/\/www.party24.cz\/en\/wp-json\/wp\/v2\/types\/product"}],"wp:featuredmedia":[{"embeddable":true,"href":"https:\/\/www.party24.cz\/en\/wp-json\/wp\/v2\/media\/2567"}],"wp:attachment":[{"href":"https:\/\/www.party24.cz\/en\/wp-json\/wp\/v2\/media?parent=2502"}],"wp:term":[{"taxonomy":"product_cat","embeddable":true,"href":"https:\/\/www.party24.cz\/en\/wp-json\/wp\/v2\/product_cat?post=2502"},{"taxonomy":"product_tag","embeddable":true,"href":"https:\/\/www.party24.cz\/en\/wp-json\/wp\/v2\/product_tag?post=2502"}],"curies":[{"name":"wp","href":"https:\/\/api.w.org\/{rel}","templated":true}]}}