{"id":2444,"date":"2022-07-15T09:02:25","date_gmt":"2022-07-15T07:02:25","guid":{"rendered":"https:\/\/party24.cz\/?post_type=product&#038;p=2444"},"modified":"2023-12-24T17:03:10","modified_gmt":"2023-12-24T16:03:10","slug":"jack-daniels-tennessee-honey-07-l","status":"publish","type":"product","link":"https:\/\/www.party24.cz\/en\/produkt\/jack-daniels-tennessee-honey-07-l\/","title":{"rendered":"Jack Daniel&#8217;s Tennessee Honey 0,7 l"},"content":{"rendered":"<p>Lik\u00e9r Jack Daniel\u00b4s Honey je slo\u017een\u00fd z Tennessee whiskey Jack Daniel&#8217;s a medu prvot\u0159\u00eddn\u00ed kvality poch\u00e1zej\u00edc\u00edho rovn\u011b\u017e z americk\u00e9ho Tennessee. Vyv\u00e1\u017een\u011b nasl\u00e1dl\u00e1 medov\u00e1 chu\u0165 je doprov\u00e1zena t\u00f3ny sko\u0159ice a zakon\u010dena o\u0159echem.<\/p>\n<p>Objem: 0,7l<\/p>\n<p>Obsah: 35%<\/p>\n","protected":false},"excerpt":{"rendered":"<p>Lik\u00e9r Jack Daniel\u00b4s Honey je slo\u017een\u00fd z Tennessee whiskey Jack Daniel&#8217;s a medu prvot\u0159\u00eddn\u00ed kvality poch\u00e1zej\u00edc\u00edho rovn\u011b\u017e z americk\u00e9ho Tennessee. Vyv\u00e1\u017een\u011b nasl\u00e1dl\u00e1 medov\u00e1 chu\u0165 je doprov\u00e1zena t\u00f3ny sko\u0159ice a zakon\u010dena o\u0159echem.<\/p>\n<p>Objem: 0,7l<br \/>\nObsah: 35%<\/p>\n","protected":false},"featured_media":2514,"template":"","meta":[],"product_cat":[39],"product_tag":[],"acf":[],"yoast_head":"<!-- This site is optimized with the Yoast SEO Premium plugin v15.2.1 - https:\/\/yoast.com\/wordpress\/plugins\/seo\/ -->\n<meta name=\"description\" content=\"Nonstop rozvoz alkoholu Praha. Domu nebo na p\u00e1rty.\" \/>\n<meta name=\"robots\" content=\"index, follow, max-snippet:-1, max-image-preview:large, max-video-preview:-1\" \/>\n<link rel=\"canonical\" href=\"https:\/\/www.party24.cz\/produkt\/jack-daniels-tennessee-honey-07-l\/\" \/>\n<meta property=\"og:locale\" content=\"en_US\" \/>\n<meta property=\"og:type\" content=\"article\" \/>\n<meta property=\"og:title\" content=\"Nonstop rozvoz Praha\" \/>\n<meta property=\"og:description\" content=\"Nonstop rozvoz alkoholu Praha. Domu nebo na p\u00e1rty.\" \/>\n<meta property=\"og:url\" content=\"https:\/\/www.party24.cz\/produkt\/jack-daniels-tennessee-honey-07-l\/\" \/>\n<meta property=\"og:site_name\" content=\"Party24\" \/>\n<meta property=\"article:publisher\" content=\"https:\/\/www.facebook.com\/party24.cz\" \/>\n<meta property=\"article:modified_time\" content=\"2023-12-24T16:03:10+00:00\" \/>\n<meta property=\"og:image\" content=\"https:\/\/www.party24.cz\/wp-content\/uploads\/2022\/07\/Jack-Daniels-Tennessee-Honey-07-l-1.jpg\" \/>\n\t<meta property=\"og:image:width\" content=\"1200\" \/>\n\t<meta property=\"og:image:height\" content=\"1200\" \/>\n<meta name=\"twitter:card\" content=\"summary_large_image\" \/>\n<meta name=\"twitter:label1\" content=\"Written by\">\n\t<meta name=\"twitter:data1\" content=\"Filip V\u00e1rt\u00e1s\">\n\t<meta name=\"twitter:label2\" content=\"Est. reading time\">\n\t<meta name=\"twitter:data2\" content=\"0 minutes\">\n<script type=\"application\/ld+json\" class=\"yoast-schema-graph\">{\"@context\":\"https:\/\/schema.org\",\"@graph\":[{\"@type\":\"Organization\",\"@id\":\"https:\/\/www.party24.cz\/#organization\",\"name\":\"Party 24\",\"url\":\"https:\/\/www.party24.cz\/\",\"sameAs\":[\"https:\/\/www.facebook.com\/party24.cz\",\"https:\/\/www.instagram.com\/party24.cz\/\",\"https:\/\/www.youtube.com\/@party2457\"],\"logo\":{\"@type\":\"ImageObject\",\"@id\":\"https:\/\/www.party24.cz\/#logo\",\"inLanguage\":\"en-US\",\"url\":\"https:\/\/www.party24.cz\/wp-content\/uploads\/2022\/05\/logo_180x180.png\",\"width\":180,\"height\":180,\"caption\":\"Party 24\"},\"image\":{\"@id\":\"https:\/\/www.party24.cz\/#logo\"}},{\"@type\":\"WebSite\",\"@id\":\"https:\/\/www.party24.cz\/#website\",\"url\":\"https:\/\/www.party24.cz\/\",\"name\":\"Party24\",\"description\":\"Nonstop rozvoz alkoholu v Praze\",\"publisher\":{\"@id\":\"https:\/\/www.party24.cz\/#organization\"},\"potentialAction\":[{\"@type\":\"SearchAction\",\"target\":\"https:\/\/www.party24.cz\/?s={search_term_string}\",\"query-input\":\"required name=search_term_string\"}],\"inLanguage\":\"en-US\"},{\"@type\":\"ImageObject\",\"@id\":\"https:\/\/www.party24.cz\/produkt\/jack-daniels-tennessee-honey-07-l\/#primaryimage\",\"inLanguage\":\"en-US\",\"url\":\"https:\/\/www.party24.cz\/wp-content\/uploads\/2022\/07\/Jack-Daniels-Tennessee-Honey-07-l-1.jpg\",\"width\":1200,\"height\":1200},{\"@type\":\"WebPage\",\"@id\":\"https:\/\/www.party24.cz\/produkt\/jack-daniels-tennessee-honey-07-l\/#webpage\",\"url\":\"https:\/\/www.party24.cz\/produkt\/jack-daniels-tennessee-honey-07-l\/\",\"name\":\"Nonstop rozvoz Praha\",\"isPartOf\":{\"@id\":\"https:\/\/www.party24.cz\/#website\"},\"primaryImageOfPage\":{\"@id\":\"https:\/\/www.party24.cz\/produkt\/jack-daniels-tennessee-honey-07-l\/#primaryimage\"},\"datePublished\":\"2022-07-15T07:02:25+00:00\",\"dateModified\":\"2023-12-24T16:03:10+00:00\",\"description\":\"Nonstop rozvoz alkoholu Praha. Domu nebo na p\\u00e1rty.\",\"inLanguage\":\"en-US\",\"potentialAction\":[{\"@type\":\"ReadAction\",\"target\":[\"https:\/\/www.party24.cz\/produkt\/jack-daniels-tennessee-honey-07-l\/\"]}]}]}<\/script>\n<!-- \/ Yoast SEO Premium plugin. -->","_links":{"self":[{"href":"https:\/\/www.party24.cz\/en\/wp-json\/wp\/v2\/product\/2444"}],"collection":[{"href":"https:\/\/www.party24.cz\/en\/wp-json\/wp\/v2\/product"}],"about":[{"href":"https:\/\/www.party24.cz\/en\/wp-json\/wp\/v2\/types\/product"}],"wp:featuredmedia":[{"embeddable":true,"href":"https:\/\/www.party24.cz\/en\/wp-json\/wp\/v2\/media\/2514"}],"wp:attachment":[{"href":"https:\/\/www.party24.cz\/en\/wp-json\/wp\/v2\/media?parent=2444"}],"wp:term":[{"taxonomy":"product_cat","embeddable":true,"href":"https:\/\/www.party24.cz\/en\/wp-json\/wp\/v2\/product_cat?post=2444"},{"taxonomy":"product_tag","embeddable":true,"href":"https:\/\/www.party24.cz\/en\/wp-json\/wp\/v2\/product_tag?post=2444"}],"curies":[{"name":"wp","href":"https:\/\/api.w.org\/{rel}","templated":true}]}}