{"id":2433,"date":"2022-07-15T09:02:24","date_gmt":"2022-07-15T07:02:24","guid":{"rendered":"https:\/\/party24.cz\/?post_type=product&#038;p=2433"},"modified":"2023-11-08T15:06:44","modified_gmt":"2023-11-08T14:06:44","slug":"habanske-sklepy-ryzlink-vlassky-075l","status":"publish","type":"product","link":"https:\/\/www.party24.cz\/en\/produkt\/habanske-sklepy-ryzlink-vlassky-075l\/","title":{"rendered":"Hab\u00e1nsk\u00e9 sklepy \u2013 Ryzlink vla\u0161sk\u00fd 0,75l"},"content":{"rendered":"","protected":false},"excerpt":{"rendered":"<p>Tento znamenit\u00fd Ryzlink zaujme svoj\u00ed \u017elutozelenou barvou, ve v\u016fni pak ovocn\u00fdm charakterem s t\u00f3ny ryb\u00edzu \u010di angre\u0161tu a zejm\u00e9na p\u0159\u00edjemnou kyselinkou, kter\u00e1 p\u0159isp\u00edv\u00e1 ke sv\u011b\u017eesti a v\u00fdborn\u00e9 pitelnosti tohoto v\u00edna.<br \/>\nSkv\u011ble se snoub\u00ed se sladkovodn\u00edmi rybami a zeleninov\u00fdmi pokrmy. V\u00fdte\u010dn\u00fd je ke zraj\u00edc\u00edm s\u00fdr\u016fm \u010di pa\u0161tik\u00e1m.<\/p>\n<p>Objem: 0,75l<br \/>\nObsah alkoholu: 12,5% obj.<\/p>\n","protected":false},"featured_media":2473,"template":"","meta":[],"product_cat":[44],"product_tag":[],"acf":[],"yoast_head":"<!-- This site is optimized with the Yoast SEO Premium plugin v15.2.1 - https:\/\/yoast.com\/wordpress\/plugins\/seo\/ -->\n<meta name=\"description\" content=\"Nonstop rozvoz alkoholu Praha. Domu nebo na p\u00e1rty.\" \/>\n<meta name=\"robots\" content=\"index, follow, max-snippet:-1, max-image-preview:large, max-video-preview:-1\" \/>\n<link rel=\"canonical\" href=\"https:\/\/www.party24.cz\/produkt\/habanske-sklepy-ryzlink-vlassky-075l\/\" \/>\n<meta property=\"og:locale\" content=\"en_US\" \/>\n<meta property=\"og:type\" content=\"article\" \/>\n<meta property=\"og:title\" content=\"Rozvoz Praha 24 hodin, 7 dn\u016f v t\u00fddnu\" \/>\n<meta property=\"og:description\" content=\"Nonstop rozvoz alkoholu Praha. Domu nebo na p\u00e1rty.\" \/>\n<meta property=\"og:url\" content=\"https:\/\/www.party24.cz\/produkt\/habanske-sklepy-ryzlink-vlassky-075l\/\" \/>\n<meta property=\"og:site_name\" content=\"Party24\" \/>\n<meta property=\"article:publisher\" content=\"https:\/\/www.facebook.com\/party24.cz\" \/>\n<meta property=\"article:modified_time\" content=\"2023-11-08T14:06:44+00:00\" \/>\n<meta property=\"og:image\" content=\"https:\/\/www.party24.cz\/wp-content\/uploads\/2022\/07\/Habanske-sklepy-\u2013-Ryzlink-vlassky-075l.jpg\" \/>\n\t<meta property=\"og:image:width\" content=\"1200\" \/>\n\t<meta property=\"og:image:height\" content=\"1200\" \/>\n<meta name=\"twitter:card\" content=\"summary_large_image\" \/>\n<meta name=\"twitter:label1\" content=\"Written by\">\n\t<meta name=\"twitter:data1\" content=\"Filip V\u00e1rt\u00e1s\">\n<script type=\"application\/ld+json\" class=\"yoast-schema-graph\">{\"@context\":\"https:\/\/schema.org\",\"@graph\":[{\"@type\":\"Organization\",\"@id\":\"https:\/\/www.party24.cz\/#organization\",\"name\":\"Party 24\",\"url\":\"https:\/\/www.party24.cz\/\",\"sameAs\":[\"https:\/\/www.facebook.com\/party24.cz\",\"https:\/\/www.instagram.com\/party24.cz\/\",\"https:\/\/www.youtube.com\/@party2457\"],\"logo\":{\"@type\":\"ImageObject\",\"@id\":\"https:\/\/www.party24.cz\/#logo\",\"inLanguage\":\"en-US\",\"url\":\"https:\/\/www.party24.cz\/wp-content\/uploads\/2022\/05\/logo_180x180.png\",\"width\":180,\"height\":180,\"caption\":\"Party 24\"},\"image\":{\"@id\":\"https:\/\/www.party24.cz\/#logo\"}},{\"@type\":\"WebSite\",\"@id\":\"https:\/\/www.party24.cz\/#website\",\"url\":\"https:\/\/www.party24.cz\/\",\"name\":\"Party24\",\"description\":\"Nonstop rozvoz alkoholu v Praze\",\"publisher\":{\"@id\":\"https:\/\/www.party24.cz\/#organization\"},\"potentialAction\":[{\"@type\":\"SearchAction\",\"target\":\"https:\/\/www.party24.cz\/?s={search_term_string}\",\"query-input\":\"required name=search_term_string\"}],\"inLanguage\":\"en-US\"},{\"@type\":\"ImageObject\",\"@id\":\"https:\/\/www.party24.cz\/produkt\/habanske-sklepy-ryzlink-vlassky-075l\/#primaryimage\",\"inLanguage\":\"en-US\",\"url\":\"https:\/\/www.party24.cz\/wp-content\/uploads\/2022\/07\/Habanske-sklepy-\\u2013-Ryzlink-vlassky-075l.jpg\",\"width\":1200,\"height\":1200},{\"@type\":\"WebPage\",\"@id\":\"https:\/\/www.party24.cz\/produkt\/habanske-sklepy-ryzlink-vlassky-075l\/#webpage\",\"url\":\"https:\/\/www.party24.cz\/produkt\/habanske-sklepy-ryzlink-vlassky-075l\/\",\"name\":\"Rozvoz Praha 24 hodin, 7 dn\\u016f v t\\u00fddnu\",\"isPartOf\":{\"@id\":\"https:\/\/www.party24.cz\/#website\"},\"primaryImageOfPage\":{\"@id\":\"https:\/\/www.party24.cz\/produkt\/habanske-sklepy-ryzlink-vlassky-075l\/#primaryimage\"},\"datePublished\":\"2022-07-15T07:02:24+00:00\",\"dateModified\":\"2023-11-08T14:06:44+00:00\",\"description\":\"Nonstop rozvoz alkoholu Praha. Domu nebo na p\\u00e1rty.\",\"inLanguage\":\"en-US\",\"potentialAction\":[{\"@type\":\"ReadAction\",\"target\":[\"https:\/\/www.party24.cz\/produkt\/habanske-sklepy-ryzlink-vlassky-075l\/\"]}]}]}<\/script>\n<!-- \/ Yoast SEO Premium plugin. -->","_links":{"self":[{"href":"https:\/\/www.party24.cz\/en\/wp-json\/wp\/v2\/product\/2433"}],"collection":[{"href":"https:\/\/www.party24.cz\/en\/wp-json\/wp\/v2\/product"}],"about":[{"href":"https:\/\/www.party24.cz\/en\/wp-json\/wp\/v2\/types\/product"}],"wp:featuredmedia":[{"embeddable":true,"href":"https:\/\/www.party24.cz\/en\/wp-json\/wp\/v2\/media\/2473"}],"wp:attachment":[{"href":"https:\/\/www.party24.cz\/en\/wp-json\/wp\/v2\/media?parent=2433"}],"wp:term":[{"taxonomy":"product_cat","embeddable":true,"href":"https:\/\/www.party24.cz\/en\/wp-json\/wp\/v2\/product_cat?post=2433"},{"taxonomy":"product_tag","embeddable":true,"href":"https:\/\/www.party24.cz\/en\/wp-json\/wp\/v2\/product_tag?post=2433"}],"curies":[{"name":"wp","href":"https:\/\/api.w.org\/{rel}","templated":true}]}}