{"id":2381,"date":"2022-07-15T09:02:02","date_gmt":"2022-07-15T07:02:02","guid":{"rendered":"https:\/\/party24.cz\/?post_type=product&#038;p=2381"},"modified":"2023-12-23T17:32:52","modified_gmt":"2023-12-23T16:32:52","slug":"gin-bombay-sapphire-1l","status":"publish","type":"product","link":"https:\/\/www.party24.cz\/en\/produkt\/gin-bombay-sapphire-1l\/","title":{"rendered":"Gin Bombay Sapphire 1l"},"content":{"rendered":"","protected":false},"excerpt":{"rendered":"<p><strong>Bombay Sapphire Gin<\/strong> navazuje na oblibu anglick\u00e9ho ginu v\u00a0Indii. Jeho n\u00e1zev je odvozen od bombajsk\u00e9ho z\u00e1\u0159iv\u011b modr\u00e9ho saf\u00edru, co\u017e dokl\u00e1d\u00e1 i designov\u011b <strong>velmi vyveden\u00e1 l\u00e1hev<\/strong>. Na etiket\u011b je tak\u00e9 zobrazena kr\u00e1lovna Viktorie.<\/p>\n<p><strong>Bombay Sapphire<\/strong> je t\u0159ikr\u00e1t destilovan\u00fd. Vyzna\u010duje se destilac\u00ed \u201ecarterhead metodou\u201c, kdy destil\u00e1t <strong>v\u00a0plynn\u00e9m skupenstv\u00ed proch\u00e1z\u00ed ko\u0161em s\u00a0ko\u0159en\u00edm a bylinkami, a pot\u00e9 p\u0159ech\u00e1z\u00ed zp\u011bt do kapaln\u00e9ho skupenstv\u00ed<\/strong>. Gin tak nas\u00e1v\u00e1 vybran\u00e9 chut\u011b des\u00edti ingredienc\u00ed \u2013 mandle, citr\u00f3nov\u00e1 k\u016fra, l\u00e9ko\u0159ice, jalovcov\u00e9 bobule, ko\u0159en kosatce, and\u011blika, koriandr, \u010d\u00ednsk\u00e1 sko\u0159ice, cubeb (speci\u00e1ln\u00ed pep\u0159) a takzvan\u00e1 Zrnka R\u00e1je (ko\u0159en\u00ed pikantn\u00ed a \u0161tiplav\u00e9 chuti). Na kone\u010dn\u00fdch 40 % alkoholu je gin sm\u00edch\u00e1n s\u00a0jemnou vodou z\u00a0jezera Vyrnwy. Bombay Sapphire lze p\u00edt samotn\u00fd, skv\u011ble se v\u0161ak hod\u00ed do r\u016fzn\u00fdch m\u00edchan\u00fdch n\u00e1poj\u016f.<\/p>\n<p>Objem:<br \/>\nObsah alkoholu: 40% obj.<\/p>\n","protected":false},"featured_media":2461,"template":"","meta":[],"product_cat":[37],"product_tag":[],"acf":[],"yoast_head":"<!-- This site is optimized with the Yoast SEO Premium plugin v15.2.1 - https:\/\/yoast.com\/wordpress\/plugins\/seo\/ -->\n<meta name=\"description\" content=\"Rozv\u00e1\u017e\u00edme n\u00e1poje po Praze 24 hodin, 7 dn\u016f v t\u00fddnu - NONSTOP\" \/>\n<meta name=\"robots\" content=\"index, follow, max-snippet:-1, max-image-preview:large, max-video-preview:-1\" \/>\n<link rel=\"canonical\" href=\"https:\/\/www.party24.cz\/produkt\/gin-bombay-sapphire-1l\/\" \/>\n<meta property=\"og:locale\" content=\"en_US\" \/>\n<meta property=\"og:type\" content=\"article\" \/>\n<meta property=\"og:title\" content=\"Rozvoz Praha 24\/7\" \/>\n<meta property=\"og:description\" content=\"Rozv\u00e1\u017e\u00edme n\u00e1poje po Praze 24 hodin, 7 dn\u016f v t\u00fddnu - NONSTOP\" \/>\n<meta property=\"og:url\" content=\"https:\/\/www.party24.cz\/produkt\/gin-bombay-sapphire-1l\/\" \/>\n<meta property=\"og:site_name\" content=\"Party24\" \/>\n<meta property=\"article:publisher\" content=\"https:\/\/www.facebook.com\/party24.cz\" \/>\n<meta property=\"article:modified_time\" content=\"2023-12-23T16:32:52+00:00\" \/>\n<meta property=\"og:image\" content=\"https:\/\/www.party24.cz\/wp-content\/uploads\/2022\/07\/Bombay.jpg\" \/>\n\t<meta property=\"og:image:width\" content=\"1200\" \/>\n\t<meta property=\"og:image:height\" content=\"1200\" \/>\n<meta name=\"twitter:card\" content=\"summary_large_image\" \/>\n<meta name=\"twitter:label1\" content=\"Written by\">\n\t<meta name=\"twitter:data1\" content=\"Filip V\u00e1rt\u00e1s\">\n<script type=\"application\/ld+json\" class=\"yoast-schema-graph\">{\"@context\":\"https:\/\/schema.org\",\"@graph\":[{\"@type\":\"Organization\",\"@id\":\"https:\/\/www.party24.cz\/#organization\",\"name\":\"Party 24\",\"url\":\"https:\/\/www.party24.cz\/\",\"sameAs\":[\"https:\/\/www.facebook.com\/party24.cz\",\"https:\/\/www.instagram.com\/party24.cz\/\",\"https:\/\/www.youtube.com\/@party2457\"],\"logo\":{\"@type\":\"ImageObject\",\"@id\":\"https:\/\/www.party24.cz\/#logo\",\"inLanguage\":\"en-US\",\"url\":\"https:\/\/www.party24.cz\/wp-content\/uploads\/2022\/05\/logo_180x180.png\",\"width\":180,\"height\":180,\"caption\":\"Party 24\"},\"image\":{\"@id\":\"https:\/\/www.party24.cz\/#logo\"}},{\"@type\":\"WebSite\",\"@id\":\"https:\/\/www.party24.cz\/#website\",\"url\":\"https:\/\/www.party24.cz\/\",\"name\":\"Party24\",\"description\":\"Nonstop rozvoz alkoholu v Praze\",\"publisher\":{\"@id\":\"https:\/\/www.party24.cz\/#organization\"},\"potentialAction\":[{\"@type\":\"SearchAction\",\"target\":\"https:\/\/www.party24.cz\/?s={search_term_string}\",\"query-input\":\"required name=search_term_string\"}],\"inLanguage\":\"en-US\"},{\"@type\":\"ImageObject\",\"@id\":\"https:\/\/www.party24.cz\/produkt\/gin-bombay-sapphire-1l\/#primaryimage\",\"inLanguage\":\"en-US\",\"url\":\"https:\/\/www.party24.cz\/wp-content\/uploads\/2022\/07\/Bombay.jpg\",\"width\":1200,\"height\":1200},{\"@type\":\"WebPage\",\"@id\":\"https:\/\/www.party24.cz\/produkt\/gin-bombay-sapphire-1l\/#webpage\",\"url\":\"https:\/\/www.party24.cz\/produkt\/gin-bombay-sapphire-1l\/\",\"name\":\"Rozvoz Praha 24\/7\",\"isPartOf\":{\"@id\":\"https:\/\/www.party24.cz\/#website\"},\"primaryImageOfPage\":{\"@id\":\"https:\/\/www.party24.cz\/produkt\/gin-bombay-sapphire-1l\/#primaryimage\"},\"datePublished\":\"2022-07-15T07:02:02+00:00\",\"dateModified\":\"2023-12-23T16:32:52+00:00\",\"description\":\"Rozv\\u00e1\\u017e\\u00edme n\\u00e1poje po Praze 24 hodin, 7 dn\\u016f v t\\u00fddnu - NONSTOP\",\"inLanguage\":\"en-US\",\"potentialAction\":[{\"@type\":\"ReadAction\",\"target\":[\"https:\/\/www.party24.cz\/produkt\/gin-bombay-sapphire-1l\/\"]}]}]}<\/script>\n<!-- \/ Yoast SEO Premium plugin. -->","_links":{"self":[{"href":"https:\/\/www.party24.cz\/en\/wp-json\/wp\/v2\/product\/2381"}],"collection":[{"href":"https:\/\/www.party24.cz\/en\/wp-json\/wp\/v2\/product"}],"about":[{"href":"https:\/\/www.party24.cz\/en\/wp-json\/wp\/v2\/types\/product"}],"wp:featuredmedia":[{"embeddable":true,"href":"https:\/\/www.party24.cz\/en\/wp-json\/wp\/v2\/media\/2461"}],"wp:attachment":[{"href":"https:\/\/www.party24.cz\/en\/wp-json\/wp\/v2\/media?parent=2381"}],"wp:term":[{"taxonomy":"product_cat","embeddable":true,"href":"https:\/\/www.party24.cz\/en\/wp-json\/wp\/v2\/product_cat?post=2381"},{"taxonomy":"product_tag","embeddable":true,"href":"https:\/\/www.party24.cz\/en\/wp-json\/wp\/v2\/product_tag?post=2381"}],"curies":[{"name":"wp","href":"https:\/\/api.w.org\/{rel}","templated":true}]}}