{"id":2377,"date":"2022-07-15T09:02:02","date_gmt":"2022-07-15T07:02:02","guid":{"rendered":"https:\/\/party24.cz\/?post_type=product&#038;p=2377"},"modified":"2026-04-06T22:06:56","modified_gmt":"2026-04-06T20:06:56","slug":"party-popcorn-cheesebacon","status":"publish","type":"product","link":"https:\/\/www.party24.cz\/en\/produkt\/party-popcorn-cheesebacon\/","title":{"rendered":"Party Popcorn Cheese&amp;Bacon"},"content":{"rendered":"","protected":false},"excerpt":{"rendered":"<p>Hotov\u00fd popcorn s p\u0159\u00edchut\u00ed \u0161unka a s\u00fdr ve 2 litrov\u00e9m balen\u00ed k filmu, p\u00e1rty \u010di s sebou ven vyroben\u00fd v t\u00e9 nejvy\u0161\u0161\u00ed pr\u00e9miov\u00e9 kettle cinema kvalit\u011b. Dop\u0159ejte si i doma u sledov\u00e1n\u00ed filmu \u010di seri\u00e1l\u016f skv\u011bl\u00fd lahodn\u00fd \u010derstv\u00fd \u0161unka s\u00fdr kettle popcorn z t\u00e9 nejkvalitn\u011bj\u0161\u00ed pr\u00e9miov\u00e9 kuku\u0159ice a surovin na z\u00e1klad\u011b speci\u00e1ln\u00ed v\u00fdroby.<\/p>\n<p>Objem: 2l (60g)<\/p>\n","protected":false},"featured_media":2941,"template":"","meta":[],"product_cat":[52],"product_tag":[],"acf":[],"yoast_head":"<!-- This site is optimized with the Yoast SEO Premium plugin v15.2.1 - https:\/\/yoast.com\/wordpress\/plugins\/seo\/ -->\n<meta name=\"description\" content=\"Rozvoz alkoholick\u00fdch n\u00e1poj\u016f p\u0159\u00edmo k V\u00e1m na p\u00e1rty nebo domu. Zavolejte a do hodiny jsme i V\u00e1s.\" \/>\n<meta name=\"robots\" content=\"index, follow, max-snippet:-1, max-image-preview:large, max-video-preview:-1\" \/>\n<link rel=\"canonical\" href=\"https:\/\/www.party24.cz\/produkt\/party-popcorn-cheesebacon\/\" \/>\n<meta property=\"og:locale\" content=\"en_US\" \/>\n<meta property=\"og:type\" content=\"article\" \/>\n<meta property=\"og:title\" content=\"Rozvoz Praha 24\/7\" \/>\n<meta property=\"og:description\" content=\"Rozvoz alkoholick\u00fdch n\u00e1poj\u016f p\u0159\u00edmo k V\u00e1m na p\u00e1rty nebo domu. Zavolejte a do hodiny jsme i V\u00e1s.\" \/>\n<meta property=\"og:url\" content=\"https:\/\/www.party24.cz\/produkt\/party-popcorn-cheesebacon\/\" \/>\n<meta property=\"og:site_name\" content=\"Party24\" \/>\n<meta property=\"article:publisher\" content=\"https:\/\/www.facebook.com\/party24.cz\" \/>\n<meta property=\"article:modified_time\" content=\"2026-04-06T20:06:56+00:00\" \/>\n<meta property=\"og:image\" content=\"https:\/\/www.party24.cz\/wp-content\/uploads\/2022\/07\/PopcornBaC2.jpg\" \/>\n\t<meta property=\"og:image:width\" content=\"1200\" \/>\n\t<meta property=\"og:image:height\" content=\"1200\" \/>\n<meta name=\"twitter:card\" content=\"summary_large_image\" \/>\n<meta name=\"twitter:label1\" content=\"Written by\">\n\t<meta name=\"twitter:data1\" content=\"Filip V\u00e1rt\u00e1s\">\n<script type=\"application\/ld+json\" class=\"yoast-schema-graph\">{\"@context\":\"https:\/\/schema.org\",\"@graph\":[{\"@type\":\"Organization\",\"@id\":\"https:\/\/www.party24.cz\/#organization\",\"name\":\"Party 24\",\"url\":\"https:\/\/www.party24.cz\/\",\"sameAs\":[\"https:\/\/www.facebook.com\/party24.cz\",\"https:\/\/www.instagram.com\/party24.cz\/\",\"https:\/\/www.youtube.com\/@party2457\"],\"logo\":{\"@type\":\"ImageObject\",\"@id\":\"https:\/\/www.party24.cz\/#logo\",\"inLanguage\":\"en-US\",\"url\":\"https:\/\/www.party24.cz\/wp-content\/uploads\/2022\/05\/logo_180x180.png\",\"width\":180,\"height\":180,\"caption\":\"Party 24\"},\"image\":{\"@id\":\"https:\/\/www.party24.cz\/#logo\"}},{\"@type\":\"WebSite\",\"@id\":\"https:\/\/www.party24.cz\/#website\",\"url\":\"https:\/\/www.party24.cz\/\",\"name\":\"Party24\",\"description\":\"Nonstop rozvoz alkoholu v Praze\",\"publisher\":{\"@id\":\"https:\/\/www.party24.cz\/#organization\"},\"potentialAction\":[{\"@type\":\"SearchAction\",\"target\":\"https:\/\/www.party24.cz\/?s={search_term_string}\",\"query-input\":\"required name=search_term_string\"}],\"inLanguage\":\"en-US\"},{\"@type\":\"ImageObject\",\"@id\":\"https:\/\/www.party24.cz\/produkt\/party-popcorn-cheesebacon\/#primaryimage\",\"inLanguage\":\"en-US\",\"url\":\"https:\/\/www.party24.cz\/wp-content\/uploads\/2022\/07\/PopcornBaC2.jpg\",\"width\":1200,\"height\":1200},{\"@type\":\"WebPage\",\"@id\":\"https:\/\/www.party24.cz\/produkt\/party-popcorn-cheesebacon\/#webpage\",\"url\":\"https:\/\/www.party24.cz\/produkt\/party-popcorn-cheesebacon\/\",\"name\":\"Rozvoz Praha 24\/7\",\"isPartOf\":{\"@id\":\"https:\/\/www.party24.cz\/#website\"},\"primaryImageOfPage\":{\"@id\":\"https:\/\/www.party24.cz\/produkt\/party-popcorn-cheesebacon\/#primaryimage\"},\"datePublished\":\"2022-07-15T07:02:02+00:00\",\"dateModified\":\"2026-04-06T20:06:56+00:00\",\"description\":\"Rozvoz alkoholick\\u00fdch n\\u00e1poj\\u016f p\\u0159\\u00edmo k V\\u00e1m na p\\u00e1rty nebo domu. Zavolejte a do hodiny jsme i V\\u00e1s.\",\"inLanguage\":\"en-US\",\"potentialAction\":[{\"@type\":\"ReadAction\",\"target\":[\"https:\/\/www.party24.cz\/produkt\/party-popcorn-cheesebacon\/\"]}]}]}<\/script>\n<!-- \/ Yoast SEO Premium plugin. -->","_links":{"self":[{"href":"https:\/\/www.party24.cz\/en\/wp-json\/wp\/v2\/product\/2377"}],"collection":[{"href":"https:\/\/www.party24.cz\/en\/wp-json\/wp\/v2\/product"}],"about":[{"href":"https:\/\/www.party24.cz\/en\/wp-json\/wp\/v2\/types\/product"}],"wp:featuredmedia":[{"embeddable":true,"href":"https:\/\/www.party24.cz\/en\/wp-json\/wp\/v2\/media\/2941"}],"wp:attachment":[{"href":"https:\/\/www.party24.cz\/en\/wp-json\/wp\/v2\/media?parent=2377"}],"wp:term":[{"taxonomy":"product_cat","embeddable":true,"href":"https:\/\/www.party24.cz\/en\/wp-json\/wp\/v2\/product_cat?post=2377"},{"taxonomy":"product_tag","embeddable":true,"href":"https:\/\/www.party24.cz\/en\/wp-json\/wp\/v2\/product_tag?post=2377"}],"curies":[{"name":"wp","href":"https:\/\/api.w.org\/{rel}","templated":true}]}}