{"id":2372,"date":"2022-07-15T09:02:02","date_gmt":"2022-07-15T07:02:02","guid":{"rendered":"https:\/\/party24.cz\/?post_type=product&#038;p=2372"},"modified":"2023-12-27T02:19:02","modified_gmt":"2023-12-27T01:19:02","slug":"havana-club-anejo-3-anos-1l","status":"publish","type":"product","link":"https:\/\/www.party24.cz\/en\/produkt\/havana-club-anejo-3-anos-1l\/","title":{"rendered":"Havana Club A\u0148ejo 3 a\u0148os 1l"},"content":{"rendered":"<p class=\"p1\"><span class=\"s1\">Havana Club A\u0148ejo 3 a\u0148os 1l<\/span><\/p>\n","protected":false},"excerpt":{"rendered":"<p class=\"p1\"><span class=\"s1\">Pr\u00e9miov\u00fd rum do koktejl\u016f &#8211; Rum Havana Club 3 A\u00f1os je nejpresti\u017en\u011bj\u0161\u00edm z b\u00edl\u00fdch rum\u016f. V\u0161em koktejl\u016fm a sm\u011bs\u00edm dod\u00e1v\u00e1 pe\u010de\u0165 jedine\u010dn\u00e9 stylovosti. Rum Havana Club 3 A\u00f1os je v\u00fdsledkem m\u00edch\u00e1n\u00ed vyzr\u00e1l\u00fdch a aromatick\u00fdch aguardientes s extra lehk\u00fdmi destil\u00e1ty z cukrov\u00e9 t\u0159tiny, kter\u00e9 vytv\u00e1\u0159\u00ed v\u00fdb\u011br mlad\u00fdch rum\u016f. Tato sm\u011bs rum\u016f se pot\u00e9 nech\u00e1 odpo\u010d\u00edvat v sudech z b\u00edl\u00e9ho dubov\u00e9ho d\u0159eva a pot\u00e9 Maestro Ronero vybere nejlep\u0161\u00ed sudy a nam\u00edch\u00e1 fin\u00e1ln\u00ed t\u0159\u00edlet\u00fd rum, kter\u00fd se n\u00e1sledn\u011b op\u011bt nech\u00e1 odpo\u010d\u00edvat a kter\u00fd je pot\u00e9 filtrov\u00e1n a st\u00e1\u010den.<br \/>\nObjem: 1l<br \/>\nObsah alkoholu: 40% obj.<\/span><\/p>\n","protected":false},"featured_media":2597,"template":"","meta":[],"product_cat":[36],"product_tag":[],"acf":[],"yoast_head":"<!-- This site is optimized with the Yoast SEO Premium plugin v15.2.1 - https:\/\/yoast.com\/wordpress\/plugins\/seo\/ -->\n<meta name=\"description\" content=\"Nonstop rozvoz alkoholu Praha. Domu nebo na p\u00e1rty.\" \/>\n<meta name=\"robots\" content=\"index, follow, max-snippet:-1, max-image-preview:large, max-video-preview:-1\" \/>\n<link rel=\"canonical\" href=\"https:\/\/www.party24.cz\/produkt\/havana-club-anejo-3-anos-1l\/\" \/>\n<meta property=\"og:locale\" content=\"en_US\" \/>\n<meta property=\"og:type\" content=\"article\" \/>\n<meta property=\"og:title\" content=\"Rozvoz Praha 24 hodin, 7 dn\u016f v t\u00fddnu\" \/>\n<meta property=\"og:description\" content=\"Nonstop rozvoz alkoholu Praha. Domu nebo na p\u00e1rty.\" \/>\n<meta property=\"og:url\" content=\"https:\/\/www.party24.cz\/produkt\/havana-club-anejo-3-anos-1l\/\" \/>\n<meta property=\"og:site_name\" content=\"Party24\" \/>\n<meta property=\"article:publisher\" content=\"https:\/\/www.facebook.com\/party24.cz\" \/>\n<meta property=\"article:modified_time\" content=\"2023-12-27T01:19:02+00:00\" \/>\n<meta property=\"og:image\" content=\"https:\/\/www.party24.cz\/wp-content\/uploads\/2022\/07\/Havana-Club-Anejo-3-anos-1l-1.jpg\" \/>\n\t<meta property=\"og:image:width\" content=\"1200\" \/>\n\t<meta property=\"og:image:height\" content=\"1200\" \/>\n<meta name=\"twitter:card\" content=\"summary_large_image\" \/>\n<meta name=\"twitter:label1\" content=\"Written by\">\n\t<meta name=\"twitter:data1\" content=\"Filip V\u00e1rt\u00e1s\">\n\t<meta name=\"twitter:label2\" content=\"Est. reading time\">\n\t<meta name=\"twitter:data2\" content=\"0 minutes\">\n<script type=\"application\/ld+json\" class=\"yoast-schema-graph\">{\"@context\":\"https:\/\/schema.org\",\"@graph\":[{\"@type\":\"Organization\",\"@id\":\"https:\/\/www.party24.cz\/#organization\",\"name\":\"Party 24\",\"url\":\"https:\/\/www.party24.cz\/\",\"sameAs\":[\"https:\/\/www.facebook.com\/party24.cz\",\"https:\/\/www.instagram.com\/party24.cz\/\",\"https:\/\/www.youtube.com\/@party2457\"],\"logo\":{\"@type\":\"ImageObject\",\"@id\":\"https:\/\/www.party24.cz\/#logo\",\"inLanguage\":\"en-US\",\"url\":\"https:\/\/www.party24.cz\/wp-content\/uploads\/2022\/05\/logo_180x180.png\",\"width\":180,\"height\":180,\"caption\":\"Party 24\"},\"image\":{\"@id\":\"https:\/\/www.party24.cz\/#logo\"}},{\"@type\":\"WebSite\",\"@id\":\"https:\/\/www.party24.cz\/#website\",\"url\":\"https:\/\/www.party24.cz\/\",\"name\":\"Party24\",\"description\":\"Nonstop rozvoz alkoholu v Praze\",\"publisher\":{\"@id\":\"https:\/\/www.party24.cz\/#organization\"},\"potentialAction\":[{\"@type\":\"SearchAction\",\"target\":\"https:\/\/www.party24.cz\/?s={search_term_string}\",\"query-input\":\"required name=search_term_string\"}],\"inLanguage\":\"en-US\"},{\"@type\":\"ImageObject\",\"@id\":\"https:\/\/www.party24.cz\/produkt\/havana-club-anejo-3-anos-1l\/#primaryimage\",\"inLanguage\":\"en-US\",\"url\":\"https:\/\/www.party24.cz\/wp-content\/uploads\/2022\/07\/Havana-Club-Anejo-3-anos-1l-1.jpg\",\"width\":1200,\"height\":1200},{\"@type\":\"WebPage\",\"@id\":\"https:\/\/www.party24.cz\/produkt\/havana-club-anejo-3-anos-1l\/#webpage\",\"url\":\"https:\/\/www.party24.cz\/produkt\/havana-club-anejo-3-anos-1l\/\",\"name\":\"Rozvoz Praha 24 hodin, 7 dn\\u016f v t\\u00fddnu\",\"isPartOf\":{\"@id\":\"https:\/\/www.party24.cz\/#website\"},\"primaryImageOfPage\":{\"@id\":\"https:\/\/www.party24.cz\/produkt\/havana-club-anejo-3-anos-1l\/#primaryimage\"},\"datePublished\":\"2022-07-15T07:02:02+00:00\",\"dateModified\":\"2023-12-27T01:19:02+00:00\",\"description\":\"Nonstop rozvoz alkoholu Praha. Domu nebo na p\\u00e1rty.\",\"inLanguage\":\"en-US\",\"potentialAction\":[{\"@type\":\"ReadAction\",\"target\":[\"https:\/\/www.party24.cz\/produkt\/havana-club-anejo-3-anos-1l\/\"]}]}]}<\/script>\n<!-- \/ Yoast SEO Premium plugin. -->","_links":{"self":[{"href":"https:\/\/www.party24.cz\/en\/wp-json\/wp\/v2\/product\/2372"}],"collection":[{"href":"https:\/\/www.party24.cz\/en\/wp-json\/wp\/v2\/product"}],"about":[{"href":"https:\/\/www.party24.cz\/en\/wp-json\/wp\/v2\/types\/product"}],"wp:featuredmedia":[{"embeddable":true,"href":"https:\/\/www.party24.cz\/en\/wp-json\/wp\/v2\/media\/2597"}],"wp:attachment":[{"href":"https:\/\/www.party24.cz\/en\/wp-json\/wp\/v2\/media?parent=2372"}],"wp:term":[{"taxonomy":"product_cat","embeddable":true,"href":"https:\/\/www.party24.cz\/en\/wp-json\/wp\/v2\/product_cat?post=2372"},{"taxonomy":"product_tag","embeddable":true,"href":"https:\/\/www.party24.cz\/en\/wp-json\/wp\/v2\/product_tag?post=2372"}],"curies":[{"name":"wp","href":"https:\/\/api.w.org\/{rel}","templated":true}]}}