{"id":2370,"date":"2022-07-15T09:02:02","date_gmt":"2022-07-15T07:02:02","guid":{"rendered":"https:\/\/party24.cz\/?post_type=product&#038;p=2370"},"modified":"2022-12-25T12:47:10","modified_gmt":"2022-12-25T11:47:10","slug":"bohemia-sekt-demi-sec-075l","status":"publish","type":"product","link":"https:\/\/www.party24.cz\/en\/produkt\/bohemia-sekt-demi-sec-075l\/","title":{"rendered":"Bohemia Sekt Demi Sec 0,75l"},"content":{"rendered":"","protected":false},"excerpt":{"rendered":"<p>Bohemia Sekt demi sec je \u0161umiv\u00e9 v\u00edno harmonick\u00e9, jemn\u011b nasl\u00e1dl\u00e9 chuti a\u00a0sv\u011b\u017e\u00ed, st\u0159edn\u011b pln\u00e9 kv\u011btnat\u00e9 v\u016fn\u011b. Cuv\u00e9e je sestavov\u00e1no podle origin\u00e1ln\u00ed receptury z\u00a0vysoce kvalitn\u00edch b\u00edl\u00fdch v\u00edn nejlep\u0161\u00edch odr\u016fd. Jeho popularita roste i\u00a0v\u00a0l\u00e9t\u011b \u2013 v\u00a0hork\u00e9m letn\u00edm odpoledni v\u00a0kombinaci s\u00a0vyzr\u00e1l\u00fdmi jahodami p\u0159in\u00e1\u0161\u00ed Bohemia Sekt demi sec to nejlep\u0161\u00ed osv\u011b\u017een\u00ed.<\/p>\n<p><strong>Obsah: 0,75l<\/strong><\/p>\n<p><strong>Obsah alkohou: 11% obj.<\/strong><\/p>\n","protected":false},"featured_media":2406,"template":"","meta":[],"product_cat":[47],"product_tag":[],"acf":[],"yoast_head":"<!-- This site is optimized with the Yoast SEO Premium plugin v15.2.1 - https:\/\/yoast.com\/wordpress\/plugins\/seo\/ -->\n<meta name=\"description\" content=\"Rozv\u00e1\u017e\u00edme n\u00e1poje po Praze 24 hodin, 7 dn\u016f v t\u00fddnu - NONSTOP\" \/>\n<meta name=\"robots\" content=\"index, follow, max-snippet:-1, max-image-preview:large, max-video-preview:-1\" \/>\n<link rel=\"canonical\" href=\"https:\/\/www.party24.cz\/produkt\/bohemia-sekt-demi-sec-075l\/\" \/>\n<meta property=\"og:locale\" content=\"en_US\" \/>\n<meta property=\"og:type\" content=\"article\" \/>\n<meta property=\"og:title\" content=\"Rozvoz 24 hodin, 7 dn\u016f v t\u00fddnu\" \/>\n<meta property=\"og:description\" content=\"Rozv\u00e1\u017e\u00edme n\u00e1poje po Praze 24 hodin, 7 dn\u016f v t\u00fddnu - NONSTOP\" \/>\n<meta property=\"og:url\" content=\"https:\/\/www.party24.cz\/produkt\/bohemia-sekt-demi-sec-075l\/\" \/>\n<meta property=\"og:site_name\" content=\"Party24\" \/>\n<meta property=\"article:publisher\" content=\"https:\/\/www.facebook.com\/party24.cz\" \/>\n<meta property=\"article:modified_time\" content=\"2022-12-25T11:47:10+00:00\" \/>\n<meta property=\"og:image\" content=\"https:\/\/www.party24.cz\/wp-content\/uploads\/2022\/07\/BohemiaDemi.jpg\" \/>\n\t<meta property=\"og:image:width\" content=\"1200\" \/>\n\t<meta property=\"og:image:height\" content=\"1200\" \/>\n<meta name=\"twitter:card\" content=\"summary_large_image\" \/>\n<meta name=\"twitter:label1\" content=\"Written by\">\n\t<meta name=\"twitter:data1\" content=\"Filip V\u00e1rt\u00e1s\">\n<script type=\"application\/ld+json\" class=\"yoast-schema-graph\">{\"@context\":\"https:\/\/schema.org\",\"@graph\":[{\"@type\":\"Organization\",\"@id\":\"https:\/\/www.party24.cz\/#organization\",\"name\":\"Party 24\",\"url\":\"https:\/\/www.party24.cz\/\",\"sameAs\":[\"https:\/\/www.facebook.com\/party24.cz\",\"https:\/\/www.instagram.com\/party24.cz\/\",\"https:\/\/www.youtube.com\/@party2457\"],\"logo\":{\"@type\":\"ImageObject\",\"@id\":\"https:\/\/www.party24.cz\/#logo\",\"inLanguage\":\"en-US\",\"url\":\"https:\/\/www.party24.cz\/wp-content\/uploads\/2022\/05\/logo_180x180.png\",\"width\":180,\"height\":180,\"caption\":\"Party 24\"},\"image\":{\"@id\":\"https:\/\/www.party24.cz\/#logo\"}},{\"@type\":\"WebSite\",\"@id\":\"https:\/\/www.party24.cz\/#website\",\"url\":\"https:\/\/www.party24.cz\/\",\"name\":\"Party24\",\"description\":\"Nonstop rozvoz alkoholu v Praze\",\"publisher\":{\"@id\":\"https:\/\/www.party24.cz\/#organization\"},\"potentialAction\":[{\"@type\":\"SearchAction\",\"target\":\"https:\/\/www.party24.cz\/?s={search_term_string}\",\"query-input\":\"required name=search_term_string\"}],\"inLanguage\":\"en-US\"},{\"@type\":\"ImageObject\",\"@id\":\"https:\/\/www.party24.cz\/produkt\/bohemia-sekt-demi-sec-075l\/#primaryimage\",\"inLanguage\":\"en-US\",\"url\":\"https:\/\/www.party24.cz\/wp-content\/uploads\/2022\/07\/BohemiaDemi.jpg\",\"width\":1200,\"height\":1200},{\"@type\":\"WebPage\",\"@id\":\"https:\/\/www.party24.cz\/produkt\/bohemia-sekt-demi-sec-075l\/#webpage\",\"url\":\"https:\/\/www.party24.cz\/produkt\/bohemia-sekt-demi-sec-075l\/\",\"name\":\"Rozvoz 24 hodin, 7 dn\\u016f v t\\u00fddnu\",\"isPartOf\":{\"@id\":\"https:\/\/www.party24.cz\/#website\"},\"primaryImageOfPage\":{\"@id\":\"https:\/\/www.party24.cz\/produkt\/bohemia-sekt-demi-sec-075l\/#primaryimage\"},\"datePublished\":\"2022-07-15T07:02:02+00:00\",\"dateModified\":\"2022-12-25T11:47:10+00:00\",\"description\":\"Rozv\\u00e1\\u017e\\u00edme n\\u00e1poje po Praze 24 hodin, 7 dn\\u016f v t\\u00fddnu - NONSTOP\",\"inLanguage\":\"en-US\",\"potentialAction\":[{\"@type\":\"ReadAction\",\"target\":[\"https:\/\/www.party24.cz\/produkt\/bohemia-sekt-demi-sec-075l\/\"]}]}]}<\/script>\n<!-- \/ Yoast SEO Premium plugin. -->","_links":{"self":[{"href":"https:\/\/www.party24.cz\/en\/wp-json\/wp\/v2\/product\/2370"}],"collection":[{"href":"https:\/\/www.party24.cz\/en\/wp-json\/wp\/v2\/product"}],"about":[{"href":"https:\/\/www.party24.cz\/en\/wp-json\/wp\/v2\/types\/product"}],"wp:featuredmedia":[{"embeddable":true,"href":"https:\/\/www.party24.cz\/en\/wp-json\/wp\/v2\/media\/2406"}],"wp:attachment":[{"href":"https:\/\/www.party24.cz\/en\/wp-json\/wp\/v2\/media?parent=2370"}],"wp:term":[{"taxonomy":"product_cat","embeddable":true,"href":"https:\/\/www.party24.cz\/en\/wp-json\/wp\/v2\/product_cat?post=2370"},{"taxonomy":"product_tag","embeddable":true,"href":"https:\/\/www.party24.cz\/en\/wp-json\/wp\/v2\/product_tag?post=2370"}],"curies":[{"name":"wp","href":"https:\/\/api.w.org\/{rel}","templated":true}]}}