{"id":2351,"date":"2022-07-15T11:02:01","date_gmt":"2022-07-15T09:02:01","guid":{"rendered":"https:\/\/party24.cz\/?post_type=product&#038;p=2351"},"modified":"2025-09-03T21:34:24","modified_gmt":"2025-09-03T19:34:24","slug":"coca-cola-175l","status":"publish","type":"product","link":"https:\/\/www.party24.cz\/en\/produkt\/coca-cola-175l\/","title":{"rendered":"Pepsi 1,5l"},"content":{"rendered":"","protected":false},"excerpt":{"rendered":"<p>Legenda mezi sycen\u00fdmi n\u00e1poji s\u00a0p\u0159\u00edchut\u00ed coly, kter\u00e1 svoj\u00ed nezam\u011bnitelnou chut\u00ed osv\u011b\u017euje v\u0161echny generace po cel\u00e9m sv\u011bt\u011b u\u017e v\u00edce ne\u017e 100 let. Pepsi je slazen\u00e1 cukrem a\u00a0sladidly. Cukr pro\u00a0v\u00fdrobu Pepsi je odeb\u00edr\u00e1n v\u00fdhradn\u011b od\u00a0lok\u00e1ln\u00edch dodavatel\u016f.<\/p>\n<p>Objem: 1,5l<\/p>\n","protected":false},"featured_media":18220,"template":"","meta":[],"product_cat":[49],"product_tag":[],"acf":[],"yoast_head":"<!-- This site is optimized with the Yoast SEO Premium plugin v15.2.1 - https:\/\/yoast.com\/wordpress\/plugins\/seo\/ -->\n<meta name=\"description\" content=\"Nonstop rozvoz alkoholu Praha. Domu nebo na p\u00e1rty.\" \/>\n<meta name=\"robots\" content=\"index, follow, max-snippet:-1, max-image-preview:large, max-video-preview:-1\" \/>\n<link rel=\"canonical\" href=\"https:\/\/www.party24.cz\/produkt\/coca-cola-175l\/\" \/>\n<meta property=\"og:locale\" content=\"en_US\" \/>\n<meta property=\"og:type\" content=\"article\" \/>\n<meta property=\"og:title\" content=\"Rozvoz 24 hodin, 7 dn\u016f v t\u00fddnu\" \/>\n<meta property=\"og:description\" content=\"Nonstop rozvoz alkoholu Praha. Domu nebo na p\u00e1rty.\" \/>\n<meta property=\"og:url\" content=\"https:\/\/www.party24.cz\/produkt\/coca-cola-175l\/\" \/>\n<meta property=\"og:site_name\" content=\"Party24\" \/>\n<meta property=\"article:publisher\" content=\"https:\/\/www.facebook.com\/party24.cz\" \/>\n<meta property=\"article:modified_time\" content=\"2025-09-03T19:34:24+00:00\" \/>\n<meta property=\"og:image\" content=\"https:\/\/www.party24.cz\/wp-content\/uploads\/2022\/07\/Coca-Cola-2l-2-optimized.jpg\" \/>\n\t<meta property=\"og:image:width\" content=\"1200\" \/>\n\t<meta property=\"og:image:height\" content=\"1200\" \/>\n<meta name=\"twitter:card\" content=\"summary_large_image\" \/>\n<meta name=\"twitter:label1\" content=\"Written by\">\n\t<meta name=\"twitter:data1\" content=\"Filip V\u00e1rt\u00e1s\">\n<script type=\"application\/ld+json\" class=\"yoast-schema-graph\">{\"@context\":\"https:\/\/schema.org\",\"@graph\":[{\"@type\":\"Organization\",\"@id\":\"https:\/\/www.party24.cz\/#organization\",\"name\":\"Party 24\",\"url\":\"https:\/\/www.party24.cz\/\",\"sameAs\":[\"https:\/\/www.facebook.com\/party24.cz\",\"https:\/\/www.instagram.com\/party24.cz\/\",\"https:\/\/www.youtube.com\/@party2457\"],\"logo\":{\"@type\":\"ImageObject\",\"@id\":\"https:\/\/www.party24.cz\/#logo\",\"inLanguage\":\"en-US\",\"url\":\"https:\/\/www.party24.cz\/wp-content\/uploads\/2022\/05\/logo_180x180.png\",\"width\":180,\"height\":180,\"caption\":\"Party 24\"},\"image\":{\"@id\":\"https:\/\/www.party24.cz\/#logo\"}},{\"@type\":\"WebSite\",\"@id\":\"https:\/\/www.party24.cz\/#website\",\"url\":\"https:\/\/www.party24.cz\/\",\"name\":\"Party24\",\"description\":\"Nonstop rozvoz alkoholu v Praze\",\"publisher\":{\"@id\":\"https:\/\/www.party24.cz\/#organization\"},\"potentialAction\":[{\"@type\":\"SearchAction\",\"target\":\"https:\/\/www.party24.cz\/?s={search_term_string}\",\"query-input\":\"required name=search_term_string\"}],\"inLanguage\":\"en-US\"},{\"@type\":\"ImageObject\",\"@id\":\"https:\/\/www.party24.cz\/produkt\/coca-cola-175l\/#primaryimage\",\"inLanguage\":\"en-US\",\"url\":\"https:\/\/www.party24.cz\/wp-content\/uploads\/2022\/07\/Coca-Cola-2l-2-optimized.jpg\",\"width\":1200,\"height\":1200},{\"@type\":\"WebPage\",\"@id\":\"https:\/\/www.party24.cz\/produkt\/coca-cola-175l\/#webpage\",\"url\":\"https:\/\/www.party24.cz\/produkt\/coca-cola-175l\/\",\"name\":\"Rozvoz 24 hodin, 7 dn\\u016f v t\\u00fddnu\",\"isPartOf\":{\"@id\":\"https:\/\/www.party24.cz\/#website\"},\"primaryImageOfPage\":{\"@id\":\"https:\/\/www.party24.cz\/produkt\/coca-cola-175l\/#primaryimage\"},\"datePublished\":\"2022-07-15T09:02:01+00:00\",\"dateModified\":\"2025-09-03T19:34:24+00:00\",\"description\":\"Nonstop rozvoz alkoholu Praha. Domu nebo na p\\u00e1rty.\",\"inLanguage\":\"en-US\",\"potentialAction\":[{\"@type\":\"ReadAction\",\"target\":[\"https:\/\/www.party24.cz\/produkt\/coca-cola-175l\/\"]}]}]}<\/script>\n<!-- \/ Yoast SEO Premium plugin. -->","_links":{"self":[{"href":"https:\/\/www.party24.cz\/en\/wp-json\/wp\/v2\/product\/2351"}],"collection":[{"href":"https:\/\/www.party24.cz\/en\/wp-json\/wp\/v2\/product"}],"about":[{"href":"https:\/\/www.party24.cz\/en\/wp-json\/wp\/v2\/types\/product"}],"wp:featuredmedia":[{"embeddable":true,"href":"https:\/\/www.party24.cz\/en\/wp-json\/wp\/v2\/media\/18220"}],"wp:attachment":[{"href":"https:\/\/www.party24.cz\/en\/wp-json\/wp\/v2\/media?parent=2351"}],"wp:term":[{"taxonomy":"product_cat","embeddable":true,"href":"https:\/\/www.party24.cz\/en\/wp-json\/wp\/v2\/product_cat?post=2351"},{"taxonomy":"product_tag","embeddable":true,"href":"https:\/\/www.party24.cz\/en\/wp-json\/wp\/v2\/product_tag?post=2351"}],"curies":[{"name":"wp","href":"https:\/\/api.w.org\/{rel}","templated":true}]}}