{"id":2349,"date":"2022-07-15T09:02:01","date_gmt":"2022-07-15T09:02:01","guid":{"rendered":"https:\/\/party24.cz\/?post_type=product&#038;p=2349"},"modified":"2022-12-12T08:33:50","modified_gmt":"2022-12-12T07:33:50","slug":"red-bull-025l","status":"publish","type":"product","link":"https:\/\/www.party24.cz\/en\/produkt\/red-bull-025l\/","title":{"rendered":"Red Bull 0,25l"},"content":{"rendered":"<p>Nejzn\u00e1m\u011bj\u0161\u00ed energetick\u00fd n\u00e1poj hodic\u00ed se snad ke v\u0161em druh\u016f alkoholu.<\/p>\n","protected":false},"excerpt":{"rendered":"<p>Red Bull\u00ae Energy Drink &#8211; celosv\u011btov\u011b cen\u011bn\u00fd vrcholov\u00fdmi sportovci, studenty, ve vysoce n\u00e1ro\u010dn\u00fdch profes\u00edch a tak\u00e9 p\u0159i dlouh\u00fdch j\u00edzd\u00e1ch.<\/p>\n<p>Red Bull je funk\u010dn\u00ed n\u00e1poj, kter\u00fd v\u00e1m d\u00e1v\u00e1 k\u0159\u00eddla kdykoliv je pot\u0159ebujete. Kdy jej p\u00edt? P\u0159i \u0159\u00edzen\u00ed, ve \u0161kole a b\u011bhem studia, v pr\u00e1ci, p\u0159i sportu \u010di hran\u00ed videoher anebo kdy\u017e se jdete bavit &#8211; jak ve dne, tak v noci. <\/p>\n<p>Objem: 0,25l<\/p>\n<p>Slo\u017een\u00ed: Voda, Sachar\u00f3za, Gluk\u00f3za, Kyselina (kyselina citronov\u00e1), Oxid uhli\u010dit\u00fd, Taurin (0,4%), Regul\u00e1tor kyselosti (uhli\u010ditany sodn\u00e9, uhli\u010ditany ho\u0159e\u010dnat\u00e9), Kofein (0,03%), Vitam\u00edny (niacin, kyselina pantothenov\u00e1, B6, B12), Aroma, Barviva (karamel. riboflavin)<\/p>\n","protected":false},"featured_media":2408,"template":"","meta":[],"product_cat":[49],"product_tag":[],"acf":[],"yoast_head":"<!-- This site is optimized with the Yoast SEO Premium plugin v15.2.1 - https:\/\/yoast.com\/wordpress\/plugins\/seo\/ -->\n<meta name=\"description\" content=\"Rozvoz alkoholick\u00fdch n\u00e1poj\u016f p\u0159\u00edmo k V\u00e1m na p\u00e1rty nebo domu. Zavolejte a do hodiny jsme i V\u00e1s.\" \/>\n<meta name=\"robots\" content=\"index, follow, max-snippet:-1, max-image-preview:large, max-video-preview:-1\" \/>\n<link rel=\"canonical\" href=\"https:\/\/www.party24.cz\/produkt\/red-bull-025l\/\" \/>\n<meta property=\"og:locale\" content=\"en_US\" \/>\n<meta property=\"og:type\" content=\"article\" \/>\n<meta property=\"og:title\" content=\"Rozvoz Praha 24\/7\" \/>\n<meta property=\"og:description\" content=\"Rozvoz alkoholick\u00fdch n\u00e1poj\u016f p\u0159\u00edmo k V\u00e1m na p\u00e1rty nebo domu. Zavolejte a do hodiny jsme i V\u00e1s.\" \/>\n<meta property=\"og:url\" content=\"https:\/\/www.party24.cz\/produkt\/red-bull-025l\/\" \/>\n<meta property=\"og:site_name\" content=\"Party24\" \/>\n<meta property=\"article:publisher\" content=\"https:\/\/www.facebook.com\/party24.cz\" \/>\n<meta property=\"article:modified_time\" content=\"2022-12-12T07:33:50+00:00\" \/>\n<meta property=\"og:image\" content=\"https:\/\/www.party24.cz\/wp-content\/uploads\/2022\/07\/RedBull-1.jpg\" \/>\n\t<meta property=\"og:image:width\" content=\"1200\" \/>\n\t<meta property=\"og:image:height\" content=\"1200\" \/>\n<meta name=\"twitter:card\" content=\"summary_large_image\" \/>\n<meta name=\"twitter:label1\" content=\"Written by\">\n\t<meta name=\"twitter:data1\" content=\"Filip V\u00e1rt\u00e1s\">\n\t<meta name=\"twitter:label2\" content=\"Est. reading time\">\n\t<meta name=\"twitter:data2\" content=\"0 minutes\">\n<script type=\"application\/ld+json\" class=\"yoast-schema-graph\">{\"@context\":\"https:\/\/schema.org\",\"@graph\":[{\"@type\":\"Organization\",\"@id\":\"https:\/\/www.party24.cz\/#organization\",\"name\":\"Party 24\",\"url\":\"https:\/\/www.party24.cz\/\",\"sameAs\":[\"https:\/\/www.facebook.com\/party24.cz\",\"https:\/\/www.instagram.com\/party24.cz\/\",\"https:\/\/www.youtube.com\/@party2457\"],\"logo\":{\"@type\":\"ImageObject\",\"@id\":\"https:\/\/www.party24.cz\/#logo\",\"inLanguage\":\"en-US\",\"url\":\"https:\/\/www.party24.cz\/wp-content\/uploads\/2022\/05\/logo_180x180.png\",\"width\":180,\"height\":180,\"caption\":\"Party 24\"},\"image\":{\"@id\":\"https:\/\/www.party24.cz\/#logo\"}},{\"@type\":\"WebSite\",\"@id\":\"https:\/\/www.party24.cz\/#website\",\"url\":\"https:\/\/www.party24.cz\/\",\"name\":\"Party24\",\"description\":\"Nonstop rozvoz alkoholu v Praze\",\"publisher\":{\"@id\":\"https:\/\/www.party24.cz\/#organization\"},\"potentialAction\":[{\"@type\":\"SearchAction\",\"target\":\"https:\/\/www.party24.cz\/?s={search_term_string}\",\"query-input\":\"required name=search_term_string\"}],\"inLanguage\":\"en-US\"},{\"@type\":\"ImageObject\",\"@id\":\"https:\/\/www.party24.cz\/produkt\/red-bull-025l\/#primaryimage\",\"inLanguage\":\"en-US\",\"url\":\"https:\/\/www.party24.cz\/wp-content\/uploads\/2022\/07\/RedBull-1.jpg\",\"width\":1200,\"height\":1200},{\"@type\":\"WebPage\",\"@id\":\"https:\/\/www.party24.cz\/produkt\/red-bull-025l\/#webpage\",\"url\":\"https:\/\/www.party24.cz\/produkt\/red-bull-025l\/\",\"name\":\"Rozvoz Praha 24\/7\",\"isPartOf\":{\"@id\":\"https:\/\/www.party24.cz\/#website\"},\"primaryImageOfPage\":{\"@id\":\"https:\/\/www.party24.cz\/produkt\/red-bull-025l\/#primaryimage\"},\"datePublished\":\"2022-07-15T09:02:01+00:00\",\"dateModified\":\"2022-12-12T07:33:50+00:00\",\"description\":\"Rozvoz alkoholick\\u00fdch n\\u00e1poj\\u016f p\\u0159\\u00edmo k V\\u00e1m na p\\u00e1rty nebo domu. Zavolejte a do hodiny jsme i V\\u00e1s.\",\"inLanguage\":\"en-US\",\"potentialAction\":[{\"@type\":\"ReadAction\",\"target\":[\"https:\/\/www.party24.cz\/produkt\/red-bull-025l\/\"]}]}]}<\/script>\n<!-- \/ Yoast SEO Premium plugin. -->","_links":{"self":[{"href":"https:\/\/www.party24.cz\/en\/wp-json\/wp\/v2\/product\/2349"}],"collection":[{"href":"https:\/\/www.party24.cz\/en\/wp-json\/wp\/v2\/product"}],"about":[{"href":"https:\/\/www.party24.cz\/en\/wp-json\/wp\/v2\/types\/product"}],"wp:featuredmedia":[{"embeddable":true,"href":"https:\/\/www.party24.cz\/en\/wp-json\/wp\/v2\/media\/2408"}],"wp:attachment":[{"href":"https:\/\/www.party24.cz\/en\/wp-json\/wp\/v2\/media?parent=2349"}],"wp:term":[{"taxonomy":"product_cat","embeddable":true,"href":"https:\/\/www.party24.cz\/en\/wp-json\/wp\/v2\/product_cat?post=2349"},{"taxonomy":"product_tag","embeddable":true,"href":"https:\/\/www.party24.cz\/en\/wp-json\/wp\/v2\/product_tag?post=2349"}],"curies":[{"name":"wp","href":"https:\/\/api.w.org\/{rel}","templated":true}]}}