{"id":2347,"date":"2022-07-15T09:02:01","date_gmt":"2022-07-15T07:02:01","guid":{"rendered":"https:\/\/party24.cz\/?post_type=product&#038;p=2347"},"modified":"2025-03-01T15:59:19","modified_gmt":"2025-03-01T14:59:19","slug":"granini-pomeranc-1l","status":"publish","type":"product","link":"https:\/\/www.party24.cz\/en\/produkt\/granini-pomeranc-1l\/","title":{"rendered":"Granini pomeran\u010d 1l"},"content":{"rendered":"","protected":false},"excerpt":{"rendered":"<p>Je zna\u010dka jednoho z nejprod\u00e1van\u011bj\u0161\u00edch pr\u00e9miov\u00fdch d\u017eus\u016f a nektar\u016f v Evrop\u011b. Pro jejich v\u00fdrobu jsou pe\u010dliv\u011b vyb\u00edr\u00e1ny ty nejlep\u0161\u00ed druhy ovoce z cel\u00e9ho sv\u011bta, kter\u00e9 spl\u0148uj\u00ed p\u0159\u00edsn\u00e1 krit\u00e9ria na senzorickou i chu\u0165ovou kvalitu. D\u016fsledn\u011b kontrolovan\u00fd proces p\u011bstov\u00e1n\u00ed, sklizn\u011b a zpracov\u00e1n\u00ed spolu s nejnov\u011bj\u0161\u00edmi technologiemi ve v\u00fdrob\u011b ovocn\u00fdch \u0161\u0165\u00e1v jsou garanc\u00ed \u0161pi\u010dkov\u00e9 kvality a jedine\u010dn\u00e9 chuti. D\u017eusy a nektary Granini jsou 100% p\u0159\u00edrodn\u00ed, neobsahuj\u00ed chemick\u00e9 konzervanty, barviva ani um\u011bl\u00e1 sladidla.<\/p>\n<p>Objem: 1l<\/p>\n","protected":false},"featured_media":2463,"template":"","meta":[],"product_cat":[49],"product_tag":[],"acf":[],"yoast_head":"<!-- This site is optimized with the Yoast SEO Premium plugin v15.2.1 - https:\/\/yoast.com\/wordpress\/plugins\/seo\/ -->\n<meta name=\"description\" content=\"Rozv\u00e1\u017e\u00edme n\u00e1poje po Praze 24 hodin, 7 dn\u016f v t\u00fddnu - NONSTOP\" \/>\n<meta name=\"robots\" content=\"index, follow, max-snippet:-1, max-image-preview:large, max-video-preview:-1\" \/>\n<link rel=\"canonical\" href=\"https:\/\/www.party24.cz\/produkt\/granini-pomeranc-1l\/\" \/>\n<meta property=\"og:locale\" content=\"en_US\" \/>\n<meta property=\"og:type\" content=\"article\" \/>\n<meta property=\"og:title\" content=\"Rozvoz Praha 24\/7\" \/>\n<meta property=\"og:description\" content=\"Rozv\u00e1\u017e\u00edme n\u00e1poje po Praze 24 hodin, 7 dn\u016f v t\u00fddnu - NONSTOP\" \/>\n<meta property=\"og:url\" content=\"https:\/\/www.party24.cz\/produkt\/granini-pomeranc-1l\/\" \/>\n<meta property=\"og:site_name\" content=\"Party24\" \/>\n<meta property=\"article:publisher\" content=\"https:\/\/www.facebook.com\/party24.cz\" \/>\n<meta property=\"article:modified_time\" content=\"2025-03-01T14:59:19+00:00\" \/>\n<meta property=\"og:image\" content=\"https:\/\/www.party24.cz\/wp-content\/uploads\/2022\/07\/Granini-pomeranc-1l.jpg\" \/>\n\t<meta property=\"og:image:width\" content=\"1200\" \/>\n\t<meta property=\"og:image:height\" content=\"1200\" \/>\n<meta name=\"twitter:card\" content=\"summary_large_image\" \/>\n<meta name=\"twitter:label1\" content=\"Written by\">\n\t<meta name=\"twitter:data1\" content=\"Filip V\u00e1rt\u00e1s\">\n<script type=\"application\/ld+json\" class=\"yoast-schema-graph\">{\"@context\":\"https:\/\/schema.org\",\"@graph\":[{\"@type\":\"Organization\",\"@id\":\"https:\/\/www.party24.cz\/#organization\",\"name\":\"Party 24\",\"url\":\"https:\/\/www.party24.cz\/\",\"sameAs\":[\"https:\/\/www.facebook.com\/party24.cz\",\"https:\/\/www.instagram.com\/party24.cz\/\",\"https:\/\/www.youtube.com\/@party2457\"],\"logo\":{\"@type\":\"ImageObject\",\"@id\":\"https:\/\/www.party24.cz\/#logo\",\"inLanguage\":\"en-US\",\"url\":\"https:\/\/www.party24.cz\/wp-content\/uploads\/2022\/05\/logo_180x180.png\",\"width\":180,\"height\":180,\"caption\":\"Party 24\"},\"image\":{\"@id\":\"https:\/\/www.party24.cz\/#logo\"}},{\"@type\":\"WebSite\",\"@id\":\"https:\/\/www.party24.cz\/#website\",\"url\":\"https:\/\/www.party24.cz\/\",\"name\":\"Party24\",\"description\":\"Nonstop rozvoz alkoholu v Praze\",\"publisher\":{\"@id\":\"https:\/\/www.party24.cz\/#organization\"},\"potentialAction\":[{\"@type\":\"SearchAction\",\"target\":\"https:\/\/www.party24.cz\/?s={search_term_string}\",\"query-input\":\"required name=search_term_string\"}],\"inLanguage\":\"en-US\"},{\"@type\":\"ImageObject\",\"@id\":\"https:\/\/www.party24.cz\/produkt\/granini-pomeranc-1l\/#primaryimage\",\"inLanguage\":\"en-US\",\"url\":\"https:\/\/www.party24.cz\/wp-content\/uploads\/2022\/07\/Granini-pomeranc-1l.jpg\",\"width\":1200,\"height\":1200},{\"@type\":\"WebPage\",\"@id\":\"https:\/\/www.party24.cz\/produkt\/granini-pomeranc-1l\/#webpage\",\"url\":\"https:\/\/www.party24.cz\/produkt\/granini-pomeranc-1l\/\",\"name\":\"Rozvoz Praha 24\/7\",\"isPartOf\":{\"@id\":\"https:\/\/www.party24.cz\/#website\"},\"primaryImageOfPage\":{\"@id\":\"https:\/\/www.party24.cz\/produkt\/granini-pomeranc-1l\/#primaryimage\"},\"datePublished\":\"2022-07-15T07:02:01+00:00\",\"dateModified\":\"2025-03-01T14:59:19+00:00\",\"description\":\"Rozv\\u00e1\\u017e\\u00edme n\\u00e1poje po Praze 24 hodin, 7 dn\\u016f v t\\u00fddnu - NONSTOP\",\"inLanguage\":\"en-US\",\"potentialAction\":[{\"@type\":\"ReadAction\",\"target\":[\"https:\/\/www.party24.cz\/produkt\/granini-pomeranc-1l\/\"]}]}]}<\/script>\n<!-- \/ Yoast SEO Premium plugin. -->","_links":{"self":[{"href":"https:\/\/www.party24.cz\/en\/wp-json\/wp\/v2\/product\/2347"}],"collection":[{"href":"https:\/\/www.party24.cz\/en\/wp-json\/wp\/v2\/product"}],"about":[{"href":"https:\/\/www.party24.cz\/en\/wp-json\/wp\/v2\/types\/product"}],"wp:featuredmedia":[{"embeddable":true,"href":"https:\/\/www.party24.cz\/en\/wp-json\/wp\/v2\/media\/2463"}],"wp:attachment":[{"href":"https:\/\/www.party24.cz\/en\/wp-json\/wp\/v2\/media?parent=2347"}],"wp:term":[{"taxonomy":"product_cat","embeddable":true,"href":"https:\/\/www.party24.cz\/en\/wp-json\/wp\/v2\/product_cat?post=2347"},{"taxonomy":"product_tag","embeddable":true,"href":"https:\/\/www.party24.cz\/en\/wp-json\/wp\/v2\/product_tag?post=2347"}],"curies":[{"name":"wp","href":"https:\/\/api.w.org\/{rel}","templated":true}]}}