{"id":22239,"date":"2026-04-02T17:59:48","date_gmt":"2026-04-02T15:59:48","guid":{"rendered":"https:\/\/www.party24.cz\/?post_type=product&#038;p=22239"},"modified":"2026-04-03T23:53:04","modified_gmt":"2026-04-03T21:53:04","slug":"kvety-thc-x","status":"publish","type":"product","link":"https:\/\/www.party24.cz\/en\/produkt\/kvety-thc-x\/","title":{"rendered":"Kv\u011bty &#8211; OG Kush THC-x 3g &#8211; nonstop rozvoz"},"content":{"rendered":"<p data-start=\"59\" data-end=\"318\">THC-x kv\u011bt p\u0159edstavuje modern\u00ed kategorii konopn\u00fdch kv\u011bt\u016f s obsahem kanabinoid\u016f a\u017e 95 %. Jedn\u00e1 se o 100% p\u0159\u00edrodn\u00ed a laboratorn\u011b testovan\u00fd produkt z certifikovan\u00fdch EU farem. D\u00edky \u0161irok\u00e9 nab\u00eddce v\u00edce ne\u017e 15 odr\u016fd si vybere ka\u017ed\u00fd podle preferovan\u00e9 chuti i aroma.<\/p>\n<p data-start=\"320\" data-end=\"510\">K dispozici je <strong data-start=\"335\" data-end=\"359\">nonstop rozvoz Praha<\/strong> s doru\u010den\u00edm u\u017e do 24 hodin, p\u0159\u00edpadn\u011b doru\u010den\u00ed do 2 dn\u00ed po cel\u00e9 \u010cR. Objedn\u00e1vky jsou diskr\u00e9tn\u011b baleny a lze je pohodln\u011b zaplatit kartou nebo na dob\u00edrku.<\/p>\n","protected":false},"excerpt":{"rendered":"<p><strong>THC-x<\/strong> kv\u011bt je nov\u00e1 generace konopn\u00fdch produkt\u016f s a\u017e 95 % kanabinoid\u016f. Objevte kvalitn\u00ed thc-x kv\u011bt<strong> s nonstop rozvozem<\/strong> Praha a doru\u010den\u00edm do 2 dn\u00ed po cel\u00e9 \u010cR.<\/p>\n","protected":false},"featured_media":22244,"template":"","meta":[],"product_cat":[106],"product_tag":[],"acf":[],"yoast_head":"<!-- This site is optimized with the Yoast SEO Premium plugin v15.2.1 - https:\/\/yoast.com\/wordpress\/plugins\/seo\/ -->\n<meta name=\"description\" content=\"THC-x kv\u011bt je nov\u00e1 generace konopn\u00fdch produkt\u016f s a\u017e 95 % kanabinoid\u016f. Objevte leg\u00e1ln\u00ed thc-x kv\u011bt s nonstop rozvozem Praha a doru\u010den\u00edm do 2 dn\u00ed po cel\u00e9 \u010cR.\" \/>\n<meta name=\"robots\" content=\"index, follow, max-snippet:-1, max-image-preview:large, max-video-preview:-1\" \/>\n<link rel=\"canonical\" href=\"https:\/\/www.party24.cz\/produkt\/kvety-thc-x\/\" \/>\n<meta property=\"og:locale\" content=\"en_US\" \/>\n<meta property=\"og:type\" content=\"article\" \/>\n<meta property=\"og:title\" content=\"Kv\u011bty - OG Kush THC-x 3g - nonstop rozvoz - Nonstop Rozvoz Praha\" \/>\n<meta property=\"og:description\" content=\"THC-x kv\u011bt je nov\u00e1 generace konopn\u00fdch produkt\u016f s a\u017e 95 % kanabinoid\u016f. Objevte leg\u00e1ln\u00ed thc-x kv\u011bt s nonstop rozvozem Praha a doru\u010den\u00edm do 2 dn\u00ed po cel\u00e9 \u010cR.\" \/>\n<meta property=\"og:url\" content=\"https:\/\/www.party24.cz\/produkt\/kvety-thc-x\/\" \/>\n<meta property=\"og:site_name\" content=\"Party24\" \/>\n<meta property=\"article:publisher\" content=\"https:\/\/www.facebook.com\/party24.cz\" \/>\n<meta property=\"article:modified_time\" content=\"2026-04-03T21:53:04+00:00\" \/>\n<meta property=\"og:image\" content=\"https:\/\/www.party24.cz\/wp-content\/uploads\/2026\/04\/IMG_5775-e1775146853921.jpg\" \/>\n\t<meta property=\"og:image:width\" content=\"876\" \/>\n\t<meta property=\"og:image:height\" content=\"1223\" \/>\n<meta name=\"twitter:card\" content=\"summary_large_image\" \/>\n<meta name=\"twitter:label1\" content=\"Written by\">\n\t<meta name=\"twitter:data1\" content=\"Test Test\">\n\t<meta name=\"twitter:label2\" content=\"Est. reading time\">\n\t<meta name=\"twitter:data2\" content=\"0 minutes\">\n<script type=\"application\/ld+json\" class=\"yoast-schema-graph\">{\"@context\":\"https:\/\/schema.org\",\"@graph\":[{\"@type\":\"Organization\",\"@id\":\"https:\/\/www.party24.cz\/#organization\",\"name\":\"Party 24\",\"url\":\"https:\/\/www.party24.cz\/\",\"sameAs\":[\"https:\/\/www.facebook.com\/party24.cz\",\"https:\/\/www.instagram.com\/party24.cz\/\",\"https:\/\/www.youtube.com\/@party2457\"],\"logo\":{\"@type\":\"ImageObject\",\"@id\":\"https:\/\/www.party24.cz\/#logo\",\"inLanguage\":\"en-US\",\"url\":\"https:\/\/www.party24.cz\/wp-content\/uploads\/2022\/05\/logo_180x180.png\",\"width\":180,\"height\":180,\"caption\":\"Party 24\"},\"image\":{\"@id\":\"https:\/\/www.party24.cz\/#logo\"}},{\"@type\":\"WebSite\",\"@id\":\"https:\/\/www.party24.cz\/#website\",\"url\":\"https:\/\/www.party24.cz\/\",\"name\":\"Party24\",\"description\":\"Nonstop rozvoz alkoholu v Praze\",\"publisher\":{\"@id\":\"https:\/\/www.party24.cz\/#organization\"},\"potentialAction\":[{\"@type\":\"SearchAction\",\"target\":\"https:\/\/www.party24.cz\/?s={search_term_string}\",\"query-input\":\"required name=search_term_string\"}],\"inLanguage\":\"en-US\"},{\"@type\":\"ImageObject\",\"@id\":\"https:\/\/www.party24.cz\/produkt\/kvety-thc-x\/#primaryimage\",\"inLanguage\":\"en-US\",\"url\":\"https:\/\/www.party24.cz\/wp-content\/uploads\/2026\/04\/IMG_5775-e1775146853921.jpg\",\"width\":876,\"height\":1223,\"caption\":\"Screenshot\"},{\"@type\":\"WebPage\",\"@id\":\"https:\/\/www.party24.cz\/produkt\/kvety-thc-x\/#webpage\",\"url\":\"https:\/\/www.party24.cz\/produkt\/kvety-thc-x\/\",\"name\":\"Kv\\u011bty - OG Kush THC-x 3g - nonstop rozvoz - Nonstop Rozvoz Praha\",\"isPartOf\":{\"@id\":\"https:\/\/www.party24.cz\/#website\"},\"primaryImageOfPage\":{\"@id\":\"https:\/\/www.party24.cz\/produkt\/kvety-thc-x\/#primaryimage\"},\"datePublished\":\"2026-04-02T15:59:48+00:00\",\"dateModified\":\"2026-04-03T21:53:04+00:00\",\"description\":\"THC-x kv\\u011bt je nov\\u00e1 generace konopn\\u00fdch produkt\\u016f s a\\u017e 95 % kanabinoid\\u016f. Objevte leg\\u00e1ln\\u00ed thc-x kv\\u011bt s nonstop rozvozem Praha a doru\\u010den\\u00edm do 2 dn\\u00ed po cel\\u00e9 \\u010cR.\",\"inLanguage\":\"en-US\",\"potentialAction\":[{\"@type\":\"ReadAction\",\"target\":[\"https:\/\/www.party24.cz\/produkt\/kvety-thc-x\/\"]}]}]}<\/script>\n<!-- \/ Yoast SEO Premium plugin. -->","_links":{"self":[{"href":"https:\/\/www.party24.cz\/en\/wp-json\/wp\/v2\/product\/22239"}],"collection":[{"href":"https:\/\/www.party24.cz\/en\/wp-json\/wp\/v2\/product"}],"about":[{"href":"https:\/\/www.party24.cz\/en\/wp-json\/wp\/v2\/types\/product"}],"wp:featuredmedia":[{"embeddable":true,"href":"https:\/\/www.party24.cz\/en\/wp-json\/wp\/v2\/media\/22244"}],"wp:attachment":[{"href":"https:\/\/www.party24.cz\/en\/wp-json\/wp\/v2\/media?parent=22239"}],"wp:term":[{"taxonomy":"product_cat","embeddable":true,"href":"https:\/\/www.party24.cz\/en\/wp-json\/wp\/v2\/product_cat?post=22239"},{"taxonomy":"product_tag","embeddable":true,"href":"https:\/\/www.party24.cz\/en\/wp-json\/wp\/v2\/product_tag?post=22239"}],"curies":[{"name":"wp","href":"https:\/\/api.w.org\/{rel}","templated":true}]}}