{"id":21899,"date":"2026-03-13T19:27:25","date_gmt":"2026-03-13T18:27:25","guid":{"rendered":"https:\/\/www.party24.cz\/?post_type=product&#038;p=21899"},"modified":"2026-03-17T16:19:35","modified_gmt":"2026-03-17T15:19:35","slug":"hhc-bonbony-gummies","status":"publish","type":"product","link":"https:\/\/www.party24.cz\/en\/produkt\/hhc-bonbony-gummies\/","title":{"rendered":"Gummies"},"content":{"rendered":"<p data-start=\"277\" data-end=\"541\"><strong data-start=\"277\" data-end=\"292\">Magic Mix gummies <\/strong>nebo-li <strong>Magic Mix bonbony<\/strong> jsou jednou z nejpopul\u00e1rn\u011bj\u0161\u00edch forem u\u017e\u00edv\u00e1n\u00ed podobn\u00e9 HHC. Tyto sladk\u00e9<strong data-start=\"368\" data-end=\"383\">\u00a0bonbony<\/strong> kombinuj\u00ed p\u0159\u00edjemnou chu\u0165 s jednoduch\u00fdm d\u00e1vkov\u00e1n\u00edm a postupn\u00fdm n\u00e1stupem \u00fa\u010dinku.<\/p>\n<p data-start=\"543\" data-end=\"684\">Magic MIx gummies vypadaj\u00ed jako klasick\u00e9 \u017eel\u00e9 bonbony. D\u00edky tomu je jejich u\u017e\u00edv\u00e1n\u00ed pohodln\u00e9 a diskr\u00e9tn\u00ed.<\/p>\n<p data-start=\"543\" data-end=\"684\">V balen\u00ed 5 ks<\/p>\n","protected":false},"excerpt":{"rendered":"<p><strong>Pr\u00e9miov\u00e9 kv\u011bty Smaragd &#8211; su\u0161en\u00e9 mrazem!<\/strong><\/p>\n<p>Vyzkou\u0161ejte na\u0161i novinku a poznejte rozd\u00edl, kter\u00fd p\u0159in\u00e1\u0161\u00ed kvalitn\u00ed <strong>indoor CBD<\/strong> ve spojen\u00ed s inovativn\u00edm 10-OH-HHC.<\/p>\n","protected":false},"featured_media":21906,"template":"","meta":[],"product_cat":[106],"product_tag":[],"acf":[],"yoast_head":"<!-- This site is optimized with the Yoast SEO Premium plugin v15.2.1 - https:\/\/yoast.com\/wordpress\/plugins\/seo\/ -->\n<meta name=\"description\" content=\"HHC gummies jsou jednou z nejpopul\u00e1rn\u011bj\u0161\u00edch forem HHC. Tyto sladk\u00e9 HHC bonbony kombinuj\u00ed p\u0159\u00edjemn\u00e9 chut\u011b. Rozv\u00e1\u017e\u00edme 24 hodin 7 dn\u00ed v t\u00fddnu.\" \/>\n<meta name=\"robots\" content=\"index, follow, max-snippet:-1, max-image-preview:large, max-video-preview:-1\" \/>\n<link rel=\"canonical\" href=\"https:\/\/www.party24.cz\/produkt\/hhc-bonbony-gummies\/\" \/>\n<meta property=\"og:locale\" content=\"en_US\" \/>\n<meta property=\"og:type\" content=\"article\" \/>\n<meta property=\"og:title\" content=\"HHC Gummies - HHC Bonbony - Nonstop Rozvoz Praha | Party24.cz\" \/>\n<meta property=\"og:description\" content=\"HHC gummies jsou jednou z nejpopul\u00e1rn\u011bj\u0161\u00edch forem HHC. Tyto sladk\u00e9 HHC bonbony kombinuj\u00ed p\u0159\u00edjemn\u00e9 chut\u011b. Rozv\u00e1\u017e\u00edme 24 hodin 7 dn\u00ed v t\u00fddnu.\" \/>\n<meta property=\"og:url\" content=\"https:\/\/www.party24.cz\/produkt\/hhc-bonbony-gummies\/\" \/>\n<meta property=\"og:site_name\" content=\"Party24\" \/>\n<meta property=\"article:publisher\" content=\"https:\/\/www.facebook.com\/party24.cz\" \/>\n<meta property=\"article:modified_time\" content=\"2026-03-17T15:19:35+00:00\" \/>\n<meta property=\"og:image\" content=\"https:\/\/www.party24.cz\/wp-content\/uploads\/2026\/03\/IMG_5300-e1773427306855.jpg\" \/>\n\t<meta property=\"og:image:width\" content=\"1179\" \/>\n\t<meta property=\"og:image:height\" content=\"1079\" \/>\n<meta name=\"twitter:card\" content=\"summary_large_image\" \/>\n<meta name=\"twitter:label1\" content=\"Written by\">\n\t<meta name=\"twitter:data1\" content=\"Test Test\">\n\t<meta name=\"twitter:label2\" content=\"Est. reading time\">\n\t<meta name=\"twitter:data2\" content=\"0 minutes\">\n<script type=\"application\/ld+json\" class=\"yoast-schema-graph\">{\"@context\":\"https:\/\/schema.org\",\"@graph\":[{\"@type\":\"Organization\",\"@id\":\"https:\/\/www.party24.cz\/#organization\",\"name\":\"Party 24\",\"url\":\"https:\/\/www.party24.cz\/\",\"sameAs\":[\"https:\/\/www.facebook.com\/party24.cz\",\"https:\/\/www.instagram.com\/party24.cz\/\",\"https:\/\/www.youtube.com\/@party2457\"],\"logo\":{\"@type\":\"ImageObject\",\"@id\":\"https:\/\/www.party24.cz\/#logo\",\"inLanguage\":\"en-US\",\"url\":\"https:\/\/www.party24.cz\/wp-content\/uploads\/2022\/05\/logo_180x180.png\",\"width\":180,\"height\":180,\"caption\":\"Party 24\"},\"image\":{\"@id\":\"https:\/\/www.party24.cz\/#logo\"}},{\"@type\":\"WebSite\",\"@id\":\"https:\/\/www.party24.cz\/#website\",\"url\":\"https:\/\/www.party24.cz\/\",\"name\":\"Party24\",\"description\":\"Nonstop rozvoz alkoholu v Praze\",\"publisher\":{\"@id\":\"https:\/\/www.party24.cz\/#organization\"},\"potentialAction\":[{\"@type\":\"SearchAction\",\"target\":\"https:\/\/www.party24.cz\/?s={search_term_string}\",\"query-input\":\"required name=search_term_string\"}],\"inLanguage\":\"en-US\"},{\"@type\":\"ImageObject\",\"@id\":\"https:\/\/www.party24.cz\/produkt\/hhc-bonbony-gummies\/#primaryimage\",\"inLanguage\":\"en-US\",\"url\":\"https:\/\/www.party24.cz\/wp-content\/uploads\/2026\/03\/IMG_5300-e1773427306855.jpg\",\"width\":1179,\"height\":1079,\"caption\":\"Screenshot\"},{\"@type\":\"WebPage\",\"@id\":\"https:\/\/www.party24.cz\/produkt\/hhc-bonbony-gummies\/#webpage\",\"url\":\"https:\/\/www.party24.cz\/produkt\/hhc-bonbony-gummies\/\",\"name\":\"HHC Gummies - HHC Bonbony - Nonstop Rozvoz Praha | Party24.cz\",\"isPartOf\":{\"@id\":\"https:\/\/www.party24.cz\/#website\"},\"primaryImageOfPage\":{\"@id\":\"https:\/\/www.party24.cz\/produkt\/hhc-bonbony-gummies\/#primaryimage\"},\"datePublished\":\"2026-03-13T18:27:25+00:00\",\"dateModified\":\"2026-03-17T15:19:35+00:00\",\"description\":\"HHC gummies jsou jednou z nejpopul\\u00e1rn\\u011bj\\u0161\\u00edch forem HHC. Tyto sladk\\u00e9 HHC bonbony kombinuj\\u00ed p\\u0159\\u00edjemn\\u00e9 chut\\u011b. Rozv\\u00e1\\u017e\\u00edme 24 hodin 7 dn\\u00ed v t\\u00fddnu.\",\"inLanguage\":\"en-US\",\"potentialAction\":[{\"@type\":\"ReadAction\",\"target\":[\"https:\/\/www.party24.cz\/produkt\/hhc-bonbony-gummies\/\"]}]}]}<\/script>\n<!-- \/ Yoast SEO Premium plugin. -->","_links":{"self":[{"href":"https:\/\/www.party24.cz\/en\/wp-json\/wp\/v2\/product\/21899"}],"collection":[{"href":"https:\/\/www.party24.cz\/en\/wp-json\/wp\/v2\/product"}],"about":[{"href":"https:\/\/www.party24.cz\/en\/wp-json\/wp\/v2\/types\/product"}],"wp:featuredmedia":[{"embeddable":true,"href":"https:\/\/www.party24.cz\/en\/wp-json\/wp\/v2\/media\/21906"}],"wp:attachment":[{"href":"https:\/\/www.party24.cz\/en\/wp-json\/wp\/v2\/media?parent=21899"}],"wp:term":[{"taxonomy":"product_cat","embeddable":true,"href":"https:\/\/www.party24.cz\/en\/wp-json\/wp\/v2\/product_cat?post=21899"},{"taxonomy":"product_tag","embeddable":true,"href":"https:\/\/www.party24.cz\/en\/wp-json\/wp\/v2\/product_tag?post=21899"}],"curies":[{"name":"wp","href":"https:\/\/api.w.org\/{rel}","templated":true}]}}