{"id":18743,"date":"2025-09-30T15:21:19","date_gmt":"2025-09-30T13:21:19","guid":{"rendered":"https:\/\/www.party24.cz\/?post_type=product&#038;p=18743"},"modified":"2025-11-29T14:41:02","modified_gmt":"2025-11-29T13:41:02","slug":"drt-magic-mix","status":"publish","type":"product","link":"https:\/\/www.party24.cz\/en\/produkt\/drt-magic-mix\/","title":{"rendered":"Dr\u0165 &#8211; Magic Mix"},"content":{"rendered":"<p data-start=\"107\" data-end=\"157\"><strong data-start=\"107\" data-end=\"155\">Magic Mix Dr\u0165 10g \u2013 expresn\u00ed rozvoz po Praze<\/strong><\/p>\n<p data-start=\"159\" data-end=\"510\">Hled\u00e1te rychlou a spolehlivou slu\u017ebu pro doru\u010den\u00ed <strong data-start=\"209\" data-end=\"230\">Magic Mix Dr\u0165 10g<\/strong> v Praze? Jsme tady pro v\u00e1s nonstop! Nab\u00edz\u00edme expresn\u00ed rozvoz p\u0159\u00edmo k va\u0161im dve\u0159\u00edm. Na\u0161i kur\u00fd\u0159i jsou p\u0159ipraveni k okam\u017eit\u00e9mu v\u00fdjezdu a zajist\u00ed, \u017ee va\u0161e objedn\u00e1vka doraz\u00ed rychle a bezpe\u010dn\u011b. A\u0165 u\u017e je den nebo noc, s n\u00e1mi m\u00e1te jistotu, \u017ee v\u00e1\u0161 bal\u00ed\u010dek bude doru\u010den v\u010das a diskr\u00e9tn\u011b.<\/p>\n<hr data-start=\"512\" data-end=\"515\" \/>\n<h3 data-start=\"517\" data-end=\"566\">Co je Magic Mix Dr\u0165 10g a pro\u010d si ji vybrat<\/h3>\n<p data-start=\"567\" data-end=\"868\">Magic Mix Dr\u0165 je speci\u00e1ln\u00ed sm\u011bs prvot\u0159\u00eddn\u00edch kv\u011bt\u016f, kter\u00e9 jsou pe\u010dliv\u011b zpracovan\u00e9 do jemn\u00e9 drt\u011b. D\u00edky tomu je ide\u00e1ln\u00ed pro snadn\u00e9 a rychl\u00e9 pou\u017eit\u00ed bez nutnosti dal\u0161\u00ed \u00fapravy. Tento mix vynik\u00e1 svou intenzivn\u00ed v\u016fn\u00ed, vyv\u00e1\u017eenou chut\u00ed a obsahem \u00fa\u010dinn\u00fdch l\u00e1tek, kter\u00e9 poskytuj\u00ed siln\u00fd a dlouhotrvaj\u00edc\u00ed efekt.<\/p>\n<p data-start=\"870\" data-end=\"1118\">Sm\u011bs je vhodn\u00e1 pro ty, kte\u0159\u00ed cht\u011bj\u00ed vyzkou\u0161et kombinaci r\u016fzn\u00fdch druh\u016f v jedn\u00e9 d\u00e1vce a ocen\u00ed variabiln\u00ed \u00fa\u010dinky \u2013 od relaxa\u010dn\u00edch a\u017e po m\u00edrn\u011b povzbuzuj\u00edc\u00ed. Magic Mix Dr\u0165 se proto hod\u00ed jak na odpo\u010dinek po n\u00e1ro\u010dn\u00e9m dni, tak na chv\u00edle pohody s p\u0159\u00e1teli.<\/p>\n","protected":false},"excerpt":{"rendered":"<p data-start=\"107\" data-end=\"157\"><strong data-start=\"107\" data-end=\"155\">Magic Mix Dr\u0165 10g \u2013 expresn\u00ed rozvoz po Praze<\/strong><\/p>\n<p data-start=\"159\" data-end=\"510\">Hled\u00e1te rychlou a spolehlivou slu\u017ebu pro doru\u010den\u00ed <strong data-start=\"209\" data-end=\"230\">Magic Mix Dr\u0165 10g<\/strong> v Praze? Jsme tady pro v\u00e1s nonstop! Nab\u00edz\u00edme expresn\u00ed rozvoz p\u0159\u00edmo k va\u0161im dve\u0159\u00edm. Na\u0161i kur\u00fd\u0159i jsou p\u0159ipraveni k okam\u017eit\u00e9mu v\u00fdjezdu a zajist\u00ed, \u017ee va\u0161e objedn\u00e1vka doraz\u00ed rychle a bezpe\u010dn\u011b. A\u0165 u\u017e je den nebo noc, s n\u00e1mi m\u00e1te jistotu, \u017ee v\u00e1\u0161 bal\u00ed\u010dek bude doru\u010den v\u010das a diskr\u00e9tn\u011b.<\/p>\n<hr data-start=\"512\" data-end=\"515\" \/>\n<h3 data-start=\"517\" data-end=\"566\">Co je Magic Mix Dr\u0165 10g a pro\u010d si ji vybrat<\/h3>\n<p data-start=\"567\" data-end=\"868\">Magic Mix Dr\u0165 je speci\u00e1ln\u00ed sm\u011bs prvot\u0159\u00eddn\u00edch kv\u011bt\u016f, kter\u00e9 jsou pe\u010dliv\u011b zpracovan\u00e9 do jemn\u00e9 drt\u011b. D\u00edky tomu je ide\u00e1ln\u00ed pro snadn\u00e9 a rychl\u00e9 pou\u017eit\u00ed bez nutnosti dal\u0161\u00ed \u00fapravy. Tento mix vynik\u00e1 svou intenzivn\u00ed v\u016fn\u00ed, vyv\u00e1\u017eenou chut\u00ed a obsahem \u00fa\u010dinn\u00fdch l\u00e1tek, kter\u00e9 poskytuj\u00ed siln\u00fd a dlouhotrvaj\u00edc\u00ed efekt.<\/p>\n<p data-start=\"870\" data-end=\"1118\">Sm\u011bs je vhodn\u00e1 pro ty, kte\u0159\u00ed cht\u011bj\u00ed vyzkou\u0161et kombinaci r\u016fzn\u00fdch druh\u016f v jedn\u00e9 d\u00e1vce a ocen\u00ed variabiln\u00ed \u00fa\u010dinky \u2013 od relaxa\u010dn\u00edch a\u017e po m\u00edrn\u011b povzbuzuj\u00edc\u00ed. Magic Mix Dr\u0165 se proto hod\u00ed jak na odpo\u010dinek po n\u00e1ro\u010dn\u00e9m dni, tak na chv\u00edle pohody s p\u0159\u00e1teli.<\/p>\n","protected":false},"featured_media":18741,"template":"","meta":[],"product_cat":[106],"product_tag":[],"acf":[],"yoast_head":"<!-- This site is optimized with the Yoast SEO Premium plugin v15.2.1 - https:\/\/yoast.com\/wordpress\/plugins\/seo\/ -->\n<meta name=\"description\" content=\"Rychl\u00e9 doru\u010den\u00ed Magic Mix Dr\u0165 10g nonstop v Praze. Sm\u011bs prvot\u0159\u00eddn\u00edch kv\u011bt\u016f, kter\u00e9 jsou pe\u010dliv\u011b zpracovan\u00e9 do jemn\u00e9 drt\u011b.\" \/>\n<meta name=\"robots\" content=\"index, follow, max-snippet:-1, max-image-preview:large, max-video-preview:-1\" \/>\n<link rel=\"canonical\" href=\"https:\/\/www.party24.cz\/produkt\/drt-magic-mix\/\" \/>\n<meta property=\"og:locale\" content=\"en_US\" \/>\n<meta property=\"og:type\" content=\"article\" \/>\n<meta property=\"og:title\" content=\"Dr\u0165 - Magic Mix - Nonstop Rozvoz Praha - Party24\" \/>\n<meta property=\"og:description\" content=\"Rychl\u00e9 doru\u010den\u00ed Magic Mix Dr\u0165 10g nonstop v Praze. Sm\u011bs prvot\u0159\u00eddn\u00edch kv\u011bt\u016f, kter\u00e9 jsou pe\u010dliv\u011b zpracovan\u00e9 do jemn\u00e9 drt\u011b.\" \/>\n<meta property=\"og:url\" content=\"https:\/\/www.party24.cz\/produkt\/drt-magic-mix\/\" \/>\n<meta property=\"og:site_name\" content=\"Party24\" \/>\n<meta property=\"article:publisher\" content=\"https:\/\/www.facebook.com\/party24.cz\" \/>\n<meta property=\"article:modified_time\" content=\"2025-11-29T13:41:02+00:00\" \/>\n<meta property=\"og:image\" content=\"https:\/\/www.party24.cz\/wp-content\/uploads\/2025\/09\/IMG_8426-e1759238735519.jpg\" \/>\n\t<meta property=\"og:image:width\" content=\"1025\" \/>\n\t<meta property=\"og:image:height\" content=\"874\" \/>\n<meta name=\"twitter:card\" content=\"summary_large_image\" \/>\n<meta name=\"twitter:label1\" content=\"Written by\">\n\t<meta name=\"twitter:data1\" content=\"Test Test\">\n\t<meta name=\"twitter:label2\" content=\"Est. reading time\">\n\t<meta name=\"twitter:data2\" content=\"1 minutes\">\n<script type=\"application\/ld+json\" class=\"yoast-schema-graph\">{\"@context\":\"https:\/\/schema.org\",\"@graph\":[{\"@type\":\"Organization\",\"@id\":\"https:\/\/www.party24.cz\/#organization\",\"name\":\"Party 24\",\"url\":\"https:\/\/www.party24.cz\/\",\"sameAs\":[\"https:\/\/www.facebook.com\/party24.cz\",\"https:\/\/www.instagram.com\/party24.cz\/\",\"https:\/\/www.youtube.com\/@party2457\"],\"logo\":{\"@type\":\"ImageObject\",\"@id\":\"https:\/\/www.party24.cz\/#logo\",\"inLanguage\":\"en-US\",\"url\":\"https:\/\/www.party24.cz\/wp-content\/uploads\/2022\/05\/logo_180x180.png\",\"width\":180,\"height\":180,\"caption\":\"Party 24\"},\"image\":{\"@id\":\"https:\/\/www.party24.cz\/#logo\"}},{\"@type\":\"WebSite\",\"@id\":\"https:\/\/www.party24.cz\/#website\",\"url\":\"https:\/\/www.party24.cz\/\",\"name\":\"Party24\",\"description\":\"Nonstop rozvoz alkoholu v Praze\",\"publisher\":{\"@id\":\"https:\/\/www.party24.cz\/#organization\"},\"potentialAction\":[{\"@type\":\"SearchAction\",\"target\":\"https:\/\/www.party24.cz\/?s={search_term_string}\",\"query-input\":\"required name=search_term_string\"}],\"inLanguage\":\"en-US\"},{\"@type\":\"ImageObject\",\"@id\":\"https:\/\/www.party24.cz\/produkt\/drt-magic-mix\/#primaryimage\",\"inLanguage\":\"en-US\",\"url\":\"https:\/\/www.party24.cz\/wp-content\/uploads\/2025\/09\/IMG_8426-e1759238735519.jpg\",\"width\":1025,\"height\":874},{\"@type\":\"WebPage\",\"@id\":\"https:\/\/www.party24.cz\/produkt\/drt-magic-mix\/#webpage\",\"url\":\"https:\/\/www.party24.cz\/produkt\/drt-magic-mix\/\",\"name\":\"Dr\\u0165 - Magic Mix - Nonstop Rozvoz Praha - Party24\",\"isPartOf\":{\"@id\":\"https:\/\/www.party24.cz\/#website\"},\"primaryImageOfPage\":{\"@id\":\"https:\/\/www.party24.cz\/produkt\/drt-magic-mix\/#primaryimage\"},\"datePublished\":\"2025-09-30T13:21:19+00:00\",\"dateModified\":\"2025-11-29T13:41:02+00:00\",\"description\":\"Rychl\\u00e9 doru\\u010den\\u00ed Magic Mix Dr\\u0165 10g nonstop v Praze. Sm\\u011bs prvot\\u0159\\u00eddn\\u00edch kv\\u011bt\\u016f, kter\\u00e9 jsou pe\\u010dliv\\u011b zpracovan\\u00e9 do jemn\\u00e9 drt\\u011b.\",\"inLanguage\":\"en-US\",\"potentialAction\":[{\"@type\":\"ReadAction\",\"target\":[\"https:\/\/www.party24.cz\/produkt\/drt-magic-mix\/\"]}]}]}<\/script>\n<!-- \/ Yoast SEO Premium plugin. -->","_links":{"self":[{"href":"https:\/\/www.party24.cz\/en\/wp-json\/wp\/v2\/product\/18743"}],"collection":[{"href":"https:\/\/www.party24.cz\/en\/wp-json\/wp\/v2\/product"}],"about":[{"href":"https:\/\/www.party24.cz\/en\/wp-json\/wp\/v2\/types\/product"}],"wp:featuredmedia":[{"embeddable":true,"href":"https:\/\/www.party24.cz\/en\/wp-json\/wp\/v2\/media\/18741"}],"wp:attachment":[{"href":"https:\/\/www.party24.cz\/en\/wp-json\/wp\/v2\/media?parent=18743"}],"wp:term":[{"taxonomy":"product_cat","embeddable":true,"href":"https:\/\/www.party24.cz\/en\/wp-json\/wp\/v2\/product_cat?post=18743"},{"taxonomy":"product_tag","embeddable":true,"href":"https:\/\/www.party24.cz\/en\/wp-json\/wp\/v2\/product_tag?post=18743"}],"curies":[{"name":"wp","href":"https:\/\/api.w.org\/{rel}","templated":true}]}}