{"id":10044,"date":"2024-04-23T21:28:22","date_gmt":"2024-04-23T19:28:22","guid":{"rendered":"https:\/\/www.party24.cz\/?post_type=product&#038;p=10044"},"modified":"2025-05-13T09:10:33","modified_gmt":"2025-05-13T07:10:33","slug":"10-oh-hhc-p-white-widow-preroll-multipack","status":"publish","type":"product","link":"https:\/\/www.party24.cz\/en\/produkt\/10-oh-hhc-p-white-widow-preroll-multipack\/","title":{"rendered":"White Widow preroll &#8220;multipack&#8221;"},"content":{"rendered":"<p><strong>Pot\u0159ebujete rychl\u00e9 doru\u010den\u00ed HHC preroll joint\u016f v Praze?<\/strong> Na\u0161e slu\u017eba zaji\u0161\u0165uje nonstop rozvoz t\u011bchto p\u0159edem p\u0159ipraven\u00fdch joint\u016f p\u0159\u00edmo k va\u0161im dve\u0159\u00edm. Na\u0161i rozvozn\u00edci jsou p\u0159ipraveni k okam\u017eit\u00e9mu v\u00fdjezdu a zajist\u00ed, \u017ee va\u0161e objedn\u00e1vka bude doru\u010dena rychle a bezpe\u010dn\u011b. A\u0165 u\u017e je den nebo noc, n\u00e1\u0161 t\u00fdm je p\u0159ipraven splnit va\u0161e pot\u0159eby a dodat v\u00e1m HHC preroll jointy, kdy\u017e je pot\u0159ebujete nejv\u00edce.<\/p>\n<h3>Co jsou to 10-OH-HHC Preroll Jointy a Jak\u00e9 maj\u00ed \u00da\u010dinky<\/h3>\n<p>HHC preroll jointy jsou p\u0159edem namotan\u00e9 jointy obsahuj\u00edc\u00ed 10-OH HHC, kter\u00e9 jsou p\u0159ipraveny k okam\u017eit\u00e9mu pou\u017eit\u00ed. 10-OH HHC, neboli hexahydrokanabinol, je modifikovan\u00e1 forma THC, kter\u00e1 poskytuje podobn\u00e9 \u00fa\u010dinky, av\u0161ak s ni\u017e\u0161\u00edm rizikem siln\u00fdch psychoaktivn\u00edch reakc\u00ed. Tyto jointy nab\u00edz\u00ed pohodln\u00fd a snadn\u00fd zp\u016fsob, jak u\u017e\u00edvat konop\u00ed, ide\u00e1ln\u00ed pro rekrea\u010dn\u00ed u\u017eivatele i ty, kte\u0159\u00ed hledaj\u00ed terapeutick\u00e9 v\u00fdhody bez pot\u0159eby vlastn\u00ed p\u0159\u00edpravy. 10-OH-HHC preroll jointy jsou obzvl\u00e1\u0161t\u011b obl\u00edben\u00e9 d\u00edky sv\u00e9 konzistentn\u00ed kvalit\u011b a standardizovan\u00e9mu d\u00e1vkov\u00e1n\u00ed, co\u017e u\u017eivatel\u016fm umo\u017e\u0148uje lep\u0161\u00ed kontrolu nad mno\u017estv\u00edm a \u00fa\u010dinky.<\/p>\n<h3>Historie a Popul\u00e1rnost Preroll Joint\u016f<\/h3>\n<p>Preroll jointy se staly popul\u00e1rn\u00edmi v komunit\u011b konop\u00ed jako pohodln\u00e1 alternativa k tradi\u010dn\u00edmu mot\u00e1n\u00ed joint\u016f. Tato p\u0159edmotan\u00e1 forma umo\u017e\u0148uje u\u017eivatel\u016fm okam\u017eit\u011b vyu\u017e\u00edvat v\u00fdhody konop\u00ed bez pot\u0159eby zdlouhav\u00e9 p\u0159\u00edpravy nebo speci\u00e1ln\u00edch dovednost\u00ed. Historie preroll joint\u016f sah\u00e1 do doby, kdy dispensary a prodejny za\u010daly nab\u00edzet tyto p\u0159edem p\u0159ipraven\u00e9 produkty jako zp\u016fsob, jak usnadnit p\u0159\u00edstup k konop\u00ed. V dne\u0161n\u00ed dob\u011b, s rostouc\u00edm z\u00e1jmem o r\u016fzn\u00e9 formy konop\u00ed a kanabinoidy, jako je HHC, preroll jointy z\u00edsk\u00e1vaj\u00ed na oblib\u011b d\u00edky sv\u00e9 vysok\u00e9 kvalit\u011b, konzistenci a snadn\u00e9mu pou\u017eit\u00ed, co\u017e \u010din\u00ed z nich ide\u00e1ln\u00ed volbu pro nov\u00e1\u010dky i zku\u0161en\u00e9 u\u017eivatele.<\/p>\n<p>Pr\u00e9miov\u00e1 kolekce ru\u010dn\u011b vyr\u00e1b\u011bn\u00fdch joint\u016f s vybran\u00fdm konop\u00edm a 10-OH-HHC<\/p>\n<p>Rozvoz HHC Praha Nonstop<\/p>\n<p>Jednotkov\u00e1 v\u00e1ha: 1,4g<\/p>\n","protected":false},"excerpt":{"rendered":"<p><strong>Pot\u0159ebujete rychl\u00e9 doru\u010den\u00ed HHC preroll joint\u016f v Praze?<\/strong> Na\u0161e slu\u017eba zaji\u0161\u0165uje nonstop rozvoz t\u011bchto p\u0159edem p\u0159ipraven\u00fdch joint\u016f p\u0159\u00edmo k va\u0161im dve\u0159\u00edm. Na\u0161i rozvozn\u00edci jsou p\u0159ipraveni k okam\u017eit\u00e9mu v\u00fdjezdu a zajist\u00ed, \u017ee va\u0161e objedn\u00e1vka bude doru\u010dena rychle a bezpe\u010dn\u011b. A\u0165 u\u017e je den nebo noc, n\u00e1\u0161 t\u00fdm je p\u0159ipraven splnit va\u0161e pot\u0159eby a dodat v\u00e1m HHC preroll jointy, kdy\u017e je pot\u0159ebujete nejv\u00edce.<\/p>\n<h3>Co jsou to HHC Preroll Jointy a Jak\u00e9 maj\u00ed \u00da\u010dinky<\/h3>\n<p>HHC preroll jointy jsou p\u0159edem namotan\u00e9 jointy obsahuj\u00edc\u00ed HHC, kter\u00e9 jsou p\u0159ipraveny k okam\u017eit\u00e9mu pou\u017eit\u00ed. HHC, neboli hexahydrokanabinol, je modifikovan\u00e1 forma THC, kter\u00e1 poskytuje podobn\u00e9 \u00fa\u010dinky, av\u0161ak s ni\u017e\u0161\u00edm rizikem siln\u00fdch psychoaktivn\u00edch reakc\u00ed. Tyto jointy nab\u00edz\u00ed pohodln\u00fd a snadn\u00fd zp\u016fsob, jak u\u017e\u00edvat konop\u00ed, ide\u00e1ln\u00ed pro rekrea\u010dn\u00ed u\u017eivatele i ty, kte\u0159\u00ed hledaj\u00ed terapeutick\u00e9 v\u00fdhody bez pot\u0159eby vlastn\u00ed p\u0159\u00edpravy. HHC preroll jointy jsou obzvl\u00e1\u0161t\u011b obl\u00edben\u00e9 d\u00edky sv\u00e9 konzistentn\u00ed kvalit\u011b a standardizovan\u00e9mu d\u00e1vkov\u00e1n\u00ed, co\u017e u\u017eivatel\u016fm umo\u017e\u0148uje lep\u0161\u00ed kontrolu nad mno\u017estv\u00edm a \u00fa\u010dinky.<\/p>\n<h3>Historie a Popul\u00e1rnost Preroll Joint\u016f<\/h3>\n<p>Preroll jointy se staly popul\u00e1rn\u00edmi v komunit\u011b konop\u00ed jako pohodln\u00e1 alternativa k tradi\u010dn\u00edmu mot\u00e1n\u00ed joint\u016f. Tato p\u0159edmotan\u00e1 forma umo\u017e\u0148uje u\u017eivatel\u016fm okam\u017eit\u011b vyu\u017e\u00edvat v\u00fdhody konop\u00ed bez pot\u0159eby zdlouhav\u00e9 p\u0159\u00edpravy nebo speci\u00e1ln\u00edch dovednost\u00ed. Historie preroll joint\u016f sah\u00e1 do doby, kdy dispensary a prodejny za\u010daly nab\u00edzet tyto p\u0159edem p\u0159ipraven\u00e9 produkty jako zp\u016fsob, jak usnadnit p\u0159\u00edstup k konop\u00ed. V dne\u0161n\u00ed dob\u011b, s rostouc\u00edm z\u00e1jmem o r\u016fzn\u00e9 formy konop\u00ed a kanabinoidy, jako je HHC, preroll jointy z\u00edsk\u00e1vaj\u00ed na oblib\u011b d\u00edky sv\u00e9 vysok\u00e9 kvalit\u011b, konzistenci a snadn\u00e9mu pou\u017eit\u00ed, co\u017e \u010din\u00ed z nich ide\u00e1ln\u00ed volbu pro nov\u00e1\u010dky i zku\u0161en\u00e9 u\u017eivatele.<\/p>\n<p>Pr\u00e9miov\u00e1 kolekce ru\u010dn\u011b vyr\u00e1b\u011bn\u00fdch joint\u016f s vybran\u00fdm konop\u00edm a HHC-P<\/p>\n<p>Rozvoz HHC Praha Nonstop<\/p>\n<p>Jednotkov\u00e1 v\u00e1ha: 1,4g<\/p>\n","protected":false},"featured_media":9233,"template":"","meta":[],"product_cat":[106],"product_tag":[],"acf":[],"yoast_head":"<!-- This site is optimized with the Yoast SEO Premium plugin v15.2.1 - https:\/\/yoast.com\/wordpress\/plugins\/seo\/ -->\n<meta name=\"description\" content=\"Rychl\u00e9 doru\u010den\u00ed 10-OH-HHC preroll joint\u016f nonstop v Praze. Zjist\u011bte v\u00fdhody a historii p\u0159edem namotan\u00fdch joint\u016f HHC. Nonstop Rozvoz Praha.\" \/>\n<meta name=\"robots\" content=\"index, follow, max-snippet:-1, max-image-preview:large, max-video-preview:-1\" \/>\n<link rel=\"canonical\" href=\"https:\/\/www.party24.cz\/produkt\/10-oh-hhc-p-white-widow-preroll-multipack\/\" \/>\n<meta property=\"og:locale\" content=\"en_US\" \/>\n<meta property=\"og:type\" content=\"article\" \/>\n<meta property=\"og:title\" content=\"White Widow preroll &quot;multipack&quot; - Nonstop Rozvoz Praha - Party24\" \/>\n<meta property=\"og:description\" content=\"Rychl\u00e9 doru\u010den\u00ed 10-OH-HHC preroll joint\u016f nonstop v Praze. Zjist\u011bte v\u00fdhody a historii p\u0159edem namotan\u00fdch joint\u016f HHC. Nonstop Rozvoz Praha.\" \/>\n<meta property=\"og:url\" content=\"https:\/\/www.party24.cz\/produkt\/10-oh-hhc-p-white-widow-preroll-multipack\/\" \/>\n<meta property=\"og:site_name\" content=\"Party24\" \/>\n<meta property=\"article:publisher\" content=\"https:\/\/www.facebook.com\/party24.cz\" \/>\n<meta property=\"article:modified_time\" content=\"2025-05-13T07:10:33+00:00\" \/>\n<meta property=\"og:image\" content=\"https:\/\/www.party24.cz\/wp-content\/uploads\/2024\/02\/hhc_preroll_white_widow.jpg\" \/>\n\t<meta property=\"og:image:width\" content=\"1200\" \/>\n\t<meta property=\"og:image:height\" content=\"1200\" \/>\n<meta name=\"twitter:card\" content=\"summary_large_image\" \/>\n<meta name=\"twitter:label1\" content=\"Written by\">\n\t<meta name=\"twitter:data1\" content=\"Test Test\">\n\t<meta name=\"twitter:label2\" content=\"Est. reading time\">\n\t<meta name=\"twitter:data2\" content=\"1 minutes\">\n<script type=\"application\/ld+json\" class=\"yoast-schema-graph\">{\"@context\":\"https:\/\/schema.org\",\"@graph\":[{\"@type\":\"Organization\",\"@id\":\"https:\/\/www.party24.cz\/#organization\",\"name\":\"Party 24\",\"url\":\"https:\/\/www.party24.cz\/\",\"sameAs\":[\"https:\/\/www.facebook.com\/party24.cz\",\"https:\/\/www.instagram.com\/party24.cz\/\",\"https:\/\/www.youtube.com\/@party2457\"],\"logo\":{\"@type\":\"ImageObject\",\"@id\":\"https:\/\/www.party24.cz\/#logo\",\"inLanguage\":\"en-US\",\"url\":\"https:\/\/www.party24.cz\/wp-content\/uploads\/2022\/05\/logo_180x180.png\",\"width\":180,\"height\":180,\"caption\":\"Party 24\"},\"image\":{\"@id\":\"https:\/\/www.party24.cz\/#logo\"}},{\"@type\":\"WebSite\",\"@id\":\"https:\/\/www.party24.cz\/#website\",\"url\":\"https:\/\/www.party24.cz\/\",\"name\":\"Party24\",\"description\":\"Nonstop rozvoz alkoholu v Praze\",\"publisher\":{\"@id\":\"https:\/\/www.party24.cz\/#organization\"},\"potentialAction\":[{\"@type\":\"SearchAction\",\"target\":\"https:\/\/www.party24.cz\/?s={search_term_string}\",\"query-input\":\"required name=search_term_string\"}],\"inLanguage\":\"en-US\"},{\"@type\":\"ImageObject\",\"@id\":\"https:\/\/www.party24.cz\/produkt\/10-oh-hhc-p-white-widow-preroll-multipack\/#primaryimage\",\"inLanguage\":\"en-US\",\"url\":\"https:\/\/www.party24.cz\/wp-content\/uploads\/2024\/02\/hhc_preroll_white_widow.jpg\",\"width\":1200,\"height\":1200},{\"@type\":\"WebPage\",\"@id\":\"https:\/\/www.party24.cz\/produkt\/10-oh-hhc-p-white-widow-preroll-multipack\/#webpage\",\"url\":\"https:\/\/www.party24.cz\/produkt\/10-oh-hhc-p-white-widow-preroll-multipack\/\",\"name\":\"White Widow preroll \\\"multipack\\\" - Nonstop Rozvoz Praha - Party24\",\"isPartOf\":{\"@id\":\"https:\/\/www.party24.cz\/#website\"},\"primaryImageOfPage\":{\"@id\":\"https:\/\/www.party24.cz\/produkt\/10-oh-hhc-p-white-widow-preroll-multipack\/#primaryimage\"},\"datePublished\":\"2024-04-23T19:28:22+00:00\",\"dateModified\":\"2025-05-13T07:10:33+00:00\",\"description\":\"Rychl\\u00e9 doru\\u010den\\u00ed 10-OH-HHC preroll joint\\u016f nonstop v Praze. Zjist\\u011bte v\\u00fdhody a historii p\\u0159edem namotan\\u00fdch joint\\u016f HHC. Nonstop Rozvoz Praha.\",\"inLanguage\":\"en-US\",\"potentialAction\":[{\"@type\":\"ReadAction\",\"target\":[\"https:\/\/www.party24.cz\/produkt\/10-oh-hhc-p-white-widow-preroll-multipack\/\"]}]}]}<\/script>\n<!-- \/ Yoast SEO Premium plugin. -->","_links":{"self":[{"href":"https:\/\/www.party24.cz\/en\/wp-json\/wp\/v2\/product\/10044"}],"collection":[{"href":"https:\/\/www.party24.cz\/en\/wp-json\/wp\/v2\/product"}],"about":[{"href":"https:\/\/www.party24.cz\/en\/wp-json\/wp\/v2\/types\/product"}],"wp:featuredmedia":[{"embeddable":true,"href":"https:\/\/www.party24.cz\/en\/wp-json\/wp\/v2\/media\/9233"}],"wp:attachment":[{"href":"https:\/\/www.party24.cz\/en\/wp-json\/wp\/v2\/media?parent=10044"}],"wp:term":[{"taxonomy":"product_cat","embeddable":true,"href":"https:\/\/www.party24.cz\/en\/wp-json\/wp\/v2\/product_cat?post=10044"},{"taxonomy":"product_tag","embeddable":true,"href":"https:\/\/www.party24.cz\/en\/wp-json\/wp\/v2\/product_tag?post=10044"}],"curies":[{"name":"wp","href":"https:\/\/api.w.org\/{rel}","templated":true}]}}